{"id":7437,"date":"2023-09-07T13:25:42","date_gmt":"2023-09-07T13:25:42","guid":{"rendered":"https:\/\/pinedesign.nl\/product\/esstisch-mikado\/"},"modified":"2023-09-07T13:25:42","modified_gmt":"2023-09-07T13:25:42","slug":"esstisch-mikado","status":"publish","type":"product","link":"https:\/\/pinedesign.nl\/de\/product\/esstisch-mikado\/","title":{"rendered":"Esstisch Mikado"},"content":{"rendered":"<p>Dieser moderne Esstisch von Room108 besticht durch sein besonderes Design: eine d\u00e4nisch-ovale Tischplatte kombiniert mit einem Mikado-Gestell. Die d\u00e4nisch-ovale Form verleiht dem Tisch das gewisse Extra und die bronzefarbene Lackierung des Gestells macht ihn zum echten Eyecatcher. <\/p>\n<p>In verschiedenen Gr\u00f6\u00dfen erh\u00e4ltlich. Komm vorbei und entdecke alle M\u00f6glichkeiten. <\/p>\n","protected":false},"excerpt":{"rendered":"<p>Dieser moderne Esstisch von Room108 besticht durch sein besonderes Design: eine d\u00e4nisch-ovale Tischplatte kombiniert mit einem Mikado-Gestell. Die d\u00e4nisch-ovale Form verleiht dem Tisch das gewisse Extra und die bronzefarbene Lackierung des Gestells macht ihn zum echten Eyecatcher. <\/p>\n<p>In verschiedenen Gr\u00f6\u00dfen erh\u00e4ltlich. Komm vorbei und entdecke alle M\u00f6glichkeiten. <\/p>\n","protected":false},"featured_media":0,"template":"","meta":{"_joinchat":[]},"product_brand":[],"product_cat":[122,121],"product_tag":[],"class_list":{"0":"post-7437","1":"product","2":"type-product","3":"status-publish","5":"product_cat-esstische","6":"product_cat-tische","8":"first","9":"instock","10":"shipping-taxable","11":"product-type-simple"},"_links":{"self":[{"href":"https:\/\/pinedesign.nl\/de\/wp-json\/wp\/v2\/product\/7437","targetHints":{"allow":["GET"]}}],"collection":[{"href":"https:\/\/pinedesign.nl\/de\/wp-json\/wp\/v2\/product"}],"about":[{"href":"https:\/\/pinedesign.nl\/de\/wp-json\/wp\/v2\/types\/product"}],"wp:attachment":[{"href":"https:\/\/pinedesign.nl\/de\/wp-json\/wp\/v2\/media?parent=7437"}],"wp:term":[{"taxonomy":"product_brand","embeddable":true,"href":"https:\/\/pinedesign.nl\/de\/wp-json\/wp\/v2\/product_brand?post=7437"},{"taxonomy":"product_cat","embeddable":true,"href":"https:\/\/pinedesign.nl\/de\/wp-json\/wp\/v2\/product_cat?post=7437"},{"taxonomy":"product_tag","embeddable":true,"href":"https:\/\/pinedesign.nl\/de\/wp-json\/wp\/v2\/product_tag?post=7437"}],"curies":[{"name":"wp","href":"https:\/\/api.w.org\/{rel}","templated":true}]}}