{"id":7430,"date":"2023-09-07T12:03:19","date_gmt":"2023-09-07T12:03:19","guid":{"rendered":"https:\/\/pinedesign.nl\/product\/sofa-michelle\/"},"modified":"2023-09-07T12:03:19","modified_gmt":"2023-09-07T12:03:19","slug":"sofa-michelle","status":"publish","type":"product","link":"https:\/\/pinedesign.nl\/de\/product\/sofa-michelle\/","title":{"rendered":"Sofa Michelle"},"content":{"rendered":"<p>Ecksofa Michelle von Room108 ist ein zeitloses Modell, in dem du herrlich entspannen kannst. Ein gem\u00fctlicher Abend auf dem Sofa wird so richtig verlockend. Dieses Sofa steht auf niedrigen F\u00fc\u00dfen, hat breite Armlehnen und gro\u00dfz\u00fcgige Sitzfl\u00e4chen.  <\/p>\n<p>Das Sofa Michelle ist in verschiedenen Stoffen und Konfigurationen erh\u00e4ltlich. Komm bei uns vorbei, um alle M\u00f6glichkeiten zu entdecken. <\/p>\n","protected":false},"excerpt":{"rendered":"<p>Ecksofa Michelle von Room108 ist ein zeitloses Modell, in dem du herrlich entspannen kannst. Ein gem\u00fctlicher Abend auf dem Sofa wird so richtig verlockend. Dieses Sofa steht auf niedrigen F\u00fc\u00dfen, hat breite Armlehnen und gro\u00dfz\u00fcgige Sitzfl\u00e4chen.  <\/p>\n<p>Das Sofa Michelle ist in verschiedenen Stoffen und Konfigurationen erh\u00e4ltlich. Komm bei uns vorbei, um alle M\u00f6glichkeiten zu entdecken. <\/p>\n","protected":false},"featured_media":3673,"template":"","meta":{"_joinchat":[]},"product_brand":[],"product_cat":[124,125,134],"product_tag":[],"class_list":{"0":"post-7430","1":"product","2":"type-product","3":"status-publish","4":"has-post-thumbnail","6":"product_cat-sitzmobel","7":"product_cat-sofa","8":"product_cat-sofas","10":"first","11":"instock","12":"shipping-taxable","13":"product-type-simple"},"_links":{"self":[{"href":"https:\/\/pinedesign.nl\/de\/wp-json\/wp\/v2\/product\/7430","targetHints":{"allow":["GET"]}}],"collection":[{"href":"https:\/\/pinedesign.nl\/de\/wp-json\/wp\/v2\/product"}],"about":[{"href":"https:\/\/pinedesign.nl\/de\/wp-json\/wp\/v2\/types\/product"}],"wp:featuredmedia":[{"embeddable":true,"href":"https:\/\/pinedesign.nl\/de\/wp-json\/wp\/v2\/media\/3673"}],"wp:attachment":[{"href":"https:\/\/pinedesign.nl\/de\/wp-json\/wp\/v2\/media?parent=7430"}],"wp:term":[{"taxonomy":"product_brand","embeddable":true,"href":"https:\/\/pinedesign.nl\/de\/wp-json\/wp\/v2\/product_brand?post=7430"},{"taxonomy":"product_cat","embeddable":true,"href":"https:\/\/pinedesign.nl\/de\/wp-json\/wp\/v2\/product_cat?post=7430"},{"taxonomy":"product_tag","embeddable":true,"href":"https:\/\/pinedesign.nl\/de\/wp-json\/wp\/v2\/product_tag?post=7430"}],"curies":[{"name":"wp","href":"https:\/\/api.w.org\/{rel}","templated":true}]}}