{"id":7412,"date":"2023-09-05T15:14:33","date_gmt":"2023-09-05T15:14:33","guid":{"rendered":"https:\/\/pinedesign.nl\/product\/sofa-claire\/"},"modified":"2023-09-05T15:14:33","modified_gmt":"2023-09-05T15:14:33","slug":"sofa-claire","status":"publish","type":"product","link":"https:\/\/pinedesign.nl\/de\/product\/sofa-claire\/","title":{"rendered":"Sofa Claire"},"content":{"rendered":"<p>Das Ecksofa Claire von Room108 ist ein zeitloses Modell mit klarem Look. Dank der hohen F\u00fc\u00dfe wirkt das Sofa luftig. Die Sitzkissen und die doppelten R\u00fcckenkissen sind gut gepolstert, sodass du wunderbar sitzt.  <\/p>\n<p>Das Sofa Claire ist in verschiedenen Stoffen und Konfigurationen erh\u00e4ltlich. Komm bei uns vorbei, um dir alle M\u00f6glichkeiten anzusehen. <\/p>\n","protected":false},"excerpt":{"rendered":"<p>Das Ecksofa Claire von Room108 ist ein zeitloses Modell mit klarem Look. Dank der hohen F\u00fc\u00dfe wirkt das Sofa luftig. Die Sitzkissen und die doppelten R\u00fcckenkissen sind gut gepolstert, sodass du wunderbar sitzt.  <\/p>\n<p>Das Sofa Claire ist in verschiedenen Stoffen und Konfigurationen erh\u00e4ltlich. Komm bei uns vorbei, um dir alle M\u00f6glichkeiten anzusehen. <\/p>\n","protected":false},"featured_media":3658,"template":"","meta":{"_joinchat":[]},"product_brand":[],"product_cat":[124,125,134],"product_tag":[],"class_list":{"0":"post-7412","1":"product","2":"type-product","3":"status-publish","4":"has-post-thumbnail","6":"product_cat-sitzmobel","7":"product_cat-sofa","8":"product_cat-sofas","10":"first","11":"instock","12":"shipping-taxable","13":"product-type-simple"},"_links":{"self":[{"href":"https:\/\/pinedesign.nl\/de\/wp-json\/wp\/v2\/product\/7412","targetHints":{"allow":["GET"]}}],"collection":[{"href":"https:\/\/pinedesign.nl\/de\/wp-json\/wp\/v2\/product"}],"about":[{"href":"https:\/\/pinedesign.nl\/de\/wp-json\/wp\/v2\/types\/product"}],"wp:featuredmedia":[{"embeddable":true,"href":"https:\/\/pinedesign.nl\/de\/wp-json\/wp\/v2\/media\/3658"}],"wp:attachment":[{"href":"https:\/\/pinedesign.nl\/de\/wp-json\/wp\/v2\/media?parent=7412"}],"wp:term":[{"taxonomy":"product_brand","embeddable":true,"href":"https:\/\/pinedesign.nl\/de\/wp-json\/wp\/v2\/product_brand?post=7412"},{"taxonomy":"product_cat","embeddable":true,"href":"https:\/\/pinedesign.nl\/de\/wp-json\/wp\/v2\/product_cat?post=7412"},{"taxonomy":"product_tag","embeddable":true,"href":"https:\/\/pinedesign.nl\/de\/wp-json\/wp\/v2\/product_tag?post=7412"}],"curies":[{"name":"wp","href":"https:\/\/api.w.org\/{rel}","templated":true}]}}