{"id":7409,"date":"2023-09-05T12:04:18","date_gmt":"2023-09-05T12:04:18","guid":{"rendered":"https:\/\/pinedesign.nl\/product\/loveseat-elle\/"},"modified":"2023-09-05T12:04:18","modified_gmt":"2023-09-05T12:04:18","slug":"loveseat-elle","status":"publish","type":"product","link":"https:\/\/pinedesign.nl\/de\/product\/loveseat-elle\/","title":{"rendered":"Loveseat Elle"},"content":{"rendered":"","protected":false},"excerpt":{"rendered":"<p>Der Sessel Elle von Room108 ist ein echter Blickfang f\u00fcr dein Interieur. Die modernen Formen und die horizontalen Steppn\u00e4hte an der R\u00fcckseite der R\u00fcckenlehne machen diesen Sessel besonders. Der Elle wird standardm\u00e4\u00dfig mit 3 Zierkissen im gleichen Stoff wie der Sessel geliefert.  <\/p>\n<p>Der Sessel Elle ist in verschiedenen Stoffen erh\u00e4ltlich. Komm bei uns vorbei, um alle M\u00f6glichkeiten zu entdecken. <\/p>\n","protected":false},"featured_media":3618,"template":"","meta":{"_joinchat":[]},"product_brand":[],"product_cat":[130,124,107],"product_tag":[],"class_list":{"0":"post-7409","1":"product","2":"type-product","3":"status-publish","4":"has-post-thumbnail","6":"product_cat-sessel","7":"product_cat-sitzmobel","8":"product_cat-nicht-kategorisiert","10":"first","11":"instock","12":"shipping-taxable","13":"product-type-simple"},"_links":{"self":[{"href":"https:\/\/pinedesign.nl\/de\/wp-json\/wp\/v2\/product\/7409","targetHints":{"allow":["GET"]}}],"collection":[{"href":"https:\/\/pinedesign.nl\/de\/wp-json\/wp\/v2\/product"}],"about":[{"href":"https:\/\/pinedesign.nl\/de\/wp-json\/wp\/v2\/types\/product"}],"wp:featuredmedia":[{"embeddable":true,"href":"https:\/\/pinedesign.nl\/de\/wp-json\/wp\/v2\/media\/3618"}],"wp:attachment":[{"href":"https:\/\/pinedesign.nl\/de\/wp-json\/wp\/v2\/media?parent=7409"}],"wp:term":[{"taxonomy":"product_brand","embeddable":true,"href":"https:\/\/pinedesign.nl\/de\/wp-json\/wp\/v2\/product_brand?post=7409"},{"taxonomy":"product_cat","embeddable":true,"href":"https:\/\/pinedesign.nl\/de\/wp-json\/wp\/v2\/product_cat?post=7409"},{"taxonomy":"product_tag","embeddable":true,"href":"https:\/\/pinedesign.nl\/de\/wp-json\/wp\/v2\/product_tag?post=7409"}],"curies":[{"name":"wp","href":"https:\/\/api.w.org\/{rel}","templated":true}]}}