{"id":7404,"date":"2023-09-05T14:53:23","date_gmt":"2023-09-05T14:53:23","guid":{"rendered":"https:\/\/pinedesign.nl\/product\/sofa-annabelle\/"},"modified":"2023-09-05T14:53:23","modified_gmt":"2023-09-05T14:53:23","slug":"sofa-annabelle","status":"publish","type":"product","link":"https:\/\/pinedesign.nl\/de\/product\/sofa-annabelle\/","title":{"rendered":"Sofa Annabelle"},"content":{"rendered":"","protected":false},"excerpt":{"rendered":"<p>Das Ecksofa Annabelle von Room108 verleiht deiner Einrichtung eine robuste und luxuri\u00f6se Note. Annabelle ist die perfekte Mischung aus l\u00e4ndlichem und modernem Design. Die breiten Lehnen, dicken R\u00fcckenkissen und Lendenkissen, kombiniert mit klaren Kanten, verleihen dem Ecksofa Annabelle eine raffinierte Ausstrahlung.  <\/p>\n<p>Das Sofa Annabelle ist in verschiedenen Stoffen und Konfigurationen erh\u00e4ltlich. Besuche uns, um alle M\u00f6glichkeiten zu entdecken. <\/p>\n","protected":false},"featured_media":3654,"template":"","meta":{"_joinchat":[]},"product_brand":[],"product_cat":[124,125,134],"product_tag":[],"class_list":{"0":"post-7404","1":"product","2":"type-product","3":"status-publish","4":"has-post-thumbnail","6":"product_cat-sitzmobel","7":"product_cat-sofa","8":"product_cat-sofas","10":"first","11":"instock","12":"shipping-taxable","13":"product-type-simple"},"_links":{"self":[{"href":"https:\/\/pinedesign.nl\/de\/wp-json\/wp\/v2\/product\/7404","targetHints":{"allow":["GET"]}}],"collection":[{"href":"https:\/\/pinedesign.nl\/de\/wp-json\/wp\/v2\/product"}],"about":[{"href":"https:\/\/pinedesign.nl\/de\/wp-json\/wp\/v2\/types\/product"}],"wp:featuredmedia":[{"embeddable":true,"href":"https:\/\/pinedesign.nl\/de\/wp-json\/wp\/v2\/media\/3654"}],"wp:attachment":[{"href":"https:\/\/pinedesign.nl\/de\/wp-json\/wp\/v2\/media?parent=7404"}],"wp:term":[{"taxonomy":"product_brand","embeddable":true,"href":"https:\/\/pinedesign.nl\/de\/wp-json\/wp\/v2\/product_brand?post=7404"},{"taxonomy":"product_cat","embeddable":true,"href":"https:\/\/pinedesign.nl\/de\/wp-json\/wp\/v2\/product_cat?post=7404"},{"taxonomy":"product_tag","embeddable":true,"href":"https:\/\/pinedesign.nl\/de\/wp-json\/wp\/v2\/product_tag?post=7404"}],"curies":[{"name":"wp","href":"https:\/\/api.w.org\/{rel}","templated":true}]}}