{"id":7402,"date":"2023-08-22T11:44:46","date_gmt":"2023-08-22T11:44:46","guid":{"rendered":"https:\/\/pinedesign.nl\/product\/sofa-matisse\/"},"modified":"2023-08-22T11:44:46","modified_gmt":"2023-08-22T11:44:46","slug":"sofa-matisse","status":"publish","type":"product","link":"https:\/\/pinedesign.nl\/de\/product\/sofa-matisse\/","title":{"rendered":"Sofa Matisse"},"content":{"rendered":"<p>Das Sofa Matisse von Cartel Living ist ein elegantes Kunstwerk mit vielen M\u00f6glichkeiten. Dieses Sofa hat ein luftiges Design, eine schlichte Blende und steht hoch auf seinen schlanken F\u00fc\u00dfen. Die volumin\u00f6sen Kissen laden zum Verweilen ein und die Armlehne geht flie\u00dfend in das Sitzkissen \u00fcber.  <\/p>\n<p>Das Sofa Matisse ist in verschiedenen Stoffen und Konfigurationen erh\u00e4ltlich. Komm bei uns vorbei, um dir alle M\u00f6glichkeiten anzusehen. <\/p>\n","protected":false},"excerpt":{"rendered":"<p>Das Sofa Matisse von Cartel Living ist ein elegantes Kunstwerk mit vielen M\u00f6glichkeiten. Dieses Sofa hat ein luftiges Design, eine schlichte Blende und steht hoch auf seinen schlanken F\u00fc\u00dfen. Die volumin\u00f6sen Kissen laden zum Verweilen ein und die Armlehne geht flie\u00dfend in das Sitzkissen \u00fcber.  <\/p>\n<p>Das Sofa Matisse ist in verschiedenen Stoffen und Konfigurationen erh\u00e4ltlich. Komm bei uns vorbei, um dir alle M\u00f6glichkeiten anzusehen. <\/p>\n","protected":false},"featured_media":3599,"template":"","meta":{"_joinchat":[]},"product_brand":[],"product_cat":[133,124,125],"product_tag":[],"class_list":{"0":"post-7402","1":"product","2":"type-product","3":"status-publish","4":"has-post-thumbnail","6":"product_cat-cartel-living","7":"product_cat-sitzmobel","8":"product_cat-sofa","10":"first","11":"instock","12":"shipping-taxable","13":"product-type-simple"},"_links":{"self":[{"href":"https:\/\/pinedesign.nl\/de\/wp-json\/wp\/v2\/product\/7402","targetHints":{"allow":["GET"]}}],"collection":[{"href":"https:\/\/pinedesign.nl\/de\/wp-json\/wp\/v2\/product"}],"about":[{"href":"https:\/\/pinedesign.nl\/de\/wp-json\/wp\/v2\/types\/product"}],"wp:featuredmedia":[{"embeddable":true,"href":"https:\/\/pinedesign.nl\/de\/wp-json\/wp\/v2\/media\/3599"}],"wp:attachment":[{"href":"https:\/\/pinedesign.nl\/de\/wp-json\/wp\/v2\/media?parent=7402"}],"wp:term":[{"taxonomy":"product_brand","embeddable":true,"href":"https:\/\/pinedesign.nl\/de\/wp-json\/wp\/v2\/product_brand?post=7402"},{"taxonomy":"product_cat","embeddable":true,"href":"https:\/\/pinedesign.nl\/de\/wp-json\/wp\/v2\/product_cat?post=7402"},{"taxonomy":"product_tag","embeddable":true,"href":"https:\/\/pinedesign.nl\/de\/wp-json\/wp\/v2\/product_tag?post=7402"}],"curies":[{"name":"wp","href":"https:\/\/api.w.org\/{rel}","templated":true}]}}