{"id":7397,"date":"2023-09-05T12:45:41","date_gmt":"2023-09-05T12:45:41","guid":{"rendered":"https:\/\/pinedesign.nl\/product\/loveseat-sophie\/"},"modified":"2023-09-05T12:45:41","modified_gmt":"2023-09-05T12:45:41","slug":"loveseat-sophie","status":"publish","type":"product","link":"https:\/\/pinedesign.nl\/de\/product\/loveseat-sophie\/","title":{"rendered":"Loveseat Sophie"},"content":{"rendered":"","protected":false},"excerpt":{"rendered":"<p>Der Loveseat Sophie von Room108 zeichnet sich durch sein geradliniges Design aus. Modell Sophie steht auf hohen F\u00fc\u00dfen und wirkt dadurch besonders luftig. Dieser Loveseat ist gro\u00dfz\u00fcgig genug, um es sich allein oder gem\u00fctlich zu zweit darin bequem zu machen.  <\/p>\n<p>Der Loveseat Sophie ist in verschiedenen Stoffen erh\u00e4ltlich. Komm bei uns vorbei, um dir alle M\u00f6glichkeiten anzusehen. Auch als Sofa erh\u00e4ltlich.  <\/p>\n","protected":false},"featured_media":3632,"template":"","meta":{"_joinchat":[]},"product_brand":[],"product_cat":[130,124],"product_tag":[],"class_list":{"0":"post-7397","1":"product","2":"type-product","3":"status-publish","4":"has-post-thumbnail","6":"product_cat-sessel","7":"product_cat-sitzmobel","9":"first","10":"instock","11":"shipping-taxable","12":"product-type-simple"},"_links":{"self":[{"href":"https:\/\/pinedesign.nl\/de\/wp-json\/wp\/v2\/product\/7397","targetHints":{"allow":["GET"]}}],"collection":[{"href":"https:\/\/pinedesign.nl\/de\/wp-json\/wp\/v2\/product"}],"about":[{"href":"https:\/\/pinedesign.nl\/de\/wp-json\/wp\/v2\/types\/product"}],"wp:featuredmedia":[{"embeddable":true,"href":"https:\/\/pinedesign.nl\/de\/wp-json\/wp\/v2\/media\/3632"}],"wp:attachment":[{"href":"https:\/\/pinedesign.nl\/de\/wp-json\/wp\/v2\/media?parent=7397"}],"wp:term":[{"taxonomy":"product_brand","embeddable":true,"href":"https:\/\/pinedesign.nl\/de\/wp-json\/wp\/v2\/product_brand?post=7397"},{"taxonomy":"product_cat","embeddable":true,"href":"https:\/\/pinedesign.nl\/de\/wp-json\/wp\/v2\/product_cat?post=7397"},{"taxonomy":"product_tag","embeddable":true,"href":"https:\/\/pinedesign.nl\/de\/wp-json\/wp\/v2\/product_tag?post=7397"}],"curies":[{"name":"wp","href":"https:\/\/api.w.org\/{rel}","templated":true}]}}