{"id":7396,"date":"2023-08-07T10:16:49","date_gmt":"2023-08-07T10:16:49","guid":{"rendered":"https:\/\/pinedesign.nl\/product\/schrank-toff\/"},"modified":"2023-08-07T10:16:49","modified_gmt":"2023-08-07T10:16:49","slug":"schrank-toff","status":"publish","type":"product","link":"https:\/\/pinedesign.nl\/de\/product\/schrank-toff\/","title":{"rendered":"Schrank Toff"},"content":{"rendered":"<p>Die Toff Schr\u00e4nke von Vermeer Meubelen sind in verschiedenen Gr\u00f6\u00dfen und Farben erh\u00e4ltlich. Diese vielseitigen Schr\u00e4nke passen sich m\u00fchelos deinem Raum an und sind in einer Reihe sch\u00f6ner Farben verf\u00fcgbar. Sie kombinieren Stil und Funktionalit\u00e4t perfekt und verleihen deinem Zuhause eine pers\u00f6nliche Note. Entdecke noch heute die Toff Schr\u00e4nke von Vermeer Meubelen und verwandle deine Einrichtung.   <\/p>\n","protected":false},"excerpt":{"rendered":"<p>Die Toff Schr\u00e4nke von Vermeer Meubelen sind in verschiedenen Gr\u00f6\u00dfen und Farben erh\u00e4ltlich. Diese vielseitigen Schr\u00e4nke passen sich m\u00fchelos deinem Raum an und sind in einer Reihe sch\u00f6ner Farben verf\u00fcgbar. Sie kombinieren Stil und Funktionalit\u00e4t perfekt und verleihen deinem Zuhause eine pers\u00f6nliche Note. Entdecke noch heute die Toff Schr\u00e4nke von Vermeer Meubelen und verwandle deine Einrichtung.   <\/p>\n","protected":false},"featured_media":3580,"template":"","meta":{"_joinchat":[]},"product_brand":[],"product_cat":[115,132,131],"product_tag":[],"class_list":{"0":"post-7396","1":"product","2":"type-product","3":"status-publish","4":"has-post-thumbnail","6":"product_cat-schranke","7":"product_cat-vermeer-meubelen","8":"product_cat-wandschranke","10":"first","11":"instock","12":"shipping-taxable","13":"product-type-simple"},"_links":{"self":[{"href":"https:\/\/pinedesign.nl\/de\/wp-json\/wp\/v2\/product\/7396","targetHints":{"allow":["GET"]}}],"collection":[{"href":"https:\/\/pinedesign.nl\/de\/wp-json\/wp\/v2\/product"}],"about":[{"href":"https:\/\/pinedesign.nl\/de\/wp-json\/wp\/v2\/types\/product"}],"wp:featuredmedia":[{"embeddable":true,"href":"https:\/\/pinedesign.nl\/de\/wp-json\/wp\/v2\/media\/3580"}],"wp:attachment":[{"href":"https:\/\/pinedesign.nl\/de\/wp-json\/wp\/v2\/media?parent=7396"}],"wp:term":[{"taxonomy":"product_brand","embeddable":true,"href":"https:\/\/pinedesign.nl\/de\/wp-json\/wp\/v2\/product_brand?post=7396"},{"taxonomy":"product_cat","embeddable":true,"href":"https:\/\/pinedesign.nl\/de\/wp-json\/wp\/v2\/product_cat?post=7396"},{"taxonomy":"product_tag","embeddable":true,"href":"https:\/\/pinedesign.nl\/de\/wp-json\/wp\/v2\/product_tag?post=7396"}],"curies":[{"name":"wp","href":"https:\/\/api.w.org\/{rel}","templated":true}]}}