{"id":7391,"date":"2023-09-05T12:34:50","date_gmt":"2023-09-05T12:34:50","guid":{"rendered":"https:\/\/pinedesign.nl\/product\/loveseat-adele\/"},"modified":"2023-09-05T12:34:50","modified_gmt":"2023-09-05T12:34:50","slug":"loveseat-adele","status":"publish","type":"product","link":"https:\/\/pinedesign.nl\/de\/product\/loveseat-adele\/","title":{"rendered":"Loveseat Ad\u00e8le"},"content":{"rendered":"","protected":false},"excerpt":{"rendered":"<p>Der Loveseat Ad\u00e8le von Room108 ist ein elegantes Modell und dank seiner runden Formen mal etwas ganz anderes. Stell ihn zu deinem Sofa f\u00fcr einen zus\u00e4tzlichen Sitzplatz im Wohnzimmer oder schaff dir eine gem\u00fctliche Ecke, um zum Beispiel ganz entspannt ein Buch zu lesen. Der Loveseat Ad\u00e8le wird inklusive drei sch\u00f6ner R\u00fcckenkissen geliefert.  <\/p>\n<p>Der Loveseat Ad\u00e8le ist in verschiedenen Stoffen erh\u00e4ltlich. Komm bei uns vorbei, um dir alle M\u00f6glichkeiten anzusehen. <\/p>\n","protected":false},"featured_media":3626,"template":"","meta":{"_joinchat":[]},"product_brand":[],"product_cat":[130,124,107],"product_tag":[],"class_list":{"0":"post-7391","1":"product","2":"type-product","3":"status-publish","4":"has-post-thumbnail","6":"product_cat-sessel","7":"product_cat-sitzmobel","8":"product_cat-nicht-kategorisiert","10":"first","11":"instock","12":"shipping-taxable","13":"product-type-simple"},"_links":{"self":[{"href":"https:\/\/pinedesign.nl\/de\/wp-json\/wp\/v2\/product\/7391","targetHints":{"allow":["GET"]}}],"collection":[{"href":"https:\/\/pinedesign.nl\/de\/wp-json\/wp\/v2\/product"}],"about":[{"href":"https:\/\/pinedesign.nl\/de\/wp-json\/wp\/v2\/types\/product"}],"wp:featuredmedia":[{"embeddable":true,"href":"https:\/\/pinedesign.nl\/de\/wp-json\/wp\/v2\/media\/3626"}],"wp:attachment":[{"href":"https:\/\/pinedesign.nl\/de\/wp-json\/wp\/v2\/media?parent=7391"}],"wp:term":[{"taxonomy":"product_brand","embeddable":true,"href":"https:\/\/pinedesign.nl\/de\/wp-json\/wp\/v2\/product_brand?post=7391"},{"taxonomy":"product_cat","embeddable":true,"href":"https:\/\/pinedesign.nl\/de\/wp-json\/wp\/v2\/product_cat?post=7391"},{"taxonomy":"product_tag","embeddable":true,"href":"https:\/\/pinedesign.nl\/de\/wp-json\/wp\/v2\/product_tag?post=7391"}],"curies":[{"name":"wp","href":"https:\/\/api.w.org\/{rel}","templated":true}]}}