{"id":7388,"date":"2023-07-04T12:20:58","date_gmt":"2023-07-04T12:20:58","guid":{"rendered":"https:\/\/pinedesign.nl\/product\/sofa-finley\/"},"modified":"2023-07-04T12:20:58","modified_gmt":"2023-07-04T12:20:58","slug":"sofa-finley","status":"publish","type":"product","link":"https:\/\/pinedesign.nl\/de\/product\/sofa-finley\/","title":{"rendered":"Sofa Finley"},"content":{"rendered":"","protected":false},"excerpt":{"rendered":"<p>Das Sofa Finley von Cartel Living bietet hervorragenden Sitzkomfort und verleiht jedem Raum mit seinen schlanken F\u00fc\u00dfen eine luftige, weitl\u00e4ufige Ausstrahlung. Die tiefe Sitzfl\u00e4che l\u00e4dt zum Tr\u00e4umen ein. Das Finley ist in verschiedenen Stoffen und Gr\u00f6\u00dfen erh\u00e4ltlich. Komm bei uns vorbei und entdecke alle M\u00f6glichkeiten.   <\/p>\n","protected":false},"featured_media":3373,"template":"","meta":{"_joinchat":[]},"product_brand":[],"product_cat":[124,125],"product_tag":[],"class_list":{"0":"post-7388","1":"product","2":"type-product","3":"status-publish","4":"has-post-thumbnail","6":"product_cat-sitzmobel","7":"product_cat-sofa","9":"first","10":"instock","11":"shipping-taxable","12":"product-type-simple"},"_links":{"self":[{"href":"https:\/\/pinedesign.nl\/de\/wp-json\/wp\/v2\/product\/7388","targetHints":{"allow":["GET"]}}],"collection":[{"href":"https:\/\/pinedesign.nl\/de\/wp-json\/wp\/v2\/product"}],"about":[{"href":"https:\/\/pinedesign.nl\/de\/wp-json\/wp\/v2\/types\/product"}],"wp:featuredmedia":[{"embeddable":true,"href":"https:\/\/pinedesign.nl\/de\/wp-json\/wp\/v2\/media\/3373"}],"wp:attachment":[{"href":"https:\/\/pinedesign.nl\/de\/wp-json\/wp\/v2\/media?parent=7388"}],"wp:term":[{"taxonomy":"product_brand","embeddable":true,"href":"https:\/\/pinedesign.nl\/de\/wp-json\/wp\/v2\/product_brand?post=7388"},{"taxonomy":"product_cat","embeddable":true,"href":"https:\/\/pinedesign.nl\/de\/wp-json\/wp\/v2\/product_cat?post=7388"},{"taxonomy":"product_tag","embeddable":true,"href":"https:\/\/pinedesign.nl\/de\/wp-json\/wp\/v2\/product_tag?post=7388"}],"curies":[{"name":"wp","href":"https:\/\/api.w.org\/{rel}","templated":true}]}}