{"id":7373,"date":"2023-08-04T10:28:34","date_gmt":"2023-08-04T10:28:34","guid":{"rendered":"https:\/\/pinedesign.nl\/product\/sessel-reina\/"},"modified":"2023-08-04T10:28:34","modified_gmt":"2023-08-04T10:28:34","slug":"sessel-reina","status":"publish","type":"product","link":"https:\/\/pinedesign.nl\/de\/product\/sessel-reina\/","title":{"rendered":"Sessel Reina"},"content":{"rendered":"","protected":false},"excerpt":{"rendered":"<p>Der Sessel Reina mit Wippfunktion ist ein wundersch\u00f6ner Sessel, der Komfort und Funktionalit\u00e4t vereint. Mit seinem zeitgem\u00e4\u00dfen Design verleiht dieser Sessel jedem Raum einen Hauch von Eleganz. Die Wippfunktion sorgt f\u00fcr ultimativen Komfort und Entspannung, sodass du dich m\u00fchelos zur\u00fccklehnen und Momente der Ruhe und Gem\u00fctlichkeit genie\u00dfen kannst.  <\/p>\n<p>In verschiedenen Stoff- und Lederarten erh\u00e4ltlich. Komm bei uns vorbei, um dir alle M\u00f6glichkeiten anzusehen. <\/p>\n","protected":false},"featured_media":3516,"template":"","meta":{"_joinchat":[]},"product_brand":[],"product_cat":[130,124,107],"product_tag":[],"class_list":{"0":"post-7373","1":"product","2":"type-product","3":"status-publish","4":"has-post-thumbnail","6":"product_cat-sessel","7":"product_cat-sitzmobel","8":"product_cat-nicht-kategorisiert","10":"first","11":"instock","12":"shipping-taxable","13":"product-type-simple"},"_links":{"self":[{"href":"https:\/\/pinedesign.nl\/de\/wp-json\/wp\/v2\/product\/7373","targetHints":{"allow":["GET"]}}],"collection":[{"href":"https:\/\/pinedesign.nl\/de\/wp-json\/wp\/v2\/product"}],"about":[{"href":"https:\/\/pinedesign.nl\/de\/wp-json\/wp\/v2\/types\/product"}],"wp:featuredmedia":[{"embeddable":true,"href":"https:\/\/pinedesign.nl\/de\/wp-json\/wp\/v2\/media\/3516"}],"wp:attachment":[{"href":"https:\/\/pinedesign.nl\/de\/wp-json\/wp\/v2\/media?parent=7373"}],"wp:term":[{"taxonomy":"product_brand","embeddable":true,"href":"https:\/\/pinedesign.nl\/de\/wp-json\/wp\/v2\/product_brand?post=7373"},{"taxonomy":"product_cat","embeddable":true,"href":"https:\/\/pinedesign.nl\/de\/wp-json\/wp\/v2\/product_cat?post=7373"},{"taxonomy":"product_tag","embeddable":true,"href":"https:\/\/pinedesign.nl\/de\/wp-json\/wp\/v2\/product_tag?post=7373"}],"curies":[{"name":"wp","href":"https:\/\/api.w.org\/{rel}","templated":true}]}}