{"id":7372,"date":"2023-05-09T13:04:02","date_gmt":"2023-05-09T13:04:02","guid":{"rendered":"https:\/\/pinedesign.nl\/product\/hocker-bok\/"},"modified":"2023-05-09T13:04:02","modified_gmt":"2023-05-09T13:04:02","slug":"hocker-bok","status":"publish","type":"product","link":"https:\/\/pinedesign.nl\/de\/product\/hocker-bok\/","title":{"rendered":"Hocker Bok"},"content":{"rendered":"<p>Dieser Eichenhocker bietet einen bequemen Sitzplatz im Esszimmer, macht aber auch alleine eine gute Figur. Auch in Schwarz erh\u00e4ltlich. <\/p>\n","protected":false},"excerpt":{"rendered":"<p><span style=\"font-weight: 400;\">Der Osso Hocker von Ethnicraft verleiht deinem Interieur einen Hauch von Eleganz und Funktionalit\u00e4t. Dieser wundersch\u00f6ne Hocker ist aus hochwertigem massivem Eichenholz gefertigt, das f\u00fcr seine Langlebigkeit und nat\u00fcrliche Ausstrahlung bekannt ist. Das vielseitige Design sorgt daf\u00fcr, dass er in jeden Raum passt.<\/span><\/p>\n<p><span style=\"font-weight: 400;\">Die runden Formen und die sorgf\u00e4ltig verarbeitete Oberfl\u00e4che verleihen dem Hocker eine einladende Optik. Mit seiner robusten Struktur und den subtilen Details bietet der Osso Hocker nicht nur Funktionalit\u00e4t und Sitzkomfort, sondern ist auch ein dekoratives Element. Perfekt als zus\u00e4tzliche Sitzgelegenheit, Beistelltisch oder als markantes M\u00f6belst\u00fcck in deiner Einrichtung.<\/span><\/p>\n<p><span style=\"font-weight: 400;\">Dank der Handwerkskunst und der hochwertigen Materialien garantiert Ethnicraft ein Produkt, das jahrelang h\u00e4lt.<\/span><\/p>\n","protected":false},"featured_media":3197,"template":"","meta":{"_joinchat":[]},"product_brand":[],"product_cat":[129,124],"product_tag":[],"class_list":{"0":"post-7372","1":"product","2":"type-product","3":"status-publish","4":"has-post-thumbnail","6":"product_cat-hocker","7":"product_cat-sitzmobel","9":"first","10":"instock","11":"shipping-taxable","12":"product-type-simple"},"_links":{"self":[{"href":"https:\/\/pinedesign.nl\/de\/wp-json\/wp\/v2\/product\/7372","targetHints":{"allow":["GET"]}}],"collection":[{"href":"https:\/\/pinedesign.nl\/de\/wp-json\/wp\/v2\/product"}],"about":[{"href":"https:\/\/pinedesign.nl\/de\/wp-json\/wp\/v2\/types\/product"}],"wp:featuredmedia":[{"embeddable":true,"href":"https:\/\/pinedesign.nl\/de\/wp-json\/wp\/v2\/media\/3197"}],"wp:attachment":[{"href":"https:\/\/pinedesign.nl\/de\/wp-json\/wp\/v2\/media?parent=7372"}],"wp:term":[{"taxonomy":"product_brand","embeddable":true,"href":"https:\/\/pinedesign.nl\/de\/wp-json\/wp\/v2\/product_brand?post=7372"},{"taxonomy":"product_cat","embeddable":true,"href":"https:\/\/pinedesign.nl\/de\/wp-json\/wp\/v2\/product_cat?post=7372"},{"taxonomy":"product_tag","embeddable":true,"href":"https:\/\/pinedesign.nl\/de\/wp-json\/wp\/v2\/product_tag?post=7372"}],"curies":[{"name":"wp","href":"https:\/\/api.w.org\/{rel}","templated":true}]}}