{"id":7362,"date":"2023-07-04T12:26:25","date_gmt":"2023-07-04T12:26:25","guid":{"rendered":"https:\/\/pinedesign.nl\/product\/sofa-lawson-2\/"},"modified":"2023-07-04T12:26:25","modified_gmt":"2023-07-04T12:26:25","slug":"sofa-lawson-2","status":"publish","type":"product","link":"https:\/\/pinedesign.nl\/de\/product\/sofa-lawson-2\/","title":{"rendered":"Sofa Lawson"},"content":{"rendered":"","protected":false},"excerpt":{"rendered":"<p>Das Sofa Lawson von Cartel Living ist ein gem\u00fctliches Modulsofa, bei dem du endlos kombinieren kannst, bis du die richtige Aufstellung gefunden hast. Auf diesem Sofa kannst du dich herrlich \u201efallen lassen\u201c und einfach mal ganz entspannen. In verschiedenen Stoffen und Gr\u00f6\u00dfen erh\u00e4ltlich. Komm bei uns vorbei, um dir alle M\u00f6glichkeiten anzusehen.   <\/p>\n","protected":false},"featured_media":3374,"template":"","meta":{"_joinchat":[]},"product_brand":[],"product_cat":[124,125],"product_tag":[],"class_list":{"0":"post-7362","1":"product","2":"type-product","3":"status-publish","4":"has-post-thumbnail","6":"product_cat-sitzmobel","7":"product_cat-sofa","9":"first","10":"instock","11":"shipping-taxable","12":"product-type-simple"},"_links":{"self":[{"href":"https:\/\/pinedesign.nl\/de\/wp-json\/wp\/v2\/product\/7362","targetHints":{"allow":["GET"]}}],"collection":[{"href":"https:\/\/pinedesign.nl\/de\/wp-json\/wp\/v2\/product"}],"about":[{"href":"https:\/\/pinedesign.nl\/de\/wp-json\/wp\/v2\/types\/product"}],"wp:featuredmedia":[{"embeddable":true,"href":"https:\/\/pinedesign.nl\/de\/wp-json\/wp\/v2\/media\/3374"}],"wp:attachment":[{"href":"https:\/\/pinedesign.nl\/de\/wp-json\/wp\/v2\/media?parent=7362"}],"wp:term":[{"taxonomy":"product_brand","embeddable":true,"href":"https:\/\/pinedesign.nl\/de\/wp-json\/wp\/v2\/product_brand?post=7362"},{"taxonomy":"product_cat","embeddable":true,"href":"https:\/\/pinedesign.nl\/de\/wp-json\/wp\/v2\/product_cat?post=7362"},{"taxonomy":"product_tag","embeddable":true,"href":"https:\/\/pinedesign.nl\/de\/wp-json\/wp\/v2\/product_tag?post=7362"}],"curies":[{"name":"wp","href":"https:\/\/api.w.org\/{rel}","templated":true}]}}