{"id":7355,"date":"2023-02-14T14:17:46","date_gmt":"2023-02-14T14:17:46","guid":{"rendered":"https:\/\/pinedesign.nl\/product\/tv-lowboard-graphic\/"},"modified":"2023-02-14T14:17:46","modified_gmt":"2023-02-14T14:17:46","slug":"tv-lowboard-graphic","status":"publish","type":"product","link":"https:\/\/pinedesign.nl\/de\/product\/tv-lowboard-graphic\/","title":{"rendered":"TV-Lowboard Graphic"},"content":{"rendered":"<p>Das TV-Lowboard Graphic von Ethnicraft ist garantiert ein Blickfang in deinem Zuhause. Das TV-M\u00f6bel ist aus dunkel gef\u00e4rbtem massivem Teakholz gefertigt und bietet viel Stauraum. In verschiedenen Gr\u00f6\u00dfen erh\u00e4ltlich. Komm bei uns vorbei, um dir die vielen M\u00f6glichkeiten anzusehen.   <\/p>\n","protected":false},"excerpt":{"rendered":"<p>Das TV-Lowboard Graphic von Ethnicraft ist garantiert ein Blickfang in deinem Zuhause. Das TV-M\u00f6bel ist aus dunkel gef\u00e4rbtem massivem Teakholz gefertigt und bietet viel Stauraum. In verschiedenen Gr\u00f6\u00dfen erh\u00e4ltlich. Komm bei uns vorbei, um dir die vielen M\u00f6glichkeiten anzusehen.   <\/p>\n","protected":false},"featured_media":2844,"template":"","meta":{"_joinchat":[]},"product_brand":[],"product_cat":[115,120],"product_tag":[],"class_list":{"0":"post-7355","1":"product","2":"type-product","3":"status-publish","4":"has-post-thumbnail","6":"product_cat-schranke","7":"product_cat-tv-mobel","9":"first","10":"instock","11":"shipping-taxable","12":"product-type-simple"},"_links":{"self":[{"href":"https:\/\/pinedesign.nl\/de\/wp-json\/wp\/v2\/product\/7355","targetHints":{"allow":["GET"]}}],"collection":[{"href":"https:\/\/pinedesign.nl\/de\/wp-json\/wp\/v2\/product"}],"about":[{"href":"https:\/\/pinedesign.nl\/de\/wp-json\/wp\/v2\/types\/product"}],"wp:featuredmedia":[{"embeddable":true,"href":"https:\/\/pinedesign.nl\/de\/wp-json\/wp\/v2\/media\/2844"}],"wp:attachment":[{"href":"https:\/\/pinedesign.nl\/de\/wp-json\/wp\/v2\/media?parent=7355"}],"wp:term":[{"taxonomy":"product_brand","embeddable":true,"href":"https:\/\/pinedesign.nl\/de\/wp-json\/wp\/v2\/product_brand?post=7355"},{"taxonomy":"product_cat","embeddable":true,"href":"https:\/\/pinedesign.nl\/de\/wp-json\/wp\/v2\/product_cat?post=7355"},{"taxonomy":"product_tag","embeddable":true,"href":"https:\/\/pinedesign.nl\/de\/wp-json\/wp\/v2\/product_tag?post=7355"}],"curies":[{"name":"wp","href":"https:\/\/api.w.org\/{rel}","templated":true}]}}