{"id":7352,"date":"2023-02-14T13:58:16","date_gmt":"2023-02-14T13:58:16","guid":{"rendered":"https:\/\/pinedesign.nl\/product\/sideboard-graphic\/"},"modified":"2023-02-14T13:58:16","modified_gmt":"2023-02-14T13:58:16","slug":"sideboard-graphic","status":"publish","type":"product","link":"https:\/\/pinedesign.nl\/de\/product\/sideboard-graphic\/","title":{"rendered":"Sideboard Graphic"},"content":{"rendered":"","protected":false},"excerpt":{"rendered":"<p><span style=\"font-weight: 400;\">Style deinen Wohnraum mit dem einzigartig gestalteten Sideboard Graphic<\/span><\/p>\n<p><span style=\"font-weight: 400;\">Das Sideboard Graphic ist ein einzigartiges Sideboard, entworfen von Alain van Havre. Das Design wurde durch ein durchgehendes Muster gepr\u00e4gt. Durch das Auftragen mehrerer Schichten entsteht eine einzigartige Komposition. Mit dem Stahlgestell erh\u00e4lt dieser charakteristische Schrank eine moderne Note.    <\/span><\/p>\n<p><span style=\"font-weight: 400;\">Das Sideboard besteht aus einer Kombination von massivem Teakholz und Teakholzfurnier. Eine Schutzschicht aus schwarzer Beize macht es schmutzabweisend. Sollten doch einmal Flecken entstehen, lassen sie sich einfach mit einem Tuch abwischen.  <\/span><\/p>\n<p><span style=\"font-weight: 400;\">Dieses Sideboard ist in verschiedenen Gr\u00f6\u00dfen erh\u00e4ltlich, mit verstellbaren Schubladen, um deine Sachen ordentlich zu organisieren.<\/span><\/p>\n<p><span style=\"font-weight: 400;\">Noch nicht \u00fcberzeugt? Komm in unserem Showroom vorbei, unsere Kollegen beraten dich gerne! <\/span><\/p>\n<p>Aufgrund der vielen M\u00f6glichkeiten ist dieses Produkt nicht online bestellbar. Komm im Gesch\u00e4ft vorbei, um alle Optionen zu entdecken. <\/p>\n","protected":false},"featured_media":2819,"template":"","meta":{"_joinchat":[]},"product_brand":[],"product_cat":[115,117],"product_tag":[],"class_list":{"0":"post-7352","1":"product","2":"type-product","3":"status-publish","4":"has-post-thumbnail","6":"product_cat-schranke","7":"product_cat-sideboard","9":"first","10":"instock","11":"shipping-taxable","12":"product-type-simple"},"_links":{"self":[{"href":"https:\/\/pinedesign.nl\/de\/wp-json\/wp\/v2\/product\/7352","targetHints":{"allow":["GET"]}}],"collection":[{"href":"https:\/\/pinedesign.nl\/de\/wp-json\/wp\/v2\/product"}],"about":[{"href":"https:\/\/pinedesign.nl\/de\/wp-json\/wp\/v2\/types\/product"}],"wp:featuredmedia":[{"embeddable":true,"href":"https:\/\/pinedesign.nl\/de\/wp-json\/wp\/v2\/media\/2819"}],"wp:attachment":[{"href":"https:\/\/pinedesign.nl\/de\/wp-json\/wp\/v2\/media?parent=7352"}],"wp:term":[{"taxonomy":"product_brand","embeddable":true,"href":"https:\/\/pinedesign.nl\/de\/wp-json\/wp\/v2\/product_brand?post=7352"},{"taxonomy":"product_cat","embeddable":true,"href":"https:\/\/pinedesign.nl\/de\/wp-json\/wp\/v2\/product_cat?post=7352"},{"taxonomy":"product_tag","embeddable":true,"href":"https:\/\/pinedesign.nl\/de\/wp-json\/wp\/v2\/product_tag?post=7352"}],"curies":[{"name":"wp","href":"https:\/\/api.w.org\/{rel}","templated":true}]}}