{"id":8223,"date":"2022-03-25T08:53:02","date_gmt":"2022-03-25T08:53:02","guid":{"rendered":"https:\/\/pinedesign.nl\/einrichtungsgeschaeft-in-drenthe\/"},"modified":"2026-03-10T10:47:43","modified_gmt":"2026-03-10T10:47:43","slug":"einrichtungsgeschaeft-in-drenthe","status":"publish","type":"page","link":"https:\/\/pinedesign.nl\/de\/einrichtungsgeschaeft-in-drenthe\/","title":{"rendered":"Einrichtungsgesch\u00e4ft in Drenthe"},"content":{"rendered":"\t\t<div data-elementor-type=\"wp-page\" data-elementor-id=\"8223\" class=\"elementor elementor-8223 elementor-1875\" data-elementor-post-type=\"page\">\n\t\t\t\t\t\t<section class=\"elementor-section elementor-top-section elementor-element elementor-element-1cc0836f elementor-section-height-min-height elementor-section-items-bottom elementor-section-boxed elementor-section-height-default\" data-id=\"1cc0836f\" data-element_type=\"section\" data-settings=\"{&quot;background_background&quot;:&quot;slideshow&quot;,&quot;background_slideshow_gallery&quot;:[{&quot;id&quot;:8493,&quot;url&quot;:&quot;https:\\\/\\\/pinedesign.nl\\\/wp-content\\\/uploads\\\/2023\\\/11\\\/RZ8_8343-Ronald-Zijlstra-scaled.jpg&quot;},{&quot;id&quot;:8494,&quot;url&quot;:&quot;https:\\\/\\\/pinedesign.nl\\\/wp-content\\\/uploads\\\/2022\\\/10\\\/Thor-eettafel-deens-ovaal-brons-Ultimo-eetkamerbank-en-stoelen-velours-groen-breesnewworld.webp&quot;},{&quot;id&quot;:8495,&quot;url&quot;:&quot;https:\\\/\\\/pinedesign.nl\\\/wp-content\\\/uploads\\\/2022\\\/10\\\/pinedesign_sep2022_012-Ronald-Zijlstra-scaled.jpg&quot;},{&quot;id&quot;:7197,&quot;url&quot;:&quot;https:\\\/\\\/pinedesign.nl\\\/wp-content\\\/uploads\\\/2023\\\/10\\\/MD_CARTEL_LOCATIESHOOT__170723_1399-scaled.jpg&quot;}],&quot;jet_parallax_layout_list&quot;:[{&quot;jet_parallax_layout_image&quot;:{&quot;url&quot;:&quot;&quot;,&quot;id&quot;:&quot;&quot;,&quot;size&quot;:&quot;&quot;},&quot;_id&quot;:&quot;46e2cfc&quot;,&quot;jet_parallax_layout_image_tablet&quot;:{&quot;url&quot;:&quot;&quot;,&quot;id&quot;:&quot;&quot;,&quot;size&quot;:&quot;&quot;},&quot;jet_parallax_layout_image_mobile&quot;:{&quot;url&quot;:&quot;&quot;,&quot;id&quot;:&quot;&quot;,&quot;size&quot;:&quot;&quot;},&quot;jet_parallax_layout_speed&quot;:{&quot;unit&quot;:&quot;%&quot;,&quot;size&quot;:50,&quot;sizes&quot;:[]},&quot;jet_parallax_layout_type&quot;:&quot;scroll&quot;,&quot;jet_parallax_layout_direction&quot;:&quot;1&quot;,&quot;jet_parallax_layout_fx_direction&quot;:null,&quot;jet_parallax_layout_z_index&quot;:&quot;&quot;,&quot;jet_parallax_layout_bg_x&quot;:50,&quot;jet_parallax_layout_bg_x_tablet&quot;:&quot;&quot;,&quot;jet_parallax_layout_bg_x_mobile&quot;:&quot;&quot;,&quot;jet_parallax_layout_bg_y&quot;:50,&quot;jet_parallax_layout_bg_y_tablet&quot;:&quot;&quot;,&quot;jet_parallax_layout_bg_y_mobile&quot;:&quot;&quot;,&quot;jet_parallax_layout_bg_size&quot;:&quot;auto&quot;,&quot;jet_parallax_layout_bg_size_tablet&quot;:&quot;&quot;,&quot;jet_parallax_layout_bg_size_mobile&quot;:&quot;&quot;,&quot;jet_parallax_layout_animation_prop&quot;:&quot;transform&quot;,&quot;jet_parallax_layout_on&quot;:[&quot;desktop&quot;,&quot;tablet&quot;]}],&quot;background_slideshow_loop&quot;:&quot;yes&quot;,&quot;background_slideshow_slide_duration&quot;:5000,&quot;background_slideshow_slide_transition&quot;:&quot;fade&quot;,&quot;background_slideshow_transition_duration&quot;:500}\">\n\t\t\t\t\t\t<div class=\"elementor-container elementor-column-gap-default\">\n\t\t\t\t\t<div class=\"elementor-column elementor-col-100 elementor-top-column elementor-element elementor-element-28119ade\" data-id=\"28119ade\" data-element_type=\"column\">\n\t\t\t<div class=\"elementor-widget-wrap elementor-element-populated\">\n\t\t\t\t\t\t<div class=\"elementor-element elementor-element-404fbbc5 elementor-widget elementor-widget-heading\" data-id=\"404fbbc5\" data-element_type=\"widget\" data-widget_type=\"heading.default\">\n\t\t\t\t<div class=\"elementor-widget-container\">\n\t\t\t\t\t<h1 class=\"elementor-heading-title elementor-size-default\">Einrichtungsgesch\u00e4ft in Drenthe<\/h1>\t\t\t\t<\/div>\n\t\t\t\t<\/div>\n\t\t\t\t\t<\/div>\n\t\t<\/div>\n\t\t\t\t\t<\/div>\n\t\t<\/section>\n\t\t<div class=\"elementor-element elementor-element-5888762 e-flex e-con-boxed e-con e-parent\" data-id=\"5888762\" data-element_type=\"container\" data-settings=\"{&quot;jet_parallax_layout_list&quot;:[]}\">\n\t\t\t\t\t<div class=\"e-con-inner\">\n\t\t<div class=\"elementor-element elementor-element-eeee387 e-con-full e-flex e-con e-child\" data-id=\"eeee387\" data-element_type=\"container\" data-settings=\"{&quot;jet_parallax_layout_list&quot;:[]}\">\n\t\t\t\t<div class=\"elementor-element elementor-element-ad513fa elementor-widget elementor-widget-text-editor\" data-id=\"ad513fa\" data-element_type=\"widget\" data-widget_type=\"text-editor.default\">\n\t\t\t\t<div class=\"elementor-widget-container\">\n\t\t\t\t\t\t\t\t\t<h2 class=\"wp-block-heading\"><span style=\"color: #333333;\">Pine Design Wonen<\/span><\/h2><p><span style=\"color: #333333;\">Bei Pine Design findest du \u00fcber 2.000 m\u00b2 Wohninspiration, bestehend aus den sch\u00f6nsten M\u00f6beln, prachtvollen Accessoires und Ma\u00dfarbeit. Lass dich von einem unserer Berater und unseren verschiedenen Wohnstilen inspirieren, damit du aus deinem Haus ein echtes Zuhause machen kannst. Das macht Pine Design zum Einrichtungshaus in Drenthe. Unser Familienunternehmen besteht seit 1984 und hat sich zu einer festen Gr\u00f6\u00dfe in den Nordniederlanden entwickelt.   <\/span><\/p>\t\t\t\t\t\t\t\t<\/div>\n\t\t\t\t<\/div>\n\t\t\t\t<\/div>\n\t\t<div class=\"elementor-element elementor-element-e0bf8aa e-con-full e-flex e-con e-child\" data-id=\"e0bf8aa\" data-element_type=\"container\" data-settings=\"{&quot;jet_parallax_layout_list&quot;:[]}\">\n\t\t\t\t<div class=\"elementor-element elementor-element-be80cc4 elementor-widget elementor-widget-text-editor\" data-id=\"be80cc4\" data-element_type=\"widget\" data-widget_type=\"text-editor.default\">\n\t\t\t\t<div class=\"elementor-widget-container\">\n\t\t\t\t\t\t\t\t\t<h2 class=\"wp-block-heading\"><span style=\"color: #333333;\">Im malerischen Zuidlaren<\/span><\/h2><p><span style=\"color: #333333;\">Sie finden unseren ger\u00e4umigen Showroom am Rande des Zentrums von Zuidlaren. Dadurch sind wir von der A28 aus gut erreichbar und erleben gleichzeitig den Charme des wundersch\u00f6nen Brinkdorfs. An der Vorder- und R\u00fcckseite unseres Geb\u00e4udes befinden sich mehrere kostenlose Parkpl\u00e4tze. Auch mit \u00f6ffentlichen Verkehrsmitteln sind wir gut erreichbar, die Bushaltestelle &#8218;Tenielsweg&#8216; ist nur einen Steinwurf entfernt.   <\/span><\/p>\t\t\t\t\t\t\t\t<\/div>\n\t\t\t\t<\/div>\n\t\t\t\t<\/div>\n\t\t\t\t\t<\/div>\n\t\t\t\t<\/div>\n\t\t<div class=\"elementor-element elementor-element-41ac70d e-flex e-con-boxed e-con e-parent\" data-id=\"41ac70d\" data-element_type=\"container\" data-settings=\"{&quot;jet_parallax_layout_list&quot;:[]}\">\n\t\t\t\t\t<div class=\"e-con-inner\">\n\t\t<div class=\"elementor-element elementor-element-3d9219c e-con-full e-flex e-con e-child\" data-id=\"3d9219c\" data-element_type=\"container\" data-settings=\"{&quot;jet_parallax_layout_list&quot;:[]}\">\n\t\t\t\t<div class=\"elementor-element elementor-element-1373e6d elementor-widget elementor-widget-text-editor\" data-id=\"1373e6d\" data-element_type=\"widget\" data-widget_type=\"text-editor.default\">\n\t\t\t\t<div class=\"elementor-widget-container\">\n\t\t\t\t\t\t\t\t\t<h2 class=\"wp-block-heading\"><span style=\"color: #000000;\"><span style=\"font-size: 32px;\">Nr. 1 M\u00f6belhaus in Drenthe<\/span><\/span><\/h2><p><span style=\"color: #000000;\">Unser breites Angebot an Top-Marken ist in <a style=\"color: #000000;\" href=\"https:\/\/pinedesign.nl\/de\/wohnstile\/\">verschiedene Wohnstile<\/a> unterteilt. So kannst du ganz entspannt st\u00f6bern und findest immer etwas, das zu deinem Zuhause passt. Schau dich in aller Ruhe selbst um oder lass dich von einem Einrichtungsberater \u00fcberraschen. W\u00e4hle oder kombiniere aus den untenstehenden Stilen.    So kreierst du in unserem Einrichtungshaus immer einen ganz eigenen Twist. <\/span><\/p><p><span style=\"color: #000000;\"> <\/span><\/p><p><strong><span style=\"color: #000000;\">W\u00e4hlen Sie unter anderem:<\/span><\/strong><\/p><ul style=\"font-size: 16px; background-color: #ffffff;\"><li style=\"list-style-type: none;\"><ul style=\"font-size: 16px; background-color: #ffffff;\"><li style=\"font-size: 16px;\"><span style=\"color: #000000;\"><a style=\"color: #000000;\" href=\"https:\/\/pinedesign.nl\/woonstijl\/comfortabel-stoer\/\">Komfortabel und robust<\/a><\/span><\/li><\/ul><\/li><\/ul><ul style=\"font-size: 16px; background-color: #ffffff;\"><li style=\"list-style-type: none;\"><ul style=\"font-size: 16px; background-color: #ffffff;\"><li style=\"font-size: 16px;\"><span style=\"color: #000000;\"><a style=\"color: #000000;\" href=\"https:\/\/pinedesign.nl\/woonstijl\/zacht-speels\/\">Weich &amp; verspielt<\/a><\/span><\/li><\/ul><\/li><\/ul><ul style=\"font-size: 16px; background-color: #ffffff;\"><li style=\"list-style-type: none;\"><ul style=\"font-size: 16px; background-color: #ffffff;\"><li style=\"font-size: 16px;\"><span style=\"color: #000000;\"><a style=\"color: #000000;\" href=\"https:\/\/pinedesign.nl\/woonstijl\/urban-legend\/\">Urban Legend<\/a><\/span><\/li><\/ul><\/li><\/ul><ul style=\"font-size: 16px; background-color: #ffffff;\"><li style=\"list-style-type: none;\"><ul style=\"font-size: 16px; background-color: #ffffff;\"><li style=\"font-size: 16px;\"><span style=\"color: #000000;\"><a style=\"color: #000000;\" href=\"https:\/\/pinedesign.nl\/woonstijl\/chill-en-relaxt\/\">Entspannt, ruhig &amp; Retro<\/a><\/span><\/li><\/ul><\/li><\/ul><ul style=\"font-size: 16px; background-color: #ffffff;\"><li style=\"list-style-type: none;\"><ul style=\"font-size: 16px; background-color: #ffffff;\"><li style=\"font-size: 16px;\"><span style=\"color: #000000;\"><a style=\"color: #000000;\" href=\"https:\/\/pinedesign.nl\/woonstijl\/glamour-met-karakter\/\">Glamour mit Charakter<\/a><\/span><\/li><\/ul><\/li><\/ul><ul style=\"font-size: 16px; background-color: #ffffff;\"><li style=\"list-style-type: none;\"><ul style=\"font-size: 16px; background-color: #ffffff;\"><li style=\"font-size: 16px;\"><span style=\"color: #000000;\"><a style=\"color: #000000;\" href=\"https:\/\/pinedesign.nl\/woonstijl\/speels-en-functioneel\/\">Verspielt &amp; funktionell<\/a><\/span><\/li><\/ul><\/li><\/ul><ul style=\"font-size: 16px; background-color: #ffffff;\"><li style=\"list-style-type: none;\"><ul style=\"font-size: 16px; background-color: #ffffff;\"><li style=\"font-size: 16px;\"><span style=\"color: #000000;\"><a style=\"color: #000000;\" href=\"https:\/\/pinedesign.nl\/woonstijl\/classic-modern\/\">Klassisch modern<\/a><\/span><\/li><\/ul><\/li><\/ul><ul style=\"font-size: 16px; background-color: #ffffff;\"><li style=\"list-style-type: none;\"><ul style=\"font-size: 16px; background-color: #ffffff;\"><li style=\"font-size: 16px;\"><span style=\"color: #000000;\"><a style=\"color: #000000;\" href=\"https:\/\/pinedesign.nl\/woonstijl\/basic-chique\/\">Basic schick<\/a><\/span><\/li><\/ul><\/li><\/ul><ul style=\"font-size: 16px; background-color: #ffffff;\"><li style=\"list-style-type: none;\"><ul style=\"font-size: 16px; background-color: #ffffff;\"><li style=\"font-size: 16px;\"><span style=\"color: #000000;\"><a style=\"color: #000000;\" href=\"https:\/\/pinedesign.nl\/woonstijl\/stoer-en-warm\/\">Robust &amp; warm<\/a><\/span><\/li><\/ul><\/li><\/ul><ul style=\"font-size: 16px; background-color: #ffffff;\"><li style=\"list-style-type: none;\"><ul style=\"font-size: 16px; background-color: #ffffff;\"><li style=\"font-size: 16px;\"><span style=\"color: #000000;\"><a style=\"color: #000000;\" href=\"https:\/\/pinedesign.nl\/woonstijl\/modern-mix\/\">Modern Mix<\/a><\/span><\/li><\/ul><\/li><\/ul>\t\t\t\t\t\t\t\t<\/div>\n\t\t\t\t<\/div>\n\t\t\t\t<\/div>\n\t\t<div class=\"elementor-element elementor-element-d9c823e e-con-full e-flex e-con e-child\" data-id=\"d9c823e\" data-element_type=\"container\" data-settings=\"{&quot;jet_parallax_layout_list&quot;:[]}\">\n\t\t\t\t<div class=\"elementor-element elementor-element-cd8f071 elementor-widget elementor-widget-image\" data-id=\"cd8f071\" data-element_type=\"widget\" data-widget_type=\"image.default\">\n\t\t\t\t<div class=\"elementor-widget-container\">\n\t\t\t\t\t\t\t\t\t\t\t\t\t\t\t<img fetchpriority=\"high\" decoding=\"async\" width=\"800\" height=\"534\" src=\"https:\/\/pinedesign.nl\/wp-content\/uploads\/2023\/02\/Hiddemafotografie300dpi201806230341-7-1024x683.jpg\" class=\"attachment-large size-large wp-image-8496\" alt=\"M\u00f6belhaus in Drenthe - Pine Design Wonen\" srcset=\"https:\/\/pinedesign.nl\/wp-content\/uploads\/2023\/02\/Hiddemafotografie300dpi201806230341-7-1024x683.jpg 1024w, https:\/\/pinedesign.nl\/wp-content\/uploads\/2023\/02\/Hiddemafotografie300dpi201806230341-7-600x400.jpg 600w, https:\/\/pinedesign.nl\/wp-content\/uploads\/2023\/02\/Hiddemafotografie300dpi201806230341-7-64x43.jpg 64w, https:\/\/pinedesign.nl\/wp-content\/uploads\/2023\/02\/Hiddemafotografie300dpi201806230341-7-300x200.jpg 300w, https:\/\/pinedesign.nl\/wp-content\/uploads\/2023\/02\/Hiddemafotografie300dpi201806230341-7-768x512.jpg 768w, https:\/\/pinedesign.nl\/wp-content\/uploads\/2023\/02\/Hiddemafotografie300dpi201806230341-7-1536x1024.jpg 1536w, https:\/\/pinedesign.nl\/wp-content\/uploads\/2023\/02\/Hiddemafotografie300dpi201806230341-7.jpg 1800w\" sizes=\"(max-width: 800px) 100vw, 800px\" \/>\t\t\t\t\t\t\t\t\t\t\t\t\t\t\t<\/div>\n\t\t\t\t<\/div>\n\t\t\t\t<\/div>\n\t\t\t\t\t<\/div>\n\t\t\t\t<\/div>\n\t\t<div class=\"elementor-element elementor-element-3026f504 e-flex e-con-boxed e-con e-parent\" data-id=\"3026f504\" data-element_type=\"container\" data-settings=\"{&quot;jet_parallax_layout_list&quot;:[]}\">\n\t\t\t\t\t<div class=\"e-con-inner\">\n\t\t\t\t<div class=\"elementor-element elementor-element-a1e2f1a elementor-widget elementor-widget-text-editor\" data-id=\"a1e2f1a\" data-element_type=\"widget\" data-widget_type=\"text-editor.default\">\n\t\t\t\t<div class=\"elementor-widget-container\">\n\t\t\t\t\t\t\t\t\t<h2 class=\"wp-block-heading\"><span style=\"color: #000000;\">M\u00f6belhaus f\u00fcr Ma\u00dfanfertigungen in Drenthe<\/span><\/h2><p><span style=\"color: #000000;\">Neben unserem Angebot an festen Marken liefern wir auch Ma\u00dfanfertigungen. Sowohl im Bereich Beratung als auch bei Anpassungen. So k\u00f6nnen Sie sicher sein, dass Ihre M\u00f6bel oder Accessoires zu Ihnen passen\u2026 und zu Ihrem Haus.  <\/span><\/p><h2 class=\"wp-block-heading\"><span style=\"color: #000000; font-size: 2rem; text-align: var(--text-align);\"><br>Bis bald in Zuidlaren!<\/span><\/h2><p><span style=\"color: #000000;\">Bist du neugierig auf unser Angebot, unsere Beratung oder unsere Ma\u00dfanfertigungen geworden? St\u00f6bere noch ein wenig auf unserer Website und besuche danach unseren Showroom, um das aktuelle Sortiment zu begutachten und nat\u00fcrlich auf (Sitz-)Qualit\u00e4t zu testen. \u00dcber die <a style=\"color: #000000;\" href=\"https:\/\/www.google.com\/maps\/dir\/\/Pine+Design+Wonen,+Verlengde+Stationsweg+8-10,+9471+PL+Zuidlaren\/@53.088589,6.664688,13z\/data=!4m8!4m7!1m0!1m5!1m1!1s0x47c82931795570f1:0xd098f1208b221fa0!2m2!1d6.664688!2d53.088589?hl=nl-NL\" target=\"_blank\" rel=\"noopener\">Routenbeschreibung<\/a> f\u00e4hrst du ganz entspannt bis vor unsere Haust\u00fcr. Bis bald bei Pine Design, dem Einrichtungshaus in Drenthe!   <\/span><\/p>\t\t\t\t\t\t\t\t<\/div>\n\t\t\t\t<\/div>\n\t\t\t\t\t<\/div>\n\t\t\t\t<\/div>\n\t\t\t\t<\/div>\n\t\t","protected":false},"excerpt":{"rendered":"<p>Einrichtungsgesch\u00e4ft in Drenthe Pine Design Wonen Bei Pine Design findest du \u00fcber 2.000 m\u00b2 Wohninspiration, bestehend aus den sch\u00f6nsten M\u00f6beln, prachtvollen Accessoires und Ma\u00dfarbeit. Lass dich von einem unserer Berater und unseren verschiedenen Wohnstilen inspirieren, damit du aus deinem Haus ein echtes Zuhause machen kannst. Das macht Pine Design zum Einrichtungshaus in Drenthe. Unser Familienunternehmen&#8230;<\/p>\n","protected":false},"author":3,"featured_media":0,"parent":0,"menu_order":0,"comment_status":"closed","ping_status":"closed","template":"","meta":{"_joinchat":[],"footnotes":""},"class_list":["post-8223","page","type-page","status-publish","hentry"],"_links":{"self":[{"href":"https:\/\/pinedesign.nl\/de\/wp-json\/wp\/v2\/pages\/8223","targetHints":{"allow":["GET"]}}],"collection":[{"href":"https:\/\/pinedesign.nl\/de\/wp-json\/wp\/v2\/pages"}],"about":[{"href":"https:\/\/pinedesign.nl\/de\/wp-json\/wp\/v2\/types\/page"}],"author":[{"embeddable":true,"href":"https:\/\/pinedesign.nl\/de\/wp-json\/wp\/v2\/users\/3"}],"replies":[{"embeddable":true,"href":"https:\/\/pinedesign.nl\/de\/wp-json\/wp\/v2\/comments?post=8223"}],"version-history":[{"count":6,"href":"https:\/\/pinedesign.nl\/de\/wp-json\/wp\/v2\/pages\/8223\/revisions"}],"predecessor-version":[{"id":8512,"href":"https:\/\/pinedesign.nl\/de\/wp-json\/wp\/v2\/pages\/8223\/revisions\/8512"}],"wp:attachment":[{"href":"https:\/\/pinedesign.nl\/de\/wp-json\/wp\/v2\/media?parent=8223"}],"curies":[{"name":"wp","href":"https:\/\/api.w.org\/{rel}","templated":true}]}}