{"id":7231,"date":"2022-04-05T10:38:28","date_gmt":"2022-04-05T10:38:28","guid":{"rendered":"https:\/\/pinedesign.nl\/moebelhaus-fuer-groningen\/"},"modified":"2026-01-22T14:27:16","modified_gmt":"2026-01-22T14:27:16","slug":"moebelhaus-fuer-groningen","status":"publish","type":"page","link":"https:\/\/pinedesign.nl\/de\/moebelhaus-fuer-groningen\/","title":{"rendered":"M\u00f6belhaus f\u00fcr Groningen"},"content":{"rendered":"\n<div class=\"wp-block-cover\" style=\"min-height:450px;aspect-ratio:unset;\"><span aria-hidden=\"true\" class=\"wp-block-cover__background has-background-dim-10 has-background-dim\"><\/span><img fetchpriority=\"high\" decoding=\"async\" width=\"1280\" height=\"852\" class=\"wp-block-cover__image-background wp-image-4268\" alt=\"\" src=\"https:\/\/pinedesign.nl\/wp-content\/uploads\/2023\/09\/meubelzaak-groningen.jpeg\" data-object-fit=\"cover\" srcset=\"https:\/\/pinedesign.nl\/wp-content\/uploads\/2023\/09\/meubelzaak-groningen.jpeg 1280w, https:\/\/pinedesign.nl\/wp-content\/uploads\/2023\/09\/meubelzaak-groningen-600x399.jpeg 600w, https:\/\/pinedesign.nl\/wp-content\/uploads\/2023\/09\/meubelzaak-groningen-64x43.jpeg 64w, https:\/\/pinedesign.nl\/wp-content\/uploads\/2023\/09\/meubelzaak-groningen-300x200.jpeg 300w, https:\/\/pinedesign.nl\/wp-content\/uploads\/2023\/09\/meubelzaak-groningen-1024x682.jpeg 1024w, https:\/\/pinedesign.nl\/wp-content\/uploads\/2023\/09\/meubelzaak-groningen-768x511.jpeg 768w\" sizes=\"(max-width: 1280px) 100vw, 1280px\" \/><div class=\"wp-block-cover__inner-container is-layout-flow wp-block-cover-is-layout-flow\">\n<p class=\"has-text-align-center has-white-color has-text-color has-large-font-size\"><\/p>\n<\/div><\/div>\n\n<h2 class=\"wp-block-heading\">Willkommen bei Pinedesign<\/h2>\n\n<p>Pinedesign bietet Ihnen \u00fcber 2000 m\u00b2 Wohninspiration. Entdecken Sie das breite, vielseitige Angebot an M\u00f6beln, Accessoires und unsere M\u00f6glichkeiten zur Ma\u00dfanfertigung. Lassen Sie sich von unseren Stylisten durch unsere verschiedenen Wohnstile f\u00fchren oder schauen Sie sich in Ruhe selbst um. Sie kaufen auf Ihre Weise ein. So gestalten Sie Ihr perfektes Zuhause. Das macht Pinedesign zum f\u00fchrenden Einrichtungsgesch\u00e4ft f\u00fcr Groningen. Seit 1984 sind wir ein engagiertes Familienunternehmen und Pinedesign hat sich zu einem Begriff in Nord-Niederlande entwickelt.      <\/p>\n\n<h2 class=\"wp-block-heading\">Brinkdorp Zuidlaren<\/h2>\n\n<p>Sie finden unseren ger\u00e4umigen Showroom am Rande des Zentrums von Zuidlaren. Wir sind von der A28 aus gut erreichbar. Es sind nur 10 Autominuten bis zum Autobahnkreuz Julianaplein. So sind Sie mit dem Auto im Handumdrehen in unserem sch\u00f6nen Brinkdorp. Bei Ihrer Ankunft k\u00f6nnen Sie die vielen kostenlosen Parkpl\u00e4tze an der Vorder- und R\u00fcckseite unseres Showrooms nutzen. Kommen Sie lieber mit \u00f6ffentlichen Verkehrsmitteln? Kein Problem, von der Bushaltestelle Groningen Hauptbahnhof bringt Sie die Linie 5 in nur 20 Minuten direkt vor unsere Haust\u00fcr; die Haltestelle &#8218;Tenielsweg&#8216; ist nur einen Steinwurf entfernt. Ein Bus f\u00e4hrt etwa alle 15 Minuten.       <\/p>\n\n<h2 class=\"wp-block-heading\">F\u00fcr jeden ein Stil<\/h2>\n\n<p>Unser breites Angebot an Topmarken f\u00fcr Ihre Einrichtung ist in <a href=\"https:\/\/pinedesign.nl\/de\/wohnstile\/\">Wohnstile<\/a> unterteilt. Dadurch ist unser Showroom \u00fcbersichtlich und effizient eingerichtet und Sie finden genau den Stil und die dazugeh\u00f6rigen M\u00f6bel, die zu Ihnen passen. Entscheiden Sie sich, selbst zu st\u00f6bern oder lassen Sie sich von einem unserer Stylisten inspirieren. Unsere Stile k\u00f6nnen Sie unten entdecken und sind selbstverst\u00e4ndlich auch gut miteinander kombinierbar. M\u00f6chten Sie eine eigensinnige Note? Dann ist Pinedesign das perfekte M\u00f6belhaus in der N\u00e4he von Groningen f\u00fcr Sie.      <\/p>\n\n<p>W\u00e4hlen Sie unter anderem:<\/p>\n\n<ul class=\"wp-block-list\">\n<li><a href=\"https:\/\/pinedesign.nl\/woonstijl\/comfortabel-stoer\/\">Komfortabel und robust<\/a><\/li>\n\n\n\n<li><a href=\"https:\/\/pinedesign.nl\/woonstijl\/zacht-speels\/\">Weich &amp; verspielt<\/a><\/li>\n\n\n\n<li><a href=\"https:\/\/pinedesign.nl\/woonstijl\/urban-legend\/\">Urban Legend<\/a><\/li>\n\n\n\n<li><a href=\"https:\/\/pinedesign.nl\/woonstijl\/chill-en-relaxt\/\">Entspannt, ruhig &amp; Retro<\/a><\/li>\n\n\n\n<li><a href=\"https:\/\/pinedesign.nl\/woonstijl\/glamour-met-karakter\/\">Glamour mit Charakter<\/a><\/li>\n\n\n\n<li><a href=\"https:\/\/pinedesign.nl\/woonstijl\/speels-en-functioneel\/\">Verspielt &amp; funktionell<\/a><\/li>\n\n\n\n<li><a href=\"https:\/\/pinedesign.nl\/woonstijl\/classic-modern\/\">Klassisch modern<\/a><\/li>\n\n\n\n<li><a href=\"https:\/\/pinedesign.nl\/woonstijl\/basic-chique\/\">Basic schick<\/a><\/li>\n\n\n\n<li><a href=\"https:\/\/pinedesign.nl\/woonstijl\/stoer-en-warm\/\">Robust &amp; warm<\/a><\/li>\n\n\n\n<li><a href=\"https:\/\/pinedesign.nl\/woonstijl\/modern-mix\/\">Modern Mix<\/a><\/li>\n<\/ul>\n\n<h2 class=\"wp-block-heading\">M\u00f6belhaus f\u00fcr Ma\u00dfanfertigungen in der N\u00e4he von Groningen<\/h2>\n\n<p>Neben unseren festen Marken und Wohnstilen k\u00f6nnen Sie sich auch f\u00fcr Ma\u00dfanfertigungen an uns wenden. Sowohl im Bereich Beratung als auch bei Anpassungen. So k\u00f6nnen Sie sicher sein, dass Ihre neuen M\u00f6bel zu Ihnen passen &#8230; und zu Ihrem Haus oder B\u00fcro.<\/p>\n\n<h2 class=\"wp-block-heading\">Bis bald in Zuidlaren!<\/h2>\n\n<p>Suchen Sie Inspiration oder sind Sie neugierig auf unser Angebot an M\u00f6beln, Accessoires und Ma\u00dfanfertigungen? Schauen Sie sich auf unserer Website um und besuchen Sie uns in Zuidlaren, um das aktuelle Angebot zu besichtigen und die Sitzqualit\u00e4t zu testen. \u00dcber die <a href=\"https:\/\/www.google.com\/maps\/dir\/\/Pine+Design+Wonen,+Verlengde+Stationsweg+8-10,+9471+PL+Zuidlaren\/@53.088589,6.664688,13z\/data=!4m8!4m7!1m0!1m5!1m1!1s0x47c82931795570f1:0xd098f1208b221fa0!2m2!1d6.664688!2d53.088589?hl=nl-NL\" target=\"_blank\" rel=\"noopener\">Routenbeschreibung<\/a> fahren Sie dank einer guten Verbindung direkt bis vor unsere Haust\u00fcr. Bis bald bei Pinedesign, dem M\u00f6belhaus f\u00fcr Groningen!<\/p>\n\n<figure class=\"wp-block-image size-large is-resized\"><img decoding=\"async\" width=\"1024\" height=\"695\" src=\"https:\/\/pinedesign.nl\/wp-content\/uploads\/2022\/03\/IMG_3179-1536x1043-1-1024x695.jpeg\" alt=\"Einrichtungsgesch&#xE4;ft Groningen\" class=\"wp-image-1880\" style=\"aspect-ratio:4\/3;object-fit:cover;width:840px;height:undefinedpx\" srcset=\"https:\/\/pinedesign.nl\/wp-content\/uploads\/2022\/03\/IMG_3179-1536x1043-1-1024x695.jpeg 1024w, https:\/\/pinedesign.nl\/wp-content\/uploads\/2022\/03\/IMG_3179-1536x1043-1-600x407.jpeg 600w, https:\/\/pinedesign.nl\/wp-content\/uploads\/2022\/03\/IMG_3179-1536x1043-1-64x43.jpeg 64w, https:\/\/pinedesign.nl\/wp-content\/uploads\/2022\/03\/IMG_3179-1536x1043-1-300x204.jpeg 300w, https:\/\/pinedesign.nl\/wp-content\/uploads\/2022\/03\/IMG_3179-1536x1043-1-768x522.jpeg 768w, https:\/\/pinedesign.nl\/wp-content\/uploads\/2022\/03\/IMG_3179-1536x1043-1.jpeg 1536w\" sizes=\"(max-width: 1024px) 100vw, 1024px\" \/><\/figure>\n","protected":false},"excerpt":{"rendered":"<p>Willkommen bei Pinedesign Pinedesign bietet Ihnen \u00fcber 2000 m\u00b2 Wohninspiration. Entdecken Sie das breite, vielseitige Angebot an M\u00f6beln, Accessoires und unsere M\u00f6glichkeiten zur Ma\u00dfanfertigung. Lassen Sie sich von unseren Stylisten durch unsere verschiedenen Wohnstile f\u00fchren oder schauen Sie sich in Ruhe selbst um. Sie kaufen auf Ihre Weise ein. So gestalten Sie Ihr perfektes Zuhause&#8230;.<\/p>\n","protected":false},"author":3,"featured_media":0,"parent":0,"menu_order":0,"comment_status":"closed","ping_status":"closed","template":"","meta":{"_joinchat":[],"footnotes":""},"class_list":["post-7231","page","type-page","status-publish","hentry"],"_links":{"self":[{"href":"https:\/\/pinedesign.nl\/de\/wp-json\/wp\/v2\/pages\/7231","targetHints":{"allow":["GET"]}}],"collection":[{"href":"https:\/\/pinedesign.nl\/de\/wp-json\/wp\/v2\/pages"}],"about":[{"href":"https:\/\/pinedesign.nl\/de\/wp-json\/wp\/v2\/types\/page"}],"author":[{"embeddable":true,"href":"https:\/\/pinedesign.nl\/de\/wp-json\/wp\/v2\/users\/3"}],"replies":[{"embeddable":true,"href":"https:\/\/pinedesign.nl\/de\/wp-json\/wp\/v2\/comments?post=7231"}],"version-history":[{"count":1,"href":"https:\/\/pinedesign.nl\/de\/wp-json\/wp\/v2\/pages\/7231\/revisions"}],"predecessor-version":[{"id":7238,"href":"https:\/\/pinedesign.nl\/de\/wp-json\/wp\/v2\/pages\/7231\/revisions\/7238"}],"wp:attachment":[{"href":"https:\/\/pinedesign.nl\/de\/wp-json\/wp\/v2\/media?parent=7231"}],"curies":[{"name":"wp","href":"https:\/\/api.w.org\/{rel}","templated":true}]}}