{"id":7214,"date":"2023-09-11T11:14:42","date_gmt":"2023-09-11T11:14:42","guid":{"rendered":"https:\/\/pinedesign.nl\/dtp-interiors\/"},"modified":"2026-01-22T14:27:16","modified_gmt":"2026-01-22T14:27:16","slug":"dtp-interiors","status":"publish","type":"page","link":"https:\/\/pinedesign.nl\/de\/dtp-interiors\/","title":{"rendered":"DTP Interiors"},"content":{"rendered":"\t\t<div data-elementor-type=\"wp-page\" data-elementor-id=\"7214\" class=\"elementor elementor-7214 elementor-3867\" data-elementor-post-type=\"page\">\n\t\t\t\t\t\t<section class=\"elementor-section elementor-top-section elementor-element elementor-element-200093d1 elementor-section-boxed elementor-section-height-default elementor-section-height-default\" data-id=\"200093d1\" data-element_type=\"section\" data-settings=\"{&quot;jet_parallax_layout_list&quot;:[{&quot;jet_parallax_layout_image&quot;:{&quot;url&quot;:&quot;&quot;,&quot;id&quot;:&quot;&quot;,&quot;size&quot;:&quot;&quot;},&quot;_id&quot;:&quot;4f41cdc&quot;,&quot;jet_parallax_layout_image_tablet&quot;:{&quot;url&quot;:&quot;&quot;,&quot;id&quot;:&quot;&quot;,&quot;size&quot;:&quot;&quot;},&quot;jet_parallax_layout_image_mobile&quot;:{&quot;url&quot;:&quot;&quot;,&quot;id&quot;:&quot;&quot;,&quot;size&quot;:&quot;&quot;},&quot;jet_parallax_layout_speed&quot;:{&quot;unit&quot;:&quot;%&quot;,&quot;size&quot;:50,&quot;sizes&quot;:[]},&quot;jet_parallax_layout_type&quot;:&quot;scroll&quot;,&quot;jet_parallax_layout_direction&quot;:&quot;1&quot;,&quot;jet_parallax_layout_fx_direction&quot;:null,&quot;jet_parallax_layout_z_index&quot;:&quot;&quot;,&quot;jet_parallax_layout_bg_x&quot;:50,&quot;jet_parallax_layout_bg_x_tablet&quot;:&quot;&quot;,&quot;jet_parallax_layout_bg_x_mobile&quot;:&quot;&quot;,&quot;jet_parallax_layout_bg_y&quot;:50,&quot;jet_parallax_layout_bg_y_tablet&quot;:&quot;&quot;,&quot;jet_parallax_layout_bg_y_mobile&quot;:&quot;&quot;,&quot;jet_parallax_layout_bg_size&quot;:&quot;auto&quot;,&quot;jet_parallax_layout_bg_size_tablet&quot;:&quot;&quot;,&quot;jet_parallax_layout_bg_size_mobile&quot;:&quot;&quot;,&quot;jet_parallax_layout_animation_prop&quot;:&quot;transform&quot;,&quot;jet_parallax_layout_on&quot;:[&quot;desktop&quot;,&quot;tablet&quot;]}]}\">\n\t\t\t\t\t\t<div class=\"elementor-container elementor-column-gap-default\">\n\t\t\t\t\t<div class=\"elementor-column elementor-col-100 elementor-top-column elementor-element elementor-element-4b57f93\" data-id=\"4b57f93\" data-element_type=\"column\">\n\t\t\t<div class=\"elementor-widget-wrap elementor-element-populated\">\n\t\t\t\t\t\t<div class=\"elementor-element elementor-element-2cb20f97 elementor-widget elementor-widget-text-editor\" data-id=\"2cb20f97\" data-element_type=\"widget\" data-widget_type=\"text-editor.default\">\n\t\t\t\t<div class=\"elementor-widget-container\">\n\t\t\t\t\t\t\t\t\t<p><\/p>\n<div class=\"wp-block-cover is-light\" style=\"min-height: 450px;\">\n<p><img fetchpriority=\"high\" decoding=\"async\" width=\"1536\" height=\"1022\" class=\"wp-block-cover__image-background wp-image-1876\" style=\"object-position: 0% 0%;\" src=\"https:\/\/pinedesign.nl\/wp-content\/uploads\/2022\/03\/pinedesign_3mei2021_039-1536x1022-1.jpeg\" alt=\"Einrichtungsgesch\u00e4ft Drenthe\" data-object-fit=\"cover\" data-object-position=\"0% 0%\" srcset=\"https:\/\/pinedesign.nl\/wp-content\/uploads\/2022\/03\/pinedesign_3mei2021_039-1536x1022-1.jpeg 1536w, https:\/\/pinedesign.nl\/wp-content\/uploads\/2022\/03\/pinedesign_3mei2021_039-1536x1022-1-600x399.jpeg 600w, https:\/\/pinedesign.nl\/wp-content\/uploads\/2022\/03\/pinedesign_3mei2021_039-1536x1022-1-64x43.jpeg 64w, https:\/\/pinedesign.nl\/wp-content\/uploads\/2022\/03\/pinedesign_3mei2021_039-1536x1022-1-300x200.jpeg 300w, https:\/\/pinedesign.nl\/wp-content\/uploads\/2022\/03\/pinedesign_3mei2021_039-1536x1022-1-1024x681.jpeg 1024w, https:\/\/pinedesign.nl\/wp-content\/uploads\/2022\/03\/pinedesign_3mei2021_039-1536x1022-1-768x511.jpeg 768w\" sizes=\"(max-width: 1536px) 100vw, 1536px\" \/><\/p>\n<div class=\"wp-block-cover__inner-container\">\n<p><\/p>\n<p class=\"has-text-align-center has-white-color has-text-color has-large-font-size\"> <\/p>\n<p><\/p>\n<\/div>\n<\/div>\n<p><\/p>\n<p><strong>M\u00f6chten Sie nachhaltige M\u00f6bel ins Haus holen? Dann ist die Marke DTP Interiors genau das Richtige f\u00fcr Sie. Die M\u00f6bel von DTP Interiors werden in Asien von Hand unter Verwendung traditioneller Techniken hergestellt. Dies tun sie bereits seit 1995. Die M\u00f6bel werden auf faire Weise aus recycelten und nat\u00fcrlichen Materialien hergestellt. Dies sorgt daf\u00fcr, dass jedes Produkt von DTP Interiors einzigartig ist und Charakter ausstrahlt. Neugierig auf DTP Interiors? Dann werfen Sie unbedingt einen Blick auf das Sortiment, das wir bei Pine Design haben.       <\/strong><\/p>\n<p> <\/p>\n<p><\/p>\n<h2 class=\"wp-block-heading\">Die Kollektion<\/h2>\n<p><\/p>\n<p><span style=\"font-weight: 400;\">Die Kollektion von DTP Interiors zeichnet sich durch die wiederkehrende Verwendung von Teakholz in Kombination mit Metallelementen aus. Die M\u00f6bel sind schlicht und zeitlos gestaltet, wodurch sie eine gute Grundlage f\u00fcr Ihre Einrichtung bilden, was auch immer Ihr <\/span><a href=\"https:\/\/pinedesign.nl\/de\/wohnstile\/\"><span style=\"font-weight: 400;\">Wohnstil<\/span><\/a><span style=\"font-weight: 400;\"> ist. Dadurch werden Sie sich an den M\u00f6beln von DTP Interiors nicht so schnell sattsehen. Vervollst\u00e4ndigen Sie die Einrichtung mit verschiedenen Accessoires. Die Kollektion von DTP Interiors besteht aus:<\/span><\/p>\n<ul>\n<li style=\"font-weight: 400;\" aria-level=\"1\"><span style=\"font-weight: 400;\">Tische<\/span><\/li>\n<li style=\"font-weight: 400;\" aria-level=\"1\"><span style=\"font-weight: 400;\">Schr\u00e4nke<\/span><\/li>\n<li style=\"font-weight: 400;\" aria-level=\"1\"><span style=\"font-weight: 400;\">St\u00fchle<\/span><\/li>\n<li style=\"font-weight: 400;\" aria-level=\"1\"><span style=\"font-weight: 400;\">Anrichten<\/span><\/li>\n<li style=\"font-weight: 400;\" aria-level=\"1\"><span style=\"font-weight: 400;\">Couchtische<\/span><\/li>\n<li style=\"font-weight: 400;\" aria-level=\"1\"><span style=\"font-weight: 400;\">TV-Anrichten<\/span><\/li>\n<\/ul>\n<p> <\/p>\n<p><\/p>\n<h3><span style=\"font-weight: 400;\">Esstische von DTP Interiors<\/span><\/h3>\n<p><span style=\"font-weight: 400;\">Der Esstisch ist oft der Mittelpunkt des Haushalts, ein Ort, an dem die Familie zusammenkommt. Deshalb ist es wichtig, dass man gut am Esstisch sitzen kann und er zudem gut aussieht. Die Esstische von DTP Interiors sind eine stilvolle Erg\u00e4nzung f\u00fcr Ihr Esszimmer. Eine klassische <\/span><a href=\"https:\/\/pinedesign.nl\/de\/teakholzmoebel\/\"><span style=\"font-weight: 400;\">Teakholz<\/span><\/a><span style=\"font-weight: 400;\">-Tischplatte trifft auf robuste, massive Beine aus Holz oder Stahl. Das Ergebnis ist beispielsweise der robuste Esstisch <\/span><a href=\"\/product\/eettafel-borgo\/\"><span style=\"font-weight: 400;\">Borgo<\/span><\/a><span style=\"font-weight: 400;\">. Dieses zeitlose Design passt zu vielen Einrichtungsstilen, also auch zu Ihrem!<\/span><\/p>\n<h3><span style=\"font-weight: 400;\">Schr\u00e4nke von DTP Interiors<\/span><\/h3>\n<p><span style=\"font-weight: 400;\">Die schlichten und stilvollen Designs von DTP Interiors spiegeln sich auch in den Schr\u00e4nken wider, die sie herstellen. Teakholz wird mit schlichten Rahmen aus dunklem Metall kombiniert, was ein robustes Aussehen verleiht. Ob Sie den Schrank nun im Wohnzimmer, Esszimmer oder Schlafzimmer aufstellen: Die Schr\u00e4nke k\u00f6nnen f\u00fcr jeden Zweck verwendet werden.  <\/span><\/p>\n<h3><span style=\"font-weight: 400;\">Accessoires von DTP Interiors<\/span><\/h3>\n<p><span style=\"font-weight: 400;\">Ihre Einrichtung ist erst dann vollst\u00e4ndig, wenn Sie noch keine Accessoires hinzugef\u00fcgt haben. Gestalten Sie Ihre Lieblingsm\u00f6bel von DTP Interiors mit einem ihrer einzigartigen Accessoires. Dies verleiht den schlichten und zeitlosen M\u00f6beln das gewisse Extra. F\u00fcr eine spielerische Note in Ihrer Einrichtung k\u00f6nnen Sie beispielsweise die Bubble-Tischleuchte aufstellen. Finden Sie das gesamte Sortiment an Accessoires in unserem Showroom!    <\/span><\/p>\n<p> <\/p>\n<h2><span style=\"font-weight: 400;\">DTP Interiors M\u00f6bel bei Pine Design<\/span><\/h2>\n<p><span style=\"font-weight: 400;\">Wir von Pine Design haben \u00fcber 2.000 m\u00b2 Wohninspiration f\u00fcr Sie bereitstehen, darunter die sch\u00f6nen M\u00f6bel von DTP Interiors. Lassen Sie sich von den verschiedenen Esstischen, Schr\u00e4nken, (TV-)Anrichten und Accessoires inspirieren, die wir zu bieten haben. Neben DTP Interiors haben wir noch viele weitere sch\u00f6ne Marken in unserem Showroom, also schauen Sie sich um und lassen Sie sich \u00fcberraschen!  <\/span><\/p>\n<h2><span style=\"font-weight: 400;\">Bis bald bei Pine Design!<\/span><\/h2>\n<p><span style=\"font-weight: 400;\">Neugierig geworden auf das Sortiment von DTP Interiors? Das verstehen wir vollkommen! Sie sind herzlich willkommen in unserem Showroom in Zuidlaren. Schauen Sie sich in Ruhe um und lassen Sie sich von allen M\u00f6beln inspirieren, die Pine Design zu bieten hat. Bei Fragen stehen wir Ihnen jederzeit zur Verf\u00fcgung. \u00dcber die <\/span><a href=\"https:\/\/www.google.com\/maps\/dir\/\/Pine+Design+Wonen,+Verlengde+Stationsweg+8-10,+9471+PL+Zuidlaren\/@53.088589,6.664688,13z\/data=!4m8!4m7!1m0!1m5!1m1!1s0x47c82931795570f1:0xd098f1208b221fa0!2m2!1d6.664688!2d53.088589?hl=nl-NL\" target=\"_blank\" rel=\"noopener\"><span style=\"font-weight: 400;\">Routenbeschreibung<\/span><\/a><span style=\"font-weight: 400;\"> fahren Sie mit Leichtigkeit zu unserem Showroom.<\/span><\/p>\n<p> <\/p>\n<p><\/p>\t\t\t\t\t\t\t\t<\/div>\n\t\t\t\t<\/div>\n\t\t\t\t\t<\/div>\n\t\t<\/div>\n\t\t\t\t\t<\/div>\n\t\t<\/section>\n\t\t\t\t<section class=\"elementor-section elementor-top-section elementor-element elementor-element-1546dd1 elementor-section-boxed elementor-section-height-default elementor-section-height-default\" data-id=\"1546dd1\" data-element_type=\"section\" data-settings=\"{&quot;jet_parallax_layout_list&quot;:[{&quot;jet_parallax_layout_image&quot;:{&quot;url&quot;:&quot;&quot;,&quot;id&quot;:&quot;&quot;,&quot;size&quot;:&quot;&quot;},&quot;_id&quot;:&quot;91b4f3d&quot;,&quot;jet_parallax_layout_image_tablet&quot;:{&quot;url&quot;:&quot;&quot;,&quot;id&quot;:&quot;&quot;,&quot;size&quot;:&quot;&quot;},&quot;jet_parallax_layout_image_mobile&quot;:{&quot;url&quot;:&quot;&quot;,&quot;id&quot;:&quot;&quot;,&quot;size&quot;:&quot;&quot;},&quot;jet_parallax_layout_speed&quot;:{&quot;unit&quot;:&quot;%&quot;,&quot;size&quot;:50,&quot;sizes&quot;:[]},&quot;jet_parallax_layout_type&quot;:&quot;scroll&quot;,&quot;jet_parallax_layout_direction&quot;:&quot;1&quot;,&quot;jet_parallax_layout_fx_direction&quot;:null,&quot;jet_parallax_layout_z_index&quot;:&quot;&quot;,&quot;jet_parallax_layout_bg_x&quot;:50,&quot;jet_parallax_layout_bg_x_tablet&quot;:&quot;&quot;,&quot;jet_parallax_layout_bg_x_mobile&quot;:&quot;&quot;,&quot;jet_parallax_layout_bg_y&quot;:50,&quot;jet_parallax_layout_bg_y_tablet&quot;:&quot;&quot;,&quot;jet_parallax_layout_bg_y_mobile&quot;:&quot;&quot;,&quot;jet_parallax_layout_bg_size&quot;:&quot;auto&quot;,&quot;jet_parallax_layout_bg_size_tablet&quot;:&quot;&quot;,&quot;jet_parallax_layout_bg_size_mobile&quot;:&quot;&quot;,&quot;jet_parallax_layout_animation_prop&quot;:&quot;transform&quot;,&quot;jet_parallax_layout_on&quot;:[&quot;desktop&quot;,&quot;tablet&quot;]}]}\">\n\t\t\t\t\t\t<div class=\"elementor-container elementor-column-gap-default\">\n\t\t\t\t\t<div class=\"elementor-column elementor-col-100 elementor-top-column elementor-element elementor-element-ddda30b\" data-id=\"ddda30b\" data-element_type=\"column\">\n\t\t\t<div class=\"elementor-widget-wrap elementor-element-populated\">\n\t\t\t\t\t\t<div class=\"elementor-element elementor-element-85f62dc elementor-widget elementor-widget-image\" data-id=\"85f62dc\" data-element_type=\"widget\" data-widget_type=\"image.default\">\n\t\t\t\t<div class=\"elementor-widget-container\">\n\t\t\t\t\t\t\t\t\t\t\t\t\t\t\t<img decoding=\"async\" width=\"800\" height=\"543\" src=\"https:\/\/pinedesign.nl\/wp-content\/uploads\/2023\/02\/IMG_3179-2048x1390-1-1024x695.jpg\" class=\"attachment-large size-large wp-image-2751\" alt=\"\" srcset=\"https:\/\/pinedesign.nl\/wp-content\/uploads\/2023\/02\/IMG_3179-2048x1390-1-1024x695.jpg 1024w, https:\/\/pinedesign.nl\/wp-content\/uploads\/2023\/02\/IMG_3179-2048x1390-1-600x407.jpg 600w, https:\/\/pinedesign.nl\/wp-content\/uploads\/2023\/02\/IMG_3179-2048x1390-1-64x43.jpg 64w, https:\/\/pinedesign.nl\/wp-content\/uploads\/2023\/02\/IMG_3179-2048x1390-1-300x204.jpg 300w, https:\/\/pinedesign.nl\/wp-content\/uploads\/2023\/02\/IMG_3179-2048x1390-1-768x521.jpg 768w, https:\/\/pinedesign.nl\/wp-content\/uploads\/2023\/02\/IMG_3179-2048x1390-1-1536x1043.jpg 1536w, https:\/\/pinedesign.nl\/wp-content\/uploads\/2023\/02\/IMG_3179-2048x1390-1.jpg 2048w\" sizes=\"(max-width: 800px) 100vw, 800px\" \/>\t\t\t\t\t\t\t\t\t\t\t\t\t\t\t<\/div>\n\t\t\t\t<\/div>\n\t\t\t\t\t<\/div>\n\t\t<\/div>\n\t\t\t\t\t<\/div>\n\t\t<\/section>\n\t\t\t\t<\/div>\n\t\t","protected":false},"excerpt":{"rendered":"<p>M\u00f6chten Sie nachhaltige M\u00f6bel ins Haus holen? Dann ist die Marke DTP Interiors genau das Richtige f\u00fcr Sie. Die M\u00f6bel von DTP Interiors werden in Asien von Hand unter Verwendung traditioneller Techniken hergestellt. Dies tun sie bereits seit 1995. Die M\u00f6bel werden auf faire Weise aus recycelten und nat\u00fcrlichen Materialien hergestellt. Dies sorgt daf\u00fcr, dass&#8230;<\/p>\n","protected":false},"author":3,"featured_media":0,"parent":0,"menu_order":0,"comment_status":"closed","ping_status":"closed","template":"","meta":{"_joinchat":[],"footnotes":""},"class_list":["post-7214","page","type-page","status-publish","hentry"],"_links":{"self":[{"href":"https:\/\/pinedesign.nl\/de\/wp-json\/wp\/v2\/pages\/7214","targetHints":{"allow":["GET"]}}],"collection":[{"href":"https:\/\/pinedesign.nl\/de\/wp-json\/wp\/v2\/pages"}],"about":[{"href":"https:\/\/pinedesign.nl\/de\/wp-json\/wp\/v2\/types\/page"}],"author":[{"embeddable":true,"href":"https:\/\/pinedesign.nl\/de\/wp-json\/wp\/v2\/users\/3"}],"replies":[{"embeddable":true,"href":"https:\/\/pinedesign.nl\/de\/wp-json\/wp\/v2\/comments?post=7214"}],"version-history":[{"count":7,"href":"https:\/\/pinedesign.nl\/de\/wp-json\/wp\/v2\/pages\/7214\/revisions"}],"predecessor-version":[{"id":7237,"href":"https:\/\/pinedesign.nl\/de\/wp-json\/wp\/v2\/pages\/7214\/revisions\/7237"}],"wp:attachment":[{"href":"https:\/\/pinedesign.nl\/de\/wp-json\/wp\/v2\/media?parent=7214"}],"curies":[{"name":"wp","href":"https:\/\/api.w.org\/{rel}","templated":true}]}}