{"id":7147,"date":"2023-09-11T14:13:03","date_gmt":"2023-09-11T14:13:03","guid":{"rendered":"https:\/\/pinedesign.nl\/teakholzmoebel\/"},"modified":"2026-01-22T14:27:16","modified_gmt":"2026-01-22T14:27:16","slug":"teakholzmoebel","status":"publish","type":"page","link":"https:\/\/pinedesign.nl\/de\/teakholzmoebel\/","title":{"rendered":"Teakholzm\u00f6bel"},"content":{"rendered":"\t\t<div data-elementor-type=\"wp-page\" data-elementor-id=\"7147\" class=\"elementor elementor-7147 elementor-3968\" data-elementor-post-type=\"page\">\n\t\t\t\t\t\t<section class=\"elementor-section elementor-top-section elementor-element elementor-element-200093d1 elementor-section-boxed elementor-section-height-default elementor-section-height-default\" data-id=\"200093d1\" data-element_type=\"section\" data-settings=\"{&quot;jet_parallax_layout_list&quot;:[{&quot;jet_parallax_layout_image&quot;:{&quot;url&quot;:&quot;&quot;,&quot;id&quot;:&quot;&quot;,&quot;size&quot;:&quot;&quot;},&quot;_id&quot;:&quot;4f41cdc&quot;,&quot;jet_parallax_layout_image_tablet&quot;:{&quot;url&quot;:&quot;&quot;,&quot;id&quot;:&quot;&quot;,&quot;size&quot;:&quot;&quot;},&quot;jet_parallax_layout_image_mobile&quot;:{&quot;url&quot;:&quot;&quot;,&quot;id&quot;:&quot;&quot;,&quot;size&quot;:&quot;&quot;},&quot;jet_parallax_layout_speed&quot;:{&quot;unit&quot;:&quot;%&quot;,&quot;size&quot;:50,&quot;sizes&quot;:[]},&quot;jet_parallax_layout_type&quot;:&quot;scroll&quot;,&quot;jet_parallax_layout_direction&quot;:&quot;1&quot;,&quot;jet_parallax_layout_fx_direction&quot;:null,&quot;jet_parallax_layout_z_index&quot;:&quot;&quot;,&quot;jet_parallax_layout_bg_x&quot;:50,&quot;jet_parallax_layout_bg_x_tablet&quot;:&quot;&quot;,&quot;jet_parallax_layout_bg_x_mobile&quot;:&quot;&quot;,&quot;jet_parallax_layout_bg_y&quot;:50,&quot;jet_parallax_layout_bg_y_tablet&quot;:&quot;&quot;,&quot;jet_parallax_layout_bg_y_mobile&quot;:&quot;&quot;,&quot;jet_parallax_layout_bg_size&quot;:&quot;auto&quot;,&quot;jet_parallax_layout_bg_size_tablet&quot;:&quot;&quot;,&quot;jet_parallax_layout_bg_size_mobile&quot;:&quot;&quot;,&quot;jet_parallax_layout_animation_prop&quot;:&quot;transform&quot;,&quot;jet_parallax_layout_on&quot;:[&quot;desktop&quot;,&quot;tablet&quot;]}]}\">\n\t\t\t\t\t\t<div class=\"elementor-container elementor-column-gap-default\">\n\t\t\t\t\t<div class=\"elementor-column elementor-col-100 elementor-top-column elementor-element elementor-element-4b57f93\" data-id=\"4b57f93\" data-element_type=\"column\">\n\t\t\t<div class=\"elementor-widget-wrap elementor-element-populated\">\n\t\t\t\t\t\t<div class=\"elementor-element elementor-element-2cb20f97 elementor-widget elementor-widget-text-editor\" data-id=\"2cb20f97\" data-element_type=\"widget\" data-widget_type=\"text-editor.default\">\n\t\t\t\t<div class=\"elementor-widget-container\">\n\t\t\t\t\t\t\t\t\t<p><\/p>\n<div class=\"wp-block-cover is-light\" style=\"min-height: 450px;\">\n<p><img fetchpriority=\"high\" decoding=\"async\" width=\"1536\" height=\"1022\" class=\"wp-block-cover__image-background wp-image-1876\" style=\"object-position: 0% 0%;\" src=\"https:\/\/pinedesign.nl\/wp-content\/uploads\/2022\/03\/pinedesign_3mei2021_039-1536x1022-1.jpeg\" alt=\"Einrichtungsgesch\u00e4ft Drenthe\" data-object-fit=\"cover\" data-object-position=\"0% 0%\" srcset=\"https:\/\/pinedesign.nl\/wp-content\/uploads\/2022\/03\/pinedesign_3mei2021_039-1536x1022-1.jpeg 1536w, https:\/\/pinedesign.nl\/wp-content\/uploads\/2022\/03\/pinedesign_3mei2021_039-1536x1022-1-600x399.jpeg 600w, https:\/\/pinedesign.nl\/wp-content\/uploads\/2022\/03\/pinedesign_3mei2021_039-1536x1022-1-64x43.jpeg 64w, https:\/\/pinedesign.nl\/wp-content\/uploads\/2022\/03\/pinedesign_3mei2021_039-1536x1022-1-300x200.jpeg 300w, https:\/\/pinedesign.nl\/wp-content\/uploads\/2022\/03\/pinedesign_3mei2021_039-1536x1022-1-1024x681.jpeg 1024w, https:\/\/pinedesign.nl\/wp-content\/uploads\/2022\/03\/pinedesign_3mei2021_039-1536x1022-1-768x511.jpeg 768w\" sizes=\"(max-width: 1536px) 100vw, 1536px\" \/><\/p>\n<div class=\"wp-block-cover__inner-container\">\n<p><\/p>\n<p class=\"has-text-align-center has-white-color has-text-color has-large-font-size\"> <\/p>\n<p><\/p>\n<\/div>\n<\/div>\n<p><\/p>\n<p><strong>Teakholzm\u00f6bel sind seit Jahren beliebt. Das Holz stammt von der Tectona Grandis, einem Baum, der haupts\u00e4chlich in S\u00fcdostasien w\u00e4chst. Heutzutage wird der Teakbaum auch in anderen Teilen der Welt gepflanzt, wodurch das Holz in verschiedenen Farben und H\u00e4rten vorkommt. Im Allgemeinen ist Teakholz eine robuste und feste Holzart, perfekt f\u00fcr die Herstellung von M\u00f6beln. Teakholzm\u00f6bel sind in vielen Haushalten in verschiedenen Ausf\u00fchrungen zu finden, wie z. B. Schr\u00e4nke, Tische und TV-M\u00f6bel. Bei Pine Design Wonen haben wir verschiedene M\u00f6bel aus Teakholz hergestellt.     <\/strong><\/p>\n<p> <\/p>\n<h2><span style=\"font-weight: 400;\">Warum Teakholzm\u00f6bel?<\/span><\/h2>\n<p><span style=\"font-weight: 400;\">Es gibt verschiedene Gr\u00fcnde, warum Teakholzm\u00f6bel eine gute Wahl f\u00fcr Ihre Einrichtung sind. Teakholz ist zeitlos, sodass Sie sich nicht so schnell daran sattsehen werden. Das starke Holz verleiht dem industriellen Wohnstil eine robuste Note, passt aber auch gut zu ruhigen und l\u00e4ndlichen Wohnstilen. Es kommt nur darauf an, wie dunkel das Holz ist und welche Wohnaccessoires Sie w\u00e4hlen. So eignet sich Teakholz perfekt f\u00fcr verschiedene     <\/span><a href=\"https:\/\/pinedesign.nl\/de\/wohnstile\/\" rel=\"noopener\"><span style=\"font-weight: 400;\">Wohnstile<\/span><\/a><span style=\"font-weight: 400;\">. Au\u00dferdem wissen Sie, dass Teakholzm\u00f6bel jahrelang halten. Teakholz ist von guter Qualit\u00e4t und ein haltbares Material, das nicht so leicht kaputt geht.<\/span><\/p>\n<p> <\/p>\n<h2><span style=\"font-weight: 400;\">Die Pflege von Teakholzm\u00f6beln<\/span><\/h2>\n<p><span style=\"font-weight: 400;\">Um Ihre Teakholzm\u00f6bel sch\u00f6n zu halten, m\u00fcssen Sie nicht viel tun. Teakholz ist ein starkes Material, wodurch die M\u00f6bel einiges aushalten k\u00f6nnen, sie werden nicht so leicht besch\u00e4digt. Dadurch halten Sie das Holz sauber und verhindern eine Verf\u00e4rbung des Holzes.  <\/span><\/p>\n<p> <\/p>\n<h2><span style=\"font-weight: 400;\">Teakholztisch<\/span><\/h2>\n<p><span style=\"font-weight: 400;\">Ein Tisch aus Teakholz ist ein echter Hingucker. Aufgrund des schweren und massiven Holzes ergibt sich schnell ein robustes Aussehen. W\u00e4hlen Sie eine Teakholz-Tischplatte und Stahlbeine, um den robusten Look zu betonen. Halten Sie das Ganze im Gleichgewicht, indem Sie farbenfrohe und verspielte Esszimmerst\u00fchle w\u00e4hlen. Ein Tisch, der vollst\u00e4ndig aus Teakholz gefertigt ist, ist beispielsweise <\/span><span style=\"font-weight: 400;\"><a href=\"\/product\/eettafel-borgo\/\" rel=\"noopener\">Esstisch Borgo<\/a> von DTP Interiors<\/span><span style=\"font-weight: 400;\">. Ein perfekter Esstisch f\u00fcr eine l\u00e4ndliche Einrichtung.<\/span><\/p>\n<h2><span style=\"font-weight: 400;\">Teakholzschrank und Sideboard<\/span><\/h2>\n<p><span style=\"font-weight: 400;\">Teakholz eignet sich auch perfekt f\u00fcr die Herstellung eines stabilen Schranks oder Sideboards. Das robuste Holz sorgt f\u00fcr ein robustes Aussehen, insbesondere in Kombination mit Stahlelementen. Ein l\u00e4ndlicheres Aussehen erzielen Sie beispielsweise mit einem Teakholz-Wandschrank. Anstelle von Stahlakzenten k\u00f6nnen Sie sich dann f\u00fcr Holz- oder klassische Akzente entscheiden.  <\/span><\/p>\n<h2><span style=\"font-weight: 400;\">TV-M\u00f6bel aus Teakholz<\/span><\/h2>\n<p><span style=\"font-weight: 400;\">Die Wahrscheinlichkeit ist gro\u00df, dass Sie abends gerne vor dem Fernseher sitzen. Sie schauen haupts\u00e4chlich fern, sehen aber auch alle M\u00f6bel und Accessoires um ihn herum, wie z. B. das TV-M\u00f6bel. Sie wollen nat\u00fcrlich etwas Sch\u00f6nes sehen! Mit einem Teakholz-TV-M\u00f6bel liegen Sie richtig. Auch hier sind die M\u00f6glichkeiten endlos, schauen Sie sich zum Beispiel das robuste     <\/span><a href=\"\/product\/vermeer-kopie-kopie\/\" rel=\"noopener\"><span style=\"font-weight: 400;\">TV-Sideboard OMG<\/span><\/a><span style=\"font-weight: 400;\"> von Gusj oder <\/span><a href=\"https:\/\/pinedesign.nl\/product\/tv-meubel-ethnicraft-kopie\/\" rel=\"noopener\"><span style=\"font-weight: 400;\">TV-M\u00f6bel Graphic<\/span><\/a><span style=\"font-weight: 400;\"> von Ethnicraf<\/span><span style=\"font-weight: 400;\">t<\/span><span style=\"font-weight: 400;\"> an. Sie k\u00f6nnen ein TV-M\u00f6bel mit Holzbeinen, Stahlbeinen oder sogar ohne Beine w\u00e4hlen. W\u00e4hlen Sie ein schwebendes TV-M\u00f6bel f\u00fcr ein ruhiges Aussehen. Kombinieren Sie es mit Accessoires und der Look ist komplett! <\/span> <\/p>\n<p> <\/p>\n<h2><span style=\"font-weight: 400;\">Teakholzm\u00f6bel bei Pine Design<\/span><\/h2>\n<p><span style=\"font-weight: 400;\">Neugierig geworden auf Teakholzm\u00f6bel? Bei Pine Design finden Sie mehr als 2.000 m\u00b2 Wohninspiration. In unserem Showroom finden Sie Teakholztische, Schr\u00e4nke, TV-M\u00f6bel und Sideboards. Kommen Sie vorbei und lassen Sie sich von den M\u00f6glichkeiten dieser sch\u00f6nen Holzart \u00fcberraschen. M\u00f6chten Sie sich gerne \u00fcber unsere M\u00f6bel beraten lassen und erfahren, was f\u00fcr Ihre Einrichtung am besten geeignet ist? Unser erfahrenes Team steht Ihnen gerne bei allen Fragen zur Seite! Sehen wir Sie bei Pine Design Zuidlaren? \u00dcber unsere        <\/span><a href=\"https:\/\/www.google.com\/maps\/dir\/\/Pine+Design+Wonen,+Verlengde+Stationsweg+8-10,+9471+PL+Zuidlaren\/@53.088589,6.664688,13z\/data=!4m8!4m7!1m0!1m5!1m1!1s0x47c82931795570f1:0xd098f1208b221fa0!2m2!1d6.664688!2d53.088589?hl=nl-NL\" target=\"_blank\" rel=\"noopener\"><span style=\"font-weight: 400;\">Routenbeschreibung<\/span><\/a><span style=\"font-weight: 400;\"> sind Sie im Nu da!<\/span><\/p>\n<p><\/p>\t\t\t\t\t\t\t\t<\/div>\n\t\t\t\t<\/div>\n\t\t\t\t\t<\/div>\n\t\t<\/div>\n\t\t\t\t\t<\/div>\n\t\t<\/section>\n\t\t\t\t<section class=\"elementor-section elementor-top-section elementor-element elementor-element-1546dd1 elementor-section-boxed elementor-section-height-default elementor-section-height-default\" data-id=\"1546dd1\" data-element_type=\"section\" data-settings=\"{&quot;jet_parallax_layout_list&quot;:[{&quot;jet_parallax_layout_image&quot;:{&quot;url&quot;:&quot;&quot;,&quot;id&quot;:&quot;&quot;,&quot;size&quot;:&quot;&quot;},&quot;_id&quot;:&quot;91b4f3d&quot;,&quot;jet_parallax_layout_image_tablet&quot;:{&quot;url&quot;:&quot;&quot;,&quot;id&quot;:&quot;&quot;,&quot;size&quot;:&quot;&quot;},&quot;jet_parallax_layout_image_mobile&quot;:{&quot;url&quot;:&quot;&quot;,&quot;id&quot;:&quot;&quot;,&quot;size&quot;:&quot;&quot;},&quot;jet_parallax_layout_speed&quot;:{&quot;unit&quot;:&quot;%&quot;,&quot;size&quot;:50,&quot;sizes&quot;:[]},&quot;jet_parallax_layout_type&quot;:&quot;scroll&quot;,&quot;jet_parallax_layout_direction&quot;:&quot;1&quot;,&quot;jet_parallax_layout_fx_direction&quot;:null,&quot;jet_parallax_layout_z_index&quot;:&quot;&quot;,&quot;jet_parallax_layout_bg_x&quot;:50,&quot;jet_parallax_layout_bg_x_tablet&quot;:&quot;&quot;,&quot;jet_parallax_layout_bg_x_mobile&quot;:&quot;&quot;,&quot;jet_parallax_layout_bg_y&quot;:50,&quot;jet_parallax_layout_bg_y_tablet&quot;:&quot;&quot;,&quot;jet_parallax_layout_bg_y_mobile&quot;:&quot;&quot;,&quot;jet_parallax_layout_bg_size&quot;:&quot;auto&quot;,&quot;jet_parallax_layout_bg_size_tablet&quot;:&quot;&quot;,&quot;jet_parallax_layout_bg_size_mobile&quot;:&quot;&quot;,&quot;jet_parallax_layout_animation_prop&quot;:&quot;transform&quot;,&quot;jet_parallax_layout_on&quot;:[&quot;desktop&quot;,&quot;tablet&quot;]}]}\">\n\t\t\t\t\t\t<div class=\"elementor-container elementor-column-gap-default\">\n\t\t\t\t\t<div class=\"elementor-column elementor-col-100 elementor-top-column elementor-element elementor-element-ddda30b\" data-id=\"ddda30b\" data-element_type=\"column\">\n\t\t\t<div class=\"elementor-widget-wrap elementor-element-populated\">\n\t\t\t\t\t\t<div class=\"elementor-element elementor-element-85f62dc elementor-widget elementor-widget-image\" data-id=\"85f62dc\" data-element_type=\"widget\" data-widget_type=\"image.default\">\n\t\t\t\t<div class=\"elementor-widget-container\">\n\t\t\t\t\t\t\t\t\t\t\t\t\t\t\t<img decoding=\"async\" width=\"800\" height=\"543\" src=\"https:\/\/pinedesign.nl\/wp-content\/uploads\/2023\/02\/IMG_3179-2048x1390-1-1024x695.jpg\" class=\"attachment-large size-large wp-image-2751\" alt=\"\" srcset=\"https:\/\/pinedesign.nl\/wp-content\/uploads\/2023\/02\/IMG_3179-2048x1390-1-1024x695.jpg 1024w, https:\/\/pinedesign.nl\/wp-content\/uploads\/2023\/02\/IMG_3179-2048x1390-1-600x407.jpg 600w, https:\/\/pinedesign.nl\/wp-content\/uploads\/2023\/02\/IMG_3179-2048x1390-1-64x43.jpg 64w, https:\/\/pinedesign.nl\/wp-content\/uploads\/2023\/02\/IMG_3179-2048x1390-1-300x204.jpg 300w, https:\/\/pinedesign.nl\/wp-content\/uploads\/2023\/02\/IMG_3179-2048x1390-1-768x521.jpg 768w, https:\/\/pinedesign.nl\/wp-content\/uploads\/2023\/02\/IMG_3179-2048x1390-1-1536x1043.jpg 1536w, https:\/\/pinedesign.nl\/wp-content\/uploads\/2023\/02\/IMG_3179-2048x1390-1.jpg 2048w\" sizes=\"(max-width: 800px) 100vw, 800px\" \/>\t\t\t\t\t\t\t\t\t\t\t\t\t\t\t<\/div>\n\t\t\t\t<\/div>\n\t\t\t\t\t<\/div>\n\t\t<\/div>\n\t\t\t\t\t<\/div>\n\t\t<\/section>\n\t\t\t\t<\/div>\n\t\t","protected":false},"excerpt":{"rendered":"<p>Teakholzm\u00f6bel sind seit Jahren beliebt. Das Holz stammt von der Tectona Grandis, einem Baum, der haupts\u00e4chlich in S\u00fcdostasien w\u00e4chst. Heutzutage wird der Teakbaum auch in anderen Teilen der Welt gepflanzt, wodurch das Holz in verschiedenen Farben und H\u00e4rten vorkommt. Im Allgemeinen ist Teakholz eine robuste und feste Holzart, perfekt f\u00fcr die Herstellung von M\u00f6beln. Teakholzm\u00f6bel&#8230;<\/p>\n","protected":false},"author":3,"featured_media":0,"parent":0,"menu_order":0,"comment_status":"closed","ping_status":"closed","template":"","meta":{"_joinchat":[],"footnotes":""},"class_list":["post-7147","page","type-page","status-publish","hentry"],"_links":{"self":[{"href":"https:\/\/pinedesign.nl\/de\/wp-json\/wp\/v2\/pages\/7147","targetHints":{"allow":["GET"]}}],"collection":[{"href":"https:\/\/pinedesign.nl\/de\/wp-json\/wp\/v2\/pages"}],"about":[{"href":"https:\/\/pinedesign.nl\/de\/wp-json\/wp\/v2\/types\/page"}],"author":[{"embeddable":true,"href":"https:\/\/pinedesign.nl\/de\/wp-json\/wp\/v2\/users\/3"}],"replies":[{"embeddable":true,"href":"https:\/\/pinedesign.nl\/de\/wp-json\/wp\/v2\/comments?post=7147"}],"version-history":[{"count":9,"href":"https:\/\/pinedesign.nl\/de\/wp-json\/wp\/v2\/pages\/7147\/revisions"}],"predecessor-version":[{"id":7235,"href":"https:\/\/pinedesign.nl\/de\/wp-json\/wp\/v2\/pages\/7147\/revisions\/7235"}],"wp:attachment":[{"href":"https:\/\/pinedesign.nl\/de\/wp-json\/wp\/v2\/media?parent=7147"}],"curies":[{"name":"wp","href":"https:\/\/api.w.org\/{rel}","templated":true}]}}