{"id":7141,"date":"2023-09-11T14:54:47","date_gmt":"2023-09-11T14:54:47","guid":{"rendered":"https:\/\/pinedesign.nl\/massgefertigter-schrank\/"},"modified":"2026-01-22T14:26:46","modified_gmt":"2026-01-22T14:26:46","slug":"massgefertigter-schrank","status":"publish","type":"page","link":"https:\/\/pinedesign.nl\/de\/massgefertigter-schrank\/","title":{"rendered":"Ma\u00dfgefertigter Schrank"},"content":{"rendered":"\t\t<div data-elementor-type=\"wp-page\" data-elementor-id=\"7141\" class=\"elementor elementor-7141 elementor-4024\" data-elementor-post-type=\"page\">\n\t\t\t\t\t\t<section class=\"elementor-section elementor-top-section elementor-element elementor-element-200093d1 elementor-section-boxed elementor-section-height-default elementor-section-height-default\" data-id=\"200093d1\" data-element_type=\"section\" data-settings=\"{&quot;jet_parallax_layout_list&quot;:[{&quot;jet_parallax_layout_image&quot;:{&quot;url&quot;:&quot;&quot;,&quot;id&quot;:&quot;&quot;,&quot;size&quot;:&quot;&quot;},&quot;_id&quot;:&quot;4f41cdc&quot;,&quot;jet_parallax_layout_image_tablet&quot;:{&quot;url&quot;:&quot;&quot;,&quot;id&quot;:&quot;&quot;,&quot;size&quot;:&quot;&quot;},&quot;jet_parallax_layout_image_mobile&quot;:{&quot;url&quot;:&quot;&quot;,&quot;id&quot;:&quot;&quot;,&quot;size&quot;:&quot;&quot;},&quot;jet_parallax_layout_speed&quot;:{&quot;unit&quot;:&quot;%&quot;,&quot;size&quot;:50,&quot;sizes&quot;:[]},&quot;jet_parallax_layout_type&quot;:&quot;scroll&quot;,&quot;jet_parallax_layout_direction&quot;:&quot;1&quot;,&quot;jet_parallax_layout_fx_direction&quot;:null,&quot;jet_parallax_layout_z_index&quot;:&quot;&quot;,&quot;jet_parallax_layout_bg_x&quot;:50,&quot;jet_parallax_layout_bg_x_tablet&quot;:&quot;&quot;,&quot;jet_parallax_layout_bg_x_mobile&quot;:&quot;&quot;,&quot;jet_parallax_layout_bg_y&quot;:50,&quot;jet_parallax_layout_bg_y_tablet&quot;:&quot;&quot;,&quot;jet_parallax_layout_bg_y_mobile&quot;:&quot;&quot;,&quot;jet_parallax_layout_bg_size&quot;:&quot;auto&quot;,&quot;jet_parallax_layout_bg_size_tablet&quot;:&quot;&quot;,&quot;jet_parallax_layout_bg_size_mobile&quot;:&quot;&quot;,&quot;jet_parallax_layout_animation_prop&quot;:&quot;transform&quot;,&quot;jet_parallax_layout_on&quot;:[&quot;desktop&quot;,&quot;tablet&quot;]}]}\">\n\t\t\t\t\t\t<div class=\"elementor-container elementor-column-gap-default\">\n\t\t\t\t\t<div class=\"elementor-column elementor-col-100 elementor-top-column elementor-element elementor-element-4b57f93\" data-id=\"4b57f93\" data-element_type=\"column\">\n\t\t\t<div class=\"elementor-widget-wrap elementor-element-populated\">\n\t\t\t\t\t\t<div class=\"elementor-element elementor-element-2cb20f97 elementor-widget elementor-widget-text-editor\" data-id=\"2cb20f97\" data-element_type=\"widget\" data-widget_type=\"text-editor.default\">\n\t\t\t\t<div class=\"elementor-widget-container\">\n\t\t\t\t\t\t\t\t\t<p><\/p>\n<div class=\"wp-block-cover is-light\" style=\"min-height: 450px;\">\n<p><img fetchpriority=\"high\" decoding=\"async\" width=\"1536\" height=\"1022\" class=\"wp-block-cover__image-background wp-image-1876\" style=\"object-position: 0% 0%;\" src=\"https:\/\/pinedesign.nl\/wp-content\/uploads\/2022\/03\/pinedesign_3mei2021_039-1536x1022-1.jpeg\" alt=\"Einrichtungsgesch\u00e4ft Drenthe\" data-object-fit=\"cover\" data-object-position=\"0% 0%\" srcset=\"https:\/\/pinedesign.nl\/wp-content\/uploads\/2022\/03\/pinedesign_3mei2021_039-1536x1022-1.jpeg 1536w, https:\/\/pinedesign.nl\/wp-content\/uploads\/2022\/03\/pinedesign_3mei2021_039-1536x1022-1-600x399.jpeg 600w, https:\/\/pinedesign.nl\/wp-content\/uploads\/2022\/03\/pinedesign_3mei2021_039-1536x1022-1-64x43.jpeg 64w, https:\/\/pinedesign.nl\/wp-content\/uploads\/2022\/03\/pinedesign_3mei2021_039-1536x1022-1-300x200.jpeg 300w, https:\/\/pinedesign.nl\/wp-content\/uploads\/2022\/03\/pinedesign_3mei2021_039-1536x1022-1-1024x681.jpeg 1024w, https:\/\/pinedesign.nl\/wp-content\/uploads\/2022\/03\/pinedesign_3mei2021_039-1536x1022-1-768x511.jpeg 768w\" sizes=\"(max-width: 1536px) 100vw, 1536px\" \/><\/p>\n<div class=\"wp-block-cover__inner-container\">\n<p><\/p>\n<p class=\"has-text-align-center has-white-color has-text-color has-large-font-size\"> <\/p>\n<p><\/p>\n<\/div>\n<\/div>\n<p><\/p>\n<p><strong>Schr\u00e4nke gibt es in allen m\u00f6glichen Arten und Gr\u00f6\u00dfen. Trotz des gro\u00dfen Angebots besteht die M\u00f6glichkeit, dass Sie nicht genau das finden, was Sie suchen. Sie sto\u00dfen beispielsweise auf einen Schrank, der optisch all Ihren Anforderungen entspricht, aber dennoch nicht die richtige Gr\u00f6\u00dfe hat. Wenn Sie den Schrank in der richtigen Gr\u00f6\u00dfe gefunden haben, entspricht die Verarbeitung nicht ganz Ihren Erwartungen. Wie sch\u00f6n ist es dann, sich selbst einen Schrank nach Ma\u00df zusammenstellen zu lassen? Bei Pine Design Wonen k\u00f6nnen Sie einen Schrank nach Ma\u00df erhalten, der all Ihren Wohnw\u00fcnschen entspricht!     <\/strong><\/p>\n<p><strong> <\/strong><\/p>\n<p><\/p>\n<h2 class=\"wp-block-heading\">Ganz nach Ihrem Geschmack<\/h2>\n<p><\/p>\n<p><span style=\"font-weight: 400;\">Das Sch\u00f6ne an einem ma\u00dfgefertigten Schrank ist, dass Sie f\u00fcr verschiedene Teile bestimmen k\u00f6nnen, wie Sie den Schrank haben m\u00f6chten. So k\u00f6nnen Sie sicher sein, dass der Schrank \u00fcber die Funktionen verf\u00fcgt, die Sie sich w\u00fcnschen, und das Aussehen zu Ihrem Wohnstil passt. Wenn Sie sich f\u00fcr einen ma\u00dfgefertigten Schrank entscheiden, gibt es verschiedene Teile, bei denen Sie bestimmen k\u00f6nnen, wie diese aussehen sollen.  <\/span><\/p>\n<ul>\n<li><b>Schranktyp.<\/b><span style=\"font-weight: 400;\"> Es gibt verschiedene Arten von Schr\u00e4nken, die Sie nach Ma\u00df anfertigen lassen k\u00f6nnen. Denken Sie beispielsweise an ein TV-M\u00f6bel, einen Einbauschrank oder eine Schrankwand. Besuchen Sie Pine Design Wonen, um das komplette Angebot an Schr\u00e4nken zu sehen, die nach Ma\u00df gefertigt werden k\u00f6nnen.<\/span><\/li>\n<li aria-level=\"1\"><b>Schrankt\u00fcren.<\/b><span style=\"font-weight: 400;\"> Wie sollen die T\u00fcren des Schranks aussehen? Sie k\u00f6nnen hier beispielsweise an Schiebe- oder Dreht\u00fcren denken. \u00dcberlegen Sie, welchen Zweck Ihr Schrank erf\u00fcllen soll und welche Schrankt\u00fcr Sie daf\u00fcr am angenehmsten finden.<\/span><\/li>\n<li aria-level=\"1\"><b>Abmessungen.<\/b><span style=\"font-weight: 400;\"> Vielleicht der gr\u00f6\u00dfte Vorteil an einem ma\u00dfgefertigten Schrank: Sie k\u00f6nnen w\u00e4hlen, wie gro\u00df das M\u00f6belst\u00fcck sein soll. Dies ist besonders n\u00fctzlich, wenn Sie einen Schrank in einem Raum mit spezifischen Abmessungen aufstellen m\u00f6chten, in dem es schwierig ist, einen &#8218;fertigen&#8216; Schrank zu platzieren.<\/span><\/li>\n<li aria-level=\"1\"><b>Einteilung.<\/b><span style=\"font-weight: 400;\"> Letztendlich bestimmt auch die Einteilung des Schranks, wie viele Dinge Sie darin unterbringen k\u00f6nnen. Wir k\u00f6nnen eine Wandschrank nach Ma\u00df f\u00fcr Sie anfertigen, mit der Einteilung, die Ihren W\u00fcnschen entspricht. Haben Sie viele verschiedene Dinge, die Sie verstauen m\u00f6chten, aber nicht sichtbar haben wollen? Dann k\u00f6nnen wir einen Stauraum schaffen, den Sie mit stilvollen T\u00fcren oder Schubladen verschlie\u00dfen k\u00f6nnen. Wechseln Sie ihn mit offenen F\u00e4chern ab und Sie haben eine wundersch\u00f6ne Wandschrank. Ganz wie Sie es haben wollen!<\/span><\/li>\n<li aria-level=\"1\"><b>Farbe. <\/b><span>Mit einer Farbe k\u00f6nnen Sie das gesamte Aussehen Ihres Schranks bestimmen. Ein dunkler Farbton verleiht Ihrem Interieur schnell eine robuste und geheimnisvolle Note. Derselbe Schrank, aber in einem hellen Farbton, wird eine ganz andere Stimmung in Ihr Interieur bringen. \u00dcberlegen Sie sich daher im Voraus, welche Ausstrahlung Sie Ihrem ma\u00dfgefertigten Schrank verleihen m\u00f6chten. Wissen Sie noch nicht genau, welche Atmosph\u00e4re Sie in Ihr Zuhause bringen m\u00f6chten? Lassen Sie sich dann von den verschiedenen <\/span> <a href=\"https:\/\/pinedesign.nl\/de\/wohnstile\/\"><span>Wohnstilen<\/span><\/a><span> inspirieren, die wir anbieten. Sie k\u00f6nnen sich auch in unserem Showroom inspirieren lassen. Wir haben hier einige Schr\u00e4nke als Beispiel stehen. Dar\u00fcber hinaus k\u00f6nnen wir auch eine 3D-Zeichnung von dem Entwurf erstellen, den Sie sich w\u00fcnschen.<\/span> <\/li>\n<\/ul>\n<p><\/p>\n<h2 class=\"wp-block-heading\">Schrank und Sideboard nach Ma\u00df bei Pine Design<\/h2>\n<p><\/p>\n<p><span style=\"font-weight: 400;\">Besuchen Sie unseren Showroom in Zuidlaren, um Ihre W\u00fcnsche f\u00fcr einen ma\u00dfgefertigten Schrank mit uns zu besprechen. Gemeinsam schauen wir uns den Zweck des Schranks an und wie wir diesen am besten f\u00fcr Sie zusammenstellen k\u00f6nnen. Es ist dabei hilfreich, dass Sie im Voraus bereits einige Vorbereitungen getroffen haben, wie das Ausmessen des Platzes, wo Sie den Schrank haben m\u00f6chten (Breite, Tiefe und H\u00f6he), was der Zweck des Schranks genau ist und was eventuelle Besonderheiten sind, die wir ber\u00fccksichtigen m\u00fcssen. Haben Sie hier vorab noch Fragen? Nehmen Sie dann gerne <\/span><a href=\"https:\/\/pinedesign.nl\/de\/kontakt\/\"><span style=\"font-weight: 400;\">Kontakt<\/span><\/a><span style=\"font-weight: 400;\"> mit uns auf. So sorgen wir gemeinsam daf\u00fcr, dass Sie einen Schrank nach Ma\u00df erhalten, der perfekt in Ihren Wohnraum und Ihr Interieur passt!<\/span><\/p>\n<p><\/p>\t\t\t\t\t\t\t\t<\/div>\n\t\t\t\t<\/div>\n\t\t\t\t\t<\/div>\n\t\t<\/div>\n\t\t\t\t\t<\/div>\n\t\t<\/section>\n\t\t\t\t<section class=\"elementor-section elementor-top-section elementor-element elementor-element-71aa087 elementor-section-boxed elementor-section-height-default elementor-section-height-default\" data-id=\"71aa087\" data-element_type=\"section\" data-settings=\"{&quot;jet_parallax_layout_list&quot;:[{&quot;jet_parallax_layout_image&quot;:{&quot;url&quot;:&quot;&quot;,&quot;id&quot;:&quot;&quot;,&quot;size&quot;:&quot;&quot;},&quot;_id&quot;:&quot;7f07809&quot;,&quot;jet_parallax_layout_image_tablet&quot;:{&quot;url&quot;:&quot;&quot;,&quot;id&quot;:&quot;&quot;,&quot;size&quot;:&quot;&quot;},&quot;jet_parallax_layout_image_mobile&quot;:{&quot;url&quot;:&quot;&quot;,&quot;id&quot;:&quot;&quot;,&quot;size&quot;:&quot;&quot;},&quot;jet_parallax_layout_speed&quot;:{&quot;unit&quot;:&quot;%&quot;,&quot;size&quot;:50,&quot;sizes&quot;:[]},&quot;jet_parallax_layout_type&quot;:&quot;scroll&quot;,&quot;jet_parallax_layout_direction&quot;:&quot;1&quot;,&quot;jet_parallax_layout_fx_direction&quot;:null,&quot;jet_parallax_layout_z_index&quot;:&quot;&quot;,&quot;jet_parallax_layout_bg_x&quot;:50,&quot;jet_parallax_layout_bg_x_tablet&quot;:&quot;&quot;,&quot;jet_parallax_layout_bg_x_mobile&quot;:&quot;&quot;,&quot;jet_parallax_layout_bg_y&quot;:50,&quot;jet_parallax_layout_bg_y_tablet&quot;:&quot;&quot;,&quot;jet_parallax_layout_bg_y_mobile&quot;:&quot;&quot;,&quot;jet_parallax_layout_bg_size&quot;:&quot;auto&quot;,&quot;jet_parallax_layout_bg_size_tablet&quot;:&quot;&quot;,&quot;jet_parallax_layout_bg_size_mobile&quot;:&quot;&quot;,&quot;jet_parallax_layout_animation_prop&quot;:&quot;transform&quot;,&quot;jet_parallax_layout_on&quot;:[&quot;desktop&quot;,&quot;tablet&quot;]}]}\">\n\t\t\t\t\t\t<div class=\"elementor-container elementor-column-gap-default\">\n\t\t\t\t\t<div class=\"elementor-column elementor-col-100 elementor-top-column elementor-element elementor-element-36c86c7\" data-id=\"36c86c7\" data-element_type=\"column\">\n\t\t\t<div class=\"elementor-widget-wrap elementor-element-populated\">\n\t\t\t\t\t\t<div class=\"elementor-element elementor-element-8b54d70 elementor-widget elementor-widget-text-editor\" data-id=\"8b54d70\" data-element_type=\"widget\" data-widget_type=\"text-editor.default\">\n\t\t\t\t<div class=\"elementor-widget-container\">\n\t\t\t\t\t\t\t\t\t<h2 class=\"wp-block-heading\">Bis bald in Zuidlaren!<\/h2>\n<p>Sind Sie neugierig auf unser Angebot, unsere Beratung oder unsere Ma\u00dfanfertigungen geworden? St\u00f6bern Sie noch etwas auf unserer Website und besuchen Sie anschlie\u00dfend unseren Showroom, um das aktuelle Angebot zu besichtigen und nat\u00fcrlich auf (Sitz-)Qualit\u00e4t zu testen. \u00dcber die <a href=\"https:\/\/www.google.com\/maps\/dir\/\/Pine+Design+Wonen,+Verlengde+Stationsweg+8-10,+9471+PL+Zuidlaren\/@53.088589,6.664688,13z\/data=!4m8!4m7!1m0!1m5!1m1!1s0x47c82931795570f1:0xd098f1208b221fa0!2m2!1d6.664688!2d53.088589?hl=nl-NL\" target=\"_blank\" rel=\"noopener\">Routenbeschreibung<\/a> fahren Sie flie\u00dfend bis vor unsere Haust\u00fcr. Bis bald bei Pinedesign, dem Einrichtungsgesch\u00e4ft von Drenthe!   <\/p>\t\t\t\t\t\t\t\t<\/div>\n\t\t\t\t<\/div>\n\t\t\t\t\t<\/div>\n\t\t<\/div>\n\t\t\t\t\t<\/div>\n\t\t<\/section>\n\t\t\t\t<section class=\"elementor-section elementor-top-section elementor-element elementor-element-1546dd1 elementor-section-boxed elementor-section-height-default elementor-section-height-default\" data-id=\"1546dd1\" data-element_type=\"section\" data-settings=\"{&quot;jet_parallax_layout_list&quot;:[{&quot;jet_parallax_layout_image&quot;:{&quot;url&quot;:&quot;&quot;,&quot;id&quot;:&quot;&quot;,&quot;size&quot;:&quot;&quot;},&quot;_id&quot;:&quot;91b4f3d&quot;,&quot;jet_parallax_layout_image_tablet&quot;:{&quot;url&quot;:&quot;&quot;,&quot;id&quot;:&quot;&quot;,&quot;size&quot;:&quot;&quot;},&quot;jet_parallax_layout_image_mobile&quot;:{&quot;url&quot;:&quot;&quot;,&quot;id&quot;:&quot;&quot;,&quot;size&quot;:&quot;&quot;},&quot;jet_parallax_layout_speed&quot;:{&quot;unit&quot;:&quot;%&quot;,&quot;size&quot;:50,&quot;sizes&quot;:[]},&quot;jet_parallax_layout_type&quot;:&quot;scroll&quot;,&quot;jet_parallax_layout_direction&quot;:&quot;1&quot;,&quot;jet_parallax_layout_fx_direction&quot;:null,&quot;jet_parallax_layout_z_index&quot;:&quot;&quot;,&quot;jet_parallax_layout_bg_x&quot;:50,&quot;jet_parallax_layout_bg_x_tablet&quot;:&quot;&quot;,&quot;jet_parallax_layout_bg_x_mobile&quot;:&quot;&quot;,&quot;jet_parallax_layout_bg_y&quot;:50,&quot;jet_parallax_layout_bg_y_tablet&quot;:&quot;&quot;,&quot;jet_parallax_layout_bg_y_mobile&quot;:&quot;&quot;,&quot;jet_parallax_layout_bg_size&quot;:&quot;auto&quot;,&quot;jet_parallax_layout_bg_size_tablet&quot;:&quot;&quot;,&quot;jet_parallax_layout_bg_size_mobile&quot;:&quot;&quot;,&quot;jet_parallax_layout_animation_prop&quot;:&quot;transform&quot;,&quot;jet_parallax_layout_on&quot;:[&quot;desktop&quot;,&quot;tablet&quot;]}]}\">\n\t\t\t\t\t\t<div class=\"elementor-container elementor-column-gap-default\">\n\t\t\t\t\t<div class=\"elementor-column elementor-col-100 elementor-top-column elementor-element elementor-element-ddda30b\" data-id=\"ddda30b\" data-element_type=\"column\">\n\t\t\t<div class=\"elementor-widget-wrap elementor-element-populated\">\n\t\t\t\t\t\t<div class=\"elementor-element elementor-element-85f62dc elementor-widget elementor-widget-image\" data-id=\"85f62dc\" data-element_type=\"widget\" data-widget_type=\"image.default\">\n\t\t\t\t<div class=\"elementor-widget-container\">\n\t\t\t\t\t\t\t\t\t\t\t\t\t\t\t<img decoding=\"async\" width=\"800\" height=\"543\" src=\"https:\/\/pinedesign.nl\/wp-content\/uploads\/2023\/02\/IMG_3179-2048x1390-1-1024x695.jpg\" class=\"attachment-large size-large wp-image-2751\" alt=\"\" srcset=\"https:\/\/pinedesign.nl\/wp-content\/uploads\/2023\/02\/IMG_3179-2048x1390-1-1024x695.jpg 1024w, https:\/\/pinedesign.nl\/wp-content\/uploads\/2023\/02\/IMG_3179-2048x1390-1-600x407.jpg 600w, https:\/\/pinedesign.nl\/wp-content\/uploads\/2023\/02\/IMG_3179-2048x1390-1-64x43.jpg 64w, https:\/\/pinedesign.nl\/wp-content\/uploads\/2023\/02\/IMG_3179-2048x1390-1-300x204.jpg 300w, https:\/\/pinedesign.nl\/wp-content\/uploads\/2023\/02\/IMG_3179-2048x1390-1-768x521.jpg 768w, https:\/\/pinedesign.nl\/wp-content\/uploads\/2023\/02\/IMG_3179-2048x1390-1-1536x1043.jpg 1536w, https:\/\/pinedesign.nl\/wp-content\/uploads\/2023\/02\/IMG_3179-2048x1390-1.jpg 2048w\" sizes=\"(max-width: 800px) 100vw, 800px\" \/>\t\t\t\t\t\t\t\t\t\t\t\t\t\t\t<\/div>\n\t\t\t\t<\/div>\n\t\t\t\t\t<\/div>\n\t\t<\/div>\n\t\t\t\t\t<\/div>\n\t\t<\/section>\n\t\t\t\t<\/div>\n\t\t","protected":false},"excerpt":{"rendered":"<p>Schr\u00e4nke gibt es in allen m\u00f6glichen Arten und Gr\u00f6\u00dfen. Trotz des gro\u00dfen Angebots besteht die M\u00f6glichkeit, dass Sie nicht genau das finden, was Sie suchen. Sie sto\u00dfen beispielsweise auf einen Schrank, der optisch all Ihren Anforderungen entspricht, aber dennoch nicht die richtige Gr\u00f6\u00dfe hat. Wenn Sie den Schrank in der richtigen Gr\u00f6\u00dfe gefunden haben, entspricht&#8230;<\/p>\n","protected":false},"author":3,"featured_media":0,"parent":0,"menu_order":0,"comment_status":"closed","ping_status":"closed","template":"","meta":{"_joinchat":[],"footnotes":""},"class_list":["post-7141","page","type-page","status-publish","hentry"],"_links":{"self":[{"href":"https:\/\/pinedesign.nl\/de\/wp-json\/wp\/v2\/pages\/7141","targetHints":{"allow":["GET"]}}],"collection":[{"href":"https:\/\/pinedesign.nl\/de\/wp-json\/wp\/v2\/pages"}],"about":[{"href":"https:\/\/pinedesign.nl\/de\/wp-json\/wp\/v2\/types\/page"}],"author":[{"embeddable":true,"href":"https:\/\/pinedesign.nl\/de\/wp-json\/wp\/v2\/users\/3"}],"replies":[{"embeddable":true,"href":"https:\/\/pinedesign.nl\/de\/wp-json\/wp\/v2\/comments?post=7141"}],"version-history":[{"count":3,"href":"https:\/\/pinedesign.nl\/de\/wp-json\/wp\/v2\/pages\/7141\/revisions"}],"predecessor-version":[{"id":7146,"href":"https:\/\/pinedesign.nl\/de\/wp-json\/wp\/v2\/pages\/7141\/revisions\/7146"}],"wp:attachment":[{"href":"https:\/\/pinedesign.nl\/de\/wp-json\/wp\/v2\/media?parent=7141"}],"curies":[{"name":"wp","href":"https:\/\/api.w.org\/{rel}","templated":true}]}}