{"id":7131,"date":"2023-09-12T08:33:08","date_gmt":"2023-09-12T08:33:08","guid":{"rendered":"https:\/\/pinedesign.nl\/he-design\/"},"modified":"2026-01-22T14:26:46","modified_gmt":"2026-01-22T14:26:46","slug":"he-design","status":"publish","type":"page","link":"https:\/\/pinedesign.nl\/de\/he-design\/","title":{"rendered":"HE Design"},"content":{"rendered":"\t\t<div data-elementor-type=\"wp-page\" data-elementor-id=\"7131\" class=\"elementor elementor-7131 elementor-4056\" data-elementor-post-type=\"page\">\n\t\t\t\t\t\t<section class=\"elementor-section elementor-top-section elementor-element elementor-element-200093d1 elementor-section-boxed elementor-section-height-default elementor-section-height-default\" data-id=\"200093d1\" data-element_type=\"section\" data-settings=\"{&quot;jet_parallax_layout_list&quot;:[{&quot;jet_parallax_layout_image&quot;:{&quot;url&quot;:&quot;&quot;,&quot;id&quot;:&quot;&quot;,&quot;size&quot;:&quot;&quot;},&quot;_id&quot;:&quot;4f41cdc&quot;,&quot;jet_parallax_layout_image_tablet&quot;:{&quot;url&quot;:&quot;&quot;,&quot;id&quot;:&quot;&quot;,&quot;size&quot;:&quot;&quot;},&quot;jet_parallax_layout_image_mobile&quot;:{&quot;url&quot;:&quot;&quot;,&quot;id&quot;:&quot;&quot;,&quot;size&quot;:&quot;&quot;},&quot;jet_parallax_layout_speed&quot;:{&quot;unit&quot;:&quot;%&quot;,&quot;size&quot;:50,&quot;sizes&quot;:[]},&quot;jet_parallax_layout_type&quot;:&quot;scroll&quot;,&quot;jet_parallax_layout_direction&quot;:&quot;1&quot;,&quot;jet_parallax_layout_fx_direction&quot;:null,&quot;jet_parallax_layout_z_index&quot;:&quot;&quot;,&quot;jet_parallax_layout_bg_x&quot;:50,&quot;jet_parallax_layout_bg_x_tablet&quot;:&quot;&quot;,&quot;jet_parallax_layout_bg_x_mobile&quot;:&quot;&quot;,&quot;jet_parallax_layout_bg_y&quot;:50,&quot;jet_parallax_layout_bg_y_tablet&quot;:&quot;&quot;,&quot;jet_parallax_layout_bg_y_mobile&quot;:&quot;&quot;,&quot;jet_parallax_layout_bg_size&quot;:&quot;auto&quot;,&quot;jet_parallax_layout_bg_size_tablet&quot;:&quot;&quot;,&quot;jet_parallax_layout_bg_size_mobile&quot;:&quot;&quot;,&quot;jet_parallax_layout_animation_prop&quot;:&quot;transform&quot;,&quot;jet_parallax_layout_on&quot;:[&quot;desktop&quot;,&quot;tablet&quot;]}]}\">\n\t\t\t\t\t\t<div class=\"elementor-container elementor-column-gap-default\">\n\t\t\t\t\t<div class=\"elementor-column elementor-col-100 elementor-top-column elementor-element elementor-element-4b57f93\" data-id=\"4b57f93\" data-element_type=\"column\">\n\t\t\t<div class=\"elementor-widget-wrap elementor-element-populated\">\n\t\t\t\t\t\t<div class=\"elementor-element elementor-element-2cb20f97 elementor-widget elementor-widget-text-editor\" data-id=\"2cb20f97\" data-element_type=\"widget\" data-widget_type=\"text-editor.default\">\n\t\t\t\t<div class=\"elementor-widget-container\">\n\t\t\t\t\t\t\t\t\t<p><\/p>\n<div class=\"wp-block-cover is-light\" style=\"min-height: 450px;\">\n<p><img fetchpriority=\"high\" decoding=\"async\" width=\"1536\" height=\"1022\" class=\"wp-block-cover__image-background wp-image-1876\" style=\"object-position: 0% 0%;\" src=\"https:\/\/pinedesign.nl\/wp-content\/uploads\/2022\/03\/pinedesign_3mei2021_039-1536x1022-1.jpeg\" alt=\"Einrichtungsgesch\u00e4ft Drenthe\" data-object-fit=\"cover\" data-object-position=\"0% 0%\" srcset=\"https:\/\/pinedesign.nl\/wp-content\/uploads\/2022\/03\/pinedesign_3mei2021_039-1536x1022-1.jpeg 1536w, https:\/\/pinedesign.nl\/wp-content\/uploads\/2022\/03\/pinedesign_3mei2021_039-1536x1022-1-600x399.jpeg 600w, https:\/\/pinedesign.nl\/wp-content\/uploads\/2022\/03\/pinedesign_3mei2021_039-1536x1022-1-64x43.jpeg 64w, https:\/\/pinedesign.nl\/wp-content\/uploads\/2022\/03\/pinedesign_3mei2021_039-1536x1022-1-300x200.jpeg 300w, https:\/\/pinedesign.nl\/wp-content\/uploads\/2022\/03\/pinedesign_3mei2021_039-1536x1022-1-1024x681.jpeg 1024w, https:\/\/pinedesign.nl\/wp-content\/uploads\/2022\/03\/pinedesign_3mei2021_039-1536x1022-1-768x511.jpeg 768w\" sizes=\"(max-width: 1536px) 100vw, 1536px\" \/><\/p>\n<div class=\"wp-block-cover__inner-container\">\n<p><\/p>\n<p class=\"has-text-align-center has-white-color has-text-color has-large-font-size\"> <\/p>\n<p><\/p>\n<\/div>\n<\/div>\n<p><\/p>\n<p><strong>Eine Leidenschaft f\u00fcr Design, das haben sie bei HE Design. Dieser M\u00f6belhersteller in Tilburg fertigt einzigartige M\u00f6bel, die Ihren Wohnw\u00fcnschen entsprechen. Ihr Haus wird n\u00e4mlich erst dann wirklich zum Zuhause, wenn Ihr Interieur zu Ihnen passt. Die M\u00f6bel von HE Design sind von hoher Qualit\u00e4t und werden mit viel Liebe von Fachleuten handgefertigt. Das qualitativ hochwertige Material und die Produktionsmethode sorgen daf\u00fcr, dass die M\u00f6bel von HE Design eine lange Lebensdauer haben. Sie k\u00f6nnen also sicher sein, dass Sie jahrelang Freude daran haben werden. Entdecken Sie die M\u00f6bel von HE Design in Zuidlaren und lassen Sie sich \u00fcberraschen!      <\/strong><\/p>\n<p><strong> <\/strong><\/p>\n<p><\/p>\n<h2 class=\"wp-block-heading\">Die Kollektion<\/h2>\n<p><\/p>\n<p><span style=\"font-weight: 400;\">Bei Pine Design sind Sie genau richtig, wenn Sie Ihrem Esszimmer mit M\u00f6beln von HE Design ein Makeover verpassen m\u00f6chten. Die Designmarke aus Tilburg liefert Esszimmerst\u00fchle, Esszimmerb\u00e4nke und Sessel von hoher Qualit\u00e4t. Die schlichten Designs sorgen daf\u00fcr, dass die Esszimmerst\u00fchle eine zeitlose Ausstrahlung haben, an der Sie sich nicht so schnell sattsehen werden. Ob Sie sich nun f\u00fcr einen kantigen Lederstuhl oder einen Stoffstuhl mit runder R\u00fcckenlehne entscheiden: HE Design hat es.   <\/span><\/p>\n<p> <\/p>\n<p><\/p>\n<h3><span style=\"font-weight: 400;\">HE Design Esszimmerst\u00fchle und -b\u00e4nke<\/span><\/h3>\n<p><span style=\"font-weight: 400;\">Das Esszimmer ist oft der zentrale Punkt einer Wohnung, ein echter Treffpunkt. Hier kommt die Familie zusammen, um gem\u00fctlich zu essen und den Tag zu besprechen. Deshalb ist es wichtig, dass Sie bequem am K\u00fcchentisch sitzen k\u00f6nnen. Mit den Esszimmerst\u00fchlen und -b\u00e4nken von HE Design sitzen Sie gut. Die St\u00fchle sind aus strapazierf\u00e4higem Material gefertigt und haben eine angenehme Sitzfl\u00e4che, sodass Sie Stunden auf diesen St\u00fchlen verbringen k\u00f6nnen. Die St\u00fchle sind in verschiedenen Designs erh\u00e4ltlich, alle mit klaren Linien und Formen. Aber langweilig sind diese St\u00fchle sicher nicht, schauen Sie sich nur die        <\/span><a href=\"https:\/\/pinedesign.nl\/product\/eetkamerstoel-alea\/\"><span style=\"font-weight: 400;\">Esszimmerst\u00fchle Alea<\/span><\/a><span style=\"font-weight: 400;\"> und <\/span><a href=\"https:\/\/pinedesign.nl\/product\/eetkamerstoel-uniq\/\"><span style=\"font-weight: 400;\">Uniq<\/span><\/a><span style=\"font-weight: 400;\"> an. Diese St\u00fchle sind in verschiedenen Stoff- und Lederarten erh\u00e4ltlich. Durch die relativ schlichten Designs lassen sie sich leicht mit verschiedenen <\/span><a href=\"https:\/\/pinedesign.nl\/de\/wohnstile\/\"><span style=\"font-weight: 400;\">Wohnstilen<\/span><\/a><span style=\"font-weight: 400;\"> kombinieren. Perfekt also, wenn Sie nicht Ihr gesamtes Interieur umkrempeln m\u00f6chten.<\/span><\/p>\n<h3><span style=\"font-weight: 400;\">HE Design Sessel<\/span><\/h3>\n<p><span style=\"font-weight: 400;\">Die Sessel von HE Design sind ein wundersch\u00f6ner Anblick f\u00fcr Ihr Interieur. Die St\u00fchle zeichnen sich durch ihre ruhigen und schlichten Designs aus. Die Sessel sind nicht nur stilvoll, sondern bieten auch einen angenehmen Sitzkomfort. Man kann so einen ganzen Abend darauf verbringen! Kommen Sie in unserem Showroom vorbei, um die Modelle von HE Design aus der N\u00e4he zu betrachten, wie z. B. den stilvollen und komfortablen <\/span><a href=\"\/product\/fauteuil-mila\/\"><span style=\"font-weight: 400;\">Sessel Mila<\/span><\/a><span style=\"font-weight: 400;\">.<\/span><\/p>\n<p><\/p>\t\t\t\t\t\t\t\t<\/div>\n\t\t\t\t<\/div>\n\t\t\t\t\t<\/div>\n\t\t<\/div>\n\t\t\t\t\t<\/div>\n\t\t<\/section>\n\t\t\t\t<section class=\"elementor-section elementor-top-section elementor-element elementor-element-32e2be8 elementor-section-boxed elementor-section-height-default elementor-section-height-default\" data-id=\"32e2be8\" data-element_type=\"section\" data-settings=\"{&quot;jet_parallax_layout_list&quot;:[{&quot;jet_parallax_layout_image&quot;:{&quot;url&quot;:&quot;&quot;,&quot;id&quot;:&quot;&quot;,&quot;size&quot;:&quot;&quot;},&quot;_id&quot;:&quot;03cdee1&quot;,&quot;jet_parallax_layout_image_tablet&quot;:{&quot;url&quot;:&quot;&quot;,&quot;id&quot;:&quot;&quot;,&quot;size&quot;:&quot;&quot;},&quot;jet_parallax_layout_image_mobile&quot;:{&quot;url&quot;:&quot;&quot;,&quot;id&quot;:&quot;&quot;,&quot;size&quot;:&quot;&quot;},&quot;jet_parallax_layout_speed&quot;:{&quot;unit&quot;:&quot;%&quot;,&quot;size&quot;:50,&quot;sizes&quot;:[]},&quot;jet_parallax_layout_type&quot;:&quot;scroll&quot;,&quot;jet_parallax_layout_direction&quot;:&quot;1&quot;,&quot;jet_parallax_layout_fx_direction&quot;:null,&quot;jet_parallax_layout_z_index&quot;:&quot;&quot;,&quot;jet_parallax_layout_bg_x&quot;:50,&quot;jet_parallax_layout_bg_x_tablet&quot;:&quot;&quot;,&quot;jet_parallax_layout_bg_x_mobile&quot;:&quot;&quot;,&quot;jet_parallax_layout_bg_y&quot;:50,&quot;jet_parallax_layout_bg_y_tablet&quot;:&quot;&quot;,&quot;jet_parallax_layout_bg_y_mobile&quot;:&quot;&quot;,&quot;jet_parallax_layout_bg_size&quot;:&quot;auto&quot;,&quot;jet_parallax_layout_bg_size_tablet&quot;:&quot;&quot;,&quot;jet_parallax_layout_bg_size_mobile&quot;:&quot;&quot;,&quot;jet_parallax_layout_animation_prop&quot;:&quot;transform&quot;,&quot;jet_parallax_layout_on&quot;:[&quot;desktop&quot;,&quot;tablet&quot;]}]}\">\n\t\t\t\t\t\t\t<div class=\"elementor-background-overlay\"><\/div>\n\t\t\t\t\t\t\t<div class=\"elementor-container elementor-column-gap-default\">\n\t\t\t\t\t<div class=\"elementor-column elementor-col-100 elementor-top-column elementor-element elementor-element-e9ee6bb\" data-id=\"e9ee6bb\" data-element_type=\"column\">\n\t\t\t<div class=\"elementor-widget-wrap elementor-element-populated\">\n\t\t\t\t\t\t<div class=\"elementor-element elementor-element-ffdfea2 elementor-widget elementor-widget-text-editor\" data-id=\"ffdfea2\" data-element_type=\"widget\" data-widget_type=\"text-editor.default\">\n\t\t\t\t<div class=\"elementor-widget-container\">\n\t\t\t\t\t\t\t\t\t<h2 class=\"wp-block-heading\">Entdecken Sie unser aktuelles Angebot an HE Design:<\/h2>\t\t\t\t\t\t\t\t<\/div>\n\t\t\t\t<\/div>\n\t\t\t\t<div class=\"elementor-element elementor-element-2750f74 elementor-grid-4 elementor-grid-tablet-3 elementor-grid-mobile-2 elementor-products-grid elementor-wc-products elementor-widget elementor-widget-woocommerce-products\" data-id=\"2750f74\" data-element_type=\"widget\" data-widget_type=\"woocommerce-products.default\">\n\t\t\t\t<div class=\"elementor-widget-container\">\n\t\t\t\t\t<div class=\"woocommerce columns-4 \"><ul class=\"products elementor-grid columns-4\">\n<li class=\"product type-product post-7379 status-publish first instock product_cat-sessel product_cat-sitzmobel has-post-thumbnail shipping-taxable product-type-simple\">\n\t<img decoding=\"async\" width=\"300\" height=\"300\" src=\"https:\/\/pinedesign.nl\/wp-content\/uploads\/2023\/08\/fauteuilrelax-scaled-300x300.jpg\" class=\"attachment-woocommerce_thumbnail size-woocommerce_thumbnail\" alt=\"Relaxsessel\" srcset=\"https:\/\/pinedesign.nl\/wp-content\/uploads\/2023\/08\/fauteuilrelax-300x300.jpg 300w, https:\/\/pinedesign.nl\/wp-content\/uploads\/2023\/08\/fauteuilrelax-scaled-100x100.jpg 100w, https:\/\/pinedesign.nl\/wp-content\/uploads\/2023\/08\/fauteuilrelax-scaled-600x600.jpg 600w, https:\/\/pinedesign.nl\/wp-content\/uploads\/2023\/08\/fauteuilrelax-scaled-64x64.jpg 64w, https:\/\/pinedesign.nl\/wp-content\/uploads\/2023\/08\/fauteuilrelax-1024x1024.jpg 1024w, https:\/\/pinedesign.nl\/wp-content\/uploads\/2023\/08\/fauteuilrelax-768x768.jpg 768w, https:\/\/pinedesign.nl\/wp-content\/uploads\/2023\/08\/fauteuilrelax-1536x1536.jpg 1536w, https:\/\/pinedesign.nl\/wp-content\/uploads\/2023\/08\/fauteuilrelax-2048x2048.jpg 2048w\" sizes=\"(max-width: 300px) 100vw, 300px\" \/><h2 class=\"woocommerce-loop-product__title\">Relaxsessel<\/h2><a href=\"https:\/\/pinedesign.nl\/de\/product\/relaxsessel\/\" aria-describedby=\"woocommerce_loop_add_to_cart_link_describedby_7379\" data-quantity=\"1\" class=\"button product_type_simple\" data-product_id=\"7379\" data-product_sku=\"\" aria-label=\"Lese mehr \u00fcber &#8222;Relaxsessel&#8220;\" rel=\"nofollow\" data-success_message=\"\">Weiterlesen<\/a>\t<span id=\"woocommerce_loop_add_to_cart_link_describedby_7379\" class=\"screen-reader-text\">\n\t\t\t<\/span>\n<\/li>\n<li class=\"product type-product post-7373 status-publish instock product_cat-nicht-kategorisiert product_cat-sessel product_cat-sitzmobel has-post-thumbnail shipping-taxable product-type-simple\">\n\t<img decoding=\"async\" width=\"300\" height=\"300\" src=\"https:\/\/pinedesign.nl\/wp-content\/uploads\/2023\/08\/reina-scaled-300x300.jpg\" class=\"attachment-woocommerce_thumbnail size-woocommerce_thumbnail\" alt=\"Sessel Reina\" srcset=\"https:\/\/pinedesign.nl\/wp-content\/uploads\/2023\/08\/reina-300x300.jpg 300w, https:\/\/pinedesign.nl\/wp-content\/uploads\/2023\/08\/reina-scaled-100x100.jpg 100w, https:\/\/pinedesign.nl\/wp-content\/uploads\/2023\/08\/reina-scaled-600x600.jpg 600w, https:\/\/pinedesign.nl\/wp-content\/uploads\/2023\/08\/reina-scaled-64x64.jpg 64w, https:\/\/pinedesign.nl\/wp-content\/uploads\/2023\/08\/reina-1024x1024.jpg 1024w, https:\/\/pinedesign.nl\/wp-content\/uploads\/2023\/08\/reina-768x768.jpg 768w, https:\/\/pinedesign.nl\/wp-content\/uploads\/2023\/08\/reina-1536x1536.jpg 1536w, https:\/\/pinedesign.nl\/wp-content\/uploads\/2023\/08\/reina-2048x2048.jpg 2048w\" sizes=\"(max-width: 300px) 100vw, 300px\" \/><h2 class=\"woocommerce-loop-product__title\">Sessel Reina<\/h2><a href=\"https:\/\/pinedesign.nl\/de\/product\/sessel-reina\/\" aria-describedby=\"woocommerce_loop_add_to_cart_link_describedby_7373\" data-quantity=\"1\" class=\"button product_type_simple\" data-product_id=\"7373\" data-product_sku=\"\" aria-label=\"Lese mehr \u00fcber &#8222;Sessel Reina&#8220;\" rel=\"nofollow\" data-success_message=\"\">Weiterlesen<\/a>\t<span id=\"woocommerce_loop_add_to_cart_link_describedby_7373\" class=\"screen-reader-text\">\n\t\t\t<\/span>\n<\/li>\n<li class=\"product type-product post-7369 status-publish instock product_cat-esszimmerstuhle has-post-thumbnail shipping-taxable product-type-simple\">\n\t<img loading=\"lazy\" decoding=\"async\" width=\"300\" height=\"300\" src=\"https:\/\/pinedesign.nl\/wp-content\/uploads\/2023\/08\/uniq-scaled-300x300.jpg\" class=\"attachment-woocommerce_thumbnail size-woocommerce_thumbnail\" alt=\"Esszimmerstuhl Uniq\" srcset=\"https:\/\/pinedesign.nl\/wp-content\/uploads\/2023\/08\/uniq-300x300.jpg 300w, https:\/\/pinedesign.nl\/wp-content\/uploads\/2023\/08\/uniq-scaled-100x100.jpg 100w, https:\/\/pinedesign.nl\/wp-content\/uploads\/2023\/08\/uniq-scaled-600x600.jpg 600w, https:\/\/pinedesign.nl\/wp-content\/uploads\/2023\/08\/uniq-scaled-64x64.jpg 64w, https:\/\/pinedesign.nl\/wp-content\/uploads\/2023\/08\/uniq-1024x1024.jpg 1024w, https:\/\/pinedesign.nl\/wp-content\/uploads\/2023\/08\/uniq-768x768.jpg 768w, https:\/\/pinedesign.nl\/wp-content\/uploads\/2023\/08\/uniq-1536x1536.jpg 1536w, https:\/\/pinedesign.nl\/wp-content\/uploads\/2023\/08\/uniq-2048x2048.jpg 2048w\" sizes=\"(max-width: 300px) 100vw, 300px\" \/><h2 class=\"woocommerce-loop-product__title\">Esszimmerstuhl Uniq<\/h2><a href=\"https:\/\/pinedesign.nl\/de\/product\/esszimmerstuhl-uniq\/\" aria-describedby=\"woocommerce_loop_add_to_cart_link_describedby_7369\" data-quantity=\"1\" class=\"button product_type_simple\" data-product_id=\"7369\" data-product_sku=\"\" aria-label=\"Lese mehr \u00fcber &#8222;Esszimmerstuhl Uniq&#8220;\" rel=\"nofollow\" data-success_message=\"\">Weiterlesen<\/a>\t<span id=\"woocommerce_loop_add_to_cart_link_describedby_7369\" class=\"screen-reader-text\">\n\t\t\t<\/span>\n<\/li>\n<\/ul>\n<\/div>\t\t\t\t<\/div>\n\t\t\t\t<\/div>\n\t\t\t\t\t<\/div>\n\t\t<\/div>\n\t\t\t\t\t<\/div>\n\t\t<\/section>\n\t\t\t\t<section class=\"elementor-section elementor-top-section elementor-element elementor-element-71aa087 elementor-section-boxed elementor-section-height-default elementor-section-height-default\" data-id=\"71aa087\" data-element_type=\"section\" data-settings=\"{&quot;jet_parallax_layout_list&quot;:[{&quot;jet_parallax_layout_image&quot;:{&quot;url&quot;:&quot;&quot;,&quot;id&quot;:&quot;&quot;,&quot;size&quot;:&quot;&quot;},&quot;_id&quot;:&quot;7f07809&quot;,&quot;jet_parallax_layout_image_tablet&quot;:{&quot;url&quot;:&quot;&quot;,&quot;id&quot;:&quot;&quot;,&quot;size&quot;:&quot;&quot;},&quot;jet_parallax_layout_image_mobile&quot;:{&quot;url&quot;:&quot;&quot;,&quot;id&quot;:&quot;&quot;,&quot;size&quot;:&quot;&quot;},&quot;jet_parallax_layout_speed&quot;:{&quot;unit&quot;:&quot;%&quot;,&quot;size&quot;:50,&quot;sizes&quot;:[]},&quot;jet_parallax_layout_type&quot;:&quot;scroll&quot;,&quot;jet_parallax_layout_direction&quot;:&quot;1&quot;,&quot;jet_parallax_layout_fx_direction&quot;:null,&quot;jet_parallax_layout_z_index&quot;:&quot;&quot;,&quot;jet_parallax_layout_bg_x&quot;:50,&quot;jet_parallax_layout_bg_x_tablet&quot;:&quot;&quot;,&quot;jet_parallax_layout_bg_x_mobile&quot;:&quot;&quot;,&quot;jet_parallax_layout_bg_y&quot;:50,&quot;jet_parallax_layout_bg_y_tablet&quot;:&quot;&quot;,&quot;jet_parallax_layout_bg_y_mobile&quot;:&quot;&quot;,&quot;jet_parallax_layout_bg_size&quot;:&quot;auto&quot;,&quot;jet_parallax_layout_bg_size_tablet&quot;:&quot;&quot;,&quot;jet_parallax_layout_bg_size_mobile&quot;:&quot;&quot;,&quot;jet_parallax_layout_animation_prop&quot;:&quot;transform&quot;,&quot;jet_parallax_layout_on&quot;:[&quot;desktop&quot;,&quot;tablet&quot;]}]}\">\n\t\t\t\t\t\t<div class=\"elementor-container elementor-column-gap-default\">\n\t\t\t\t\t<div class=\"elementor-column elementor-col-100 elementor-top-column elementor-element elementor-element-36c86c7\" data-id=\"36c86c7\" data-element_type=\"column\">\n\t\t\t<div class=\"elementor-widget-wrap elementor-element-populated\">\n\t\t\t\t\t\t<div class=\"elementor-element elementor-element-8b54d70 elementor-widget elementor-widget-text-editor\" data-id=\"8b54d70\" data-element_type=\"widget\" data-widget_type=\"text-editor.default\">\n\t\t\t\t<div class=\"elementor-widget-container\">\n\t\t\t\t\t\t\t\t\t<h2><span style=\"font-weight: 400;\">HE Design bei Pine Design Zuidlaren<\/span><\/h2>\n<p><span style=\"font-weight: 400;\">Bei Pine Design in Zuidlaren haben wir ein breites Angebot an Wohninspiration, wobei die Wahrscheinlichkeit gro\u00df ist, dass etwas dabei ist, was Ihren Wohnw\u00fcnschen entspricht. In unserem gro\u00dfen Angebot verteilt auf 2.000m\u00b2 finden Sie verschiedene sch\u00f6ne Marken, darunter HE Design. Kommen Sie bei Pine Design Wonen vorbei, um die zeitlosen Esszimmerst\u00fchle, Esszimmerb\u00e4nke und Sessel von HE Design zu besichtigen oder lassen Sie sich von anderen M\u00f6beln und Interieuraccessoires \u00fcberraschen. Sind Sie sich noch nicht ganz sicher, wonach Sie suchen? Dann hilft Ihnen unser begeistertes Team gerne weiter, um Ihrem Trauminterieur einen Schritt n\u00e4her zu kommen. Folgen Sie der       <\/span><a href=\"https:\/\/www.google.com\/maps\/dir\/\/Pine+Design+Wonen,+Verlengde+Stationsweg+8-10,+9471+PL+Zuidlaren\/@53.088589,6.664688,13z\/data=!4m8!4m7!1m0!1m5!1m1!1s0x47c82931795570f1:0xd098f1208b221fa0!2m2!1d6.664688!2d53.088589?hl=nl-NL\" target=\"_blank\" rel=\"noopener\"><span style=\"font-weight: 400;\">Routenbeschreibung<\/span><\/a><span style=\"font-weight: 400;\"> und fahren Sie mit Leichtigkeit zu unserem Showroom in Zuidlaren. Sehen wir Sie dort?<\/span><\/p>\t\t\t\t\t\t\t\t<\/div>\n\t\t\t\t<\/div>\n\t\t\t\t\t<\/div>\n\t\t<\/div>\n\t\t\t\t\t<\/div>\n\t\t<\/section>\n\t\t\t\t<section class=\"elementor-section elementor-top-section elementor-element elementor-element-1546dd1 elementor-section-boxed elementor-section-height-default elementor-section-height-default\" data-id=\"1546dd1\" data-element_type=\"section\" data-settings=\"{&quot;jet_parallax_layout_list&quot;:[{&quot;jet_parallax_layout_image&quot;:{&quot;url&quot;:&quot;&quot;,&quot;id&quot;:&quot;&quot;,&quot;size&quot;:&quot;&quot;},&quot;_id&quot;:&quot;91b4f3d&quot;,&quot;jet_parallax_layout_image_tablet&quot;:{&quot;url&quot;:&quot;&quot;,&quot;id&quot;:&quot;&quot;,&quot;size&quot;:&quot;&quot;},&quot;jet_parallax_layout_image_mobile&quot;:{&quot;url&quot;:&quot;&quot;,&quot;id&quot;:&quot;&quot;,&quot;size&quot;:&quot;&quot;},&quot;jet_parallax_layout_speed&quot;:{&quot;unit&quot;:&quot;%&quot;,&quot;size&quot;:50,&quot;sizes&quot;:[]},&quot;jet_parallax_layout_type&quot;:&quot;scroll&quot;,&quot;jet_parallax_layout_direction&quot;:&quot;1&quot;,&quot;jet_parallax_layout_fx_direction&quot;:null,&quot;jet_parallax_layout_z_index&quot;:&quot;&quot;,&quot;jet_parallax_layout_bg_x&quot;:50,&quot;jet_parallax_layout_bg_x_tablet&quot;:&quot;&quot;,&quot;jet_parallax_layout_bg_x_mobile&quot;:&quot;&quot;,&quot;jet_parallax_layout_bg_y&quot;:50,&quot;jet_parallax_layout_bg_y_tablet&quot;:&quot;&quot;,&quot;jet_parallax_layout_bg_y_mobile&quot;:&quot;&quot;,&quot;jet_parallax_layout_bg_size&quot;:&quot;auto&quot;,&quot;jet_parallax_layout_bg_size_tablet&quot;:&quot;&quot;,&quot;jet_parallax_layout_bg_size_mobile&quot;:&quot;&quot;,&quot;jet_parallax_layout_animation_prop&quot;:&quot;transform&quot;,&quot;jet_parallax_layout_on&quot;:[&quot;desktop&quot;,&quot;tablet&quot;]}]}\">\n\t\t\t\t\t\t<div class=\"elementor-container elementor-column-gap-default\">\n\t\t\t\t\t<div class=\"elementor-column elementor-col-100 elementor-top-column elementor-element elementor-element-ddda30b\" data-id=\"ddda30b\" data-element_type=\"column\">\n\t\t\t<div class=\"elementor-widget-wrap elementor-element-populated\">\n\t\t\t\t\t\t<div class=\"elementor-element elementor-element-85f62dc elementor-widget elementor-widget-image\" data-id=\"85f62dc\" data-element_type=\"widget\" data-widget_type=\"image.default\">\n\t\t\t\t<div class=\"elementor-widget-container\">\n\t\t\t\t\t\t\t\t\t\t\t\t\t\t\t<img loading=\"lazy\" decoding=\"async\" width=\"800\" height=\"543\" src=\"https:\/\/pinedesign.nl\/wp-content\/uploads\/2023\/02\/IMG_3179-2048x1390-1-1024x695.jpg\" class=\"attachment-large size-large wp-image-2751\" alt=\"\" srcset=\"https:\/\/pinedesign.nl\/wp-content\/uploads\/2023\/02\/IMG_3179-2048x1390-1-1024x695.jpg 1024w, https:\/\/pinedesign.nl\/wp-content\/uploads\/2023\/02\/IMG_3179-2048x1390-1-600x407.jpg 600w, https:\/\/pinedesign.nl\/wp-content\/uploads\/2023\/02\/IMG_3179-2048x1390-1-64x43.jpg 64w, https:\/\/pinedesign.nl\/wp-content\/uploads\/2023\/02\/IMG_3179-2048x1390-1-300x204.jpg 300w, https:\/\/pinedesign.nl\/wp-content\/uploads\/2023\/02\/IMG_3179-2048x1390-1-768x521.jpg 768w, https:\/\/pinedesign.nl\/wp-content\/uploads\/2023\/02\/IMG_3179-2048x1390-1-1536x1043.jpg 1536w, https:\/\/pinedesign.nl\/wp-content\/uploads\/2023\/02\/IMG_3179-2048x1390-1.jpg 2048w\" sizes=\"(max-width: 800px) 100vw, 800px\" \/>\t\t\t\t\t\t\t\t\t\t\t\t\t\t\t<\/div>\n\t\t\t\t<\/div>\n\t\t\t\t\t<\/div>\n\t\t<\/div>\n\t\t\t\t\t<\/div>\n\t\t<\/section>\n\t\t\t\t<\/div>\n\t\t","protected":false},"excerpt":{"rendered":"<p>Eine Leidenschaft f\u00fcr Design, das haben sie bei HE Design. Dieser M\u00f6belhersteller in Tilburg fertigt einzigartige M\u00f6bel, die Ihren Wohnw\u00fcnschen entsprechen. Ihr Haus wird n\u00e4mlich erst dann wirklich zum Zuhause, wenn Ihr Interieur zu Ihnen passt. Die M\u00f6bel von HE Design sind von hoher Qualit\u00e4t und werden mit viel Liebe von Fachleuten handgefertigt. Das qualitativ&#8230;<\/p>\n","protected":false},"author":3,"featured_media":0,"parent":0,"menu_order":0,"comment_status":"closed","ping_status":"closed","template":"","meta":{"_joinchat":[],"footnotes":""},"class_list":["post-7131","page","type-page","status-publish","hentry"],"_links":{"self":[{"href":"https:\/\/pinedesign.nl\/de\/wp-json\/wp\/v2\/pages\/7131","targetHints":{"allow":["GET"]}}],"collection":[{"href":"https:\/\/pinedesign.nl\/de\/wp-json\/wp\/v2\/pages"}],"about":[{"href":"https:\/\/pinedesign.nl\/de\/wp-json\/wp\/v2\/types\/page"}],"author":[{"embeddable":true,"href":"https:\/\/pinedesign.nl\/de\/wp-json\/wp\/v2\/users\/3"}],"replies":[{"embeddable":true,"href":"https:\/\/pinedesign.nl\/de\/wp-json\/wp\/v2\/comments?post=7131"}],"version-history":[{"count":5,"href":"https:\/\/pinedesign.nl\/de\/wp-json\/wp\/v2\/pages\/7131\/revisions"}],"predecessor-version":[{"id":7144,"href":"https:\/\/pinedesign.nl\/de\/wp-json\/wp\/v2\/pages\/7131\/revisions\/7144"}],"wp:attachment":[{"href":"https:\/\/pinedesign.nl\/de\/wp-json\/wp\/v2\/media?parent=7131"}],"curies":[{"name":"wp","href":"https:\/\/api.w.org\/{rel}","templated":true}]}}