{"id":7111,"date":"2023-09-11T14:50:20","date_gmt":"2023-09-11T14:50:20","guid":{"rendered":"https:\/\/pinedesign.nl\/keramiktische\/"},"modified":"2026-01-22T14:26:44","modified_gmt":"2026-01-22T14:26:44","slug":"keramiktische","status":"publish","type":"page","link":"https:\/\/pinedesign.nl\/de\/keramiktische\/","title":{"rendered":"Keramiktische"},"content":{"rendered":"\t\t<div data-elementor-type=\"wp-page\" data-elementor-id=\"7111\" class=\"elementor elementor-7111 elementor-4017\" data-elementor-post-type=\"page\">\n\t\t\t\t\t\t<section class=\"elementor-section elementor-top-section elementor-element elementor-element-200093d1 elementor-section-boxed elementor-section-height-default elementor-section-height-default\" data-id=\"200093d1\" data-element_type=\"section\" data-settings=\"{&quot;jet_parallax_layout_list&quot;:[{&quot;jet_parallax_layout_image&quot;:{&quot;url&quot;:&quot;&quot;,&quot;id&quot;:&quot;&quot;,&quot;size&quot;:&quot;&quot;},&quot;_id&quot;:&quot;4f41cdc&quot;,&quot;jet_parallax_layout_image_tablet&quot;:{&quot;url&quot;:&quot;&quot;,&quot;id&quot;:&quot;&quot;,&quot;size&quot;:&quot;&quot;},&quot;jet_parallax_layout_image_mobile&quot;:{&quot;url&quot;:&quot;&quot;,&quot;id&quot;:&quot;&quot;,&quot;size&quot;:&quot;&quot;},&quot;jet_parallax_layout_speed&quot;:{&quot;unit&quot;:&quot;%&quot;,&quot;size&quot;:50,&quot;sizes&quot;:[]},&quot;jet_parallax_layout_type&quot;:&quot;scroll&quot;,&quot;jet_parallax_layout_direction&quot;:&quot;1&quot;,&quot;jet_parallax_layout_fx_direction&quot;:null,&quot;jet_parallax_layout_z_index&quot;:&quot;&quot;,&quot;jet_parallax_layout_bg_x&quot;:50,&quot;jet_parallax_layout_bg_x_tablet&quot;:&quot;&quot;,&quot;jet_parallax_layout_bg_x_mobile&quot;:&quot;&quot;,&quot;jet_parallax_layout_bg_y&quot;:50,&quot;jet_parallax_layout_bg_y_tablet&quot;:&quot;&quot;,&quot;jet_parallax_layout_bg_y_mobile&quot;:&quot;&quot;,&quot;jet_parallax_layout_bg_size&quot;:&quot;auto&quot;,&quot;jet_parallax_layout_bg_size_tablet&quot;:&quot;&quot;,&quot;jet_parallax_layout_bg_size_mobile&quot;:&quot;&quot;,&quot;jet_parallax_layout_animation_prop&quot;:&quot;transform&quot;,&quot;jet_parallax_layout_on&quot;:[&quot;desktop&quot;,&quot;tablet&quot;]}]}\">\n\t\t\t\t\t\t<div class=\"elementor-container elementor-column-gap-default\">\n\t\t\t\t\t<div class=\"elementor-column elementor-col-100 elementor-top-column elementor-element elementor-element-4b57f93\" data-id=\"4b57f93\" data-element_type=\"column\">\n\t\t\t<div class=\"elementor-widget-wrap elementor-element-populated\">\n\t\t\t\t\t\t<div class=\"elementor-element elementor-element-2cb20f97 elementor-widget elementor-widget-text-editor\" data-id=\"2cb20f97\" data-element_type=\"widget\" data-widget_type=\"text-editor.default\">\n\t\t\t\t<div class=\"elementor-widget-container\">\n\t\t\t\t\t\t\t\t\t<p><\/p>\n<div class=\"wp-block-cover is-light\" style=\"min-height: 450px;\">\n<p><img fetchpriority=\"high\" decoding=\"async\" width=\"1536\" height=\"1022\" class=\"wp-block-cover__image-background wp-image-1876\" style=\"object-position: 0% 0%;\" src=\"https:\/\/pinedesign.nl\/wp-content\/uploads\/2022\/03\/pinedesign_3mei2021_039-1536x1022-1.jpeg\" alt=\"Einrichtungsgesch\u00e4ft Drenthe\" data-object-fit=\"cover\" data-object-position=\"0% 0%\" srcset=\"https:\/\/pinedesign.nl\/wp-content\/uploads\/2022\/03\/pinedesign_3mei2021_039-1536x1022-1.jpeg 1536w, https:\/\/pinedesign.nl\/wp-content\/uploads\/2022\/03\/pinedesign_3mei2021_039-1536x1022-1-600x399.jpeg 600w, https:\/\/pinedesign.nl\/wp-content\/uploads\/2022\/03\/pinedesign_3mei2021_039-1536x1022-1-64x43.jpeg 64w, https:\/\/pinedesign.nl\/wp-content\/uploads\/2022\/03\/pinedesign_3mei2021_039-1536x1022-1-300x200.jpeg 300w, https:\/\/pinedesign.nl\/wp-content\/uploads\/2022\/03\/pinedesign_3mei2021_039-1536x1022-1-1024x681.jpeg 1024w, https:\/\/pinedesign.nl\/wp-content\/uploads\/2022\/03\/pinedesign_3mei2021_039-1536x1022-1-768x511.jpeg 768w\" sizes=\"(max-width: 1536px) 100vw, 1536px\" \/><\/p>\n<div class=\"wp-block-cover__inner-container\">\n<p><\/p>\n<p class=\"has-text-align-center has-white-color has-text-color has-large-font-size\"> <\/p>\n<p><\/p>\n<\/div>\n<\/div>\n<p><\/p>\n<p><strong>Ein Keramiktisch ist eine echte Bereicherung f\u00fcr Ihr Interieur. Keramik hat ihren Ursprung in Griechenland. Hier wurden Becher, T\u00f6pfe und Kr\u00fcge mit Ton geformt. Um diese brauchbar zu machen, wurden sie anschlie\u00dfend bei hohen Temperaturen gebrannt. Dies geschieht auch heute noch. Um M\u00f6bel aus Keramik herzustellen, wird das Material zun\u00e4chst bei Raumtemperatur in Form gebracht. Anschlie\u00dfend sorgt eine enorm hohe Hitze daf\u00fcr, dass Keramik seine charakteristischen Eigenschaften erh\u00e4lt. Ein sch\u00f6nes M\u00f6belst\u00fcck garantiert!       <\/strong><\/p>\n<p><strong> <\/strong><\/p>\n<p><\/p>\n<h2 class=\"wp-block-heading\">Keramik f\u00fcr jeden Haushalt<\/h2>\n<p><\/p>\n<p><span style=\"font-weight: 400;\">Keramik ist vor allem im Interieur als Tischplatte oder Wohnaccessoire wegen ihres frischen und stilvollen Aussehens beliebt. Ein luxuri\u00f6ses Aussehen ist auch m\u00f6glich, w\u00e4hlen Sie dann zum Beispiel Keramik mit einer Marmoroptik. Sind Sie eher f\u00fcr ein verspieltes Interieur? Dann entscheiden Sie sich f\u00fcr einen Keramiktisch in einer abstrakten Form. Das Sch\u00f6ne an Keramik ist, dass das Material in verschiedene <\/span><a href=\"https:\/\/pinedesign.nl\/de\/wohnstile\/\"><span style=\"font-weight: 400;\">Wohnstile<\/span><\/a><span style=\"font-weight: 400;\"> passt.<\/span><\/p>\n<p><\/p>\n<h2 class=\"wp-block-heading\">Die Vorteile eines Keramiktisches<\/h2>\n<p><span style=\"font-weight: 400;\">Einen Keramiktisch zu haben ist nicht nur sch\u00f6n, sondern auch praktisch. Eine gute Wahl ist es zum Beispiel, einen Esstisch mit einer Keramik-Tischplatte zu w\u00e4hlen. Warum? Wir haben einige Vorteile aufgelistet:   <\/span><\/p>\n<ul>\n<li style=\"font-weight: 400;\" aria-level=\"1\"><span style=\"font-weight: 400;\">Eine Keramik-Tischplatte ist gegen Hitze und K\u00e4lte gewappnet. Daher ist es im Prinzip nicht notwendig, Untersetzer zu verwenden. <\/span><\/li>\n<li style=\"font-weight: 400;\" aria-level=\"1\"><span style=\"font-weight: 400;\">Keramik ist leicht sauber zu halten, indem man einfach mit einem Tuch dar\u00fcber wischt. Ein Keramiktisch ist daher praktisch wartungsfrei. Sie brauchen daher keine Angst zu haben, dass Flecken auf dem Tisch entstehen.  <\/span><\/li>\n<li style=\"font-weight: 400;\" aria-level=\"1\"><span style=\"font-weight: 400;\">Keramik h\u00e4lt einiges aus, daher ist ein Keramiktisch f\u00fcr Familien und ihre t\u00e4glichen Aktivit\u00e4ten geeignet. Auf einer Tischplatte aus Keramik entstehen nicht so schnell Kratzer und sie geben nicht so schnell nach, wenn sie einen Sto\u00df bekommen. <\/span><\/li>\n<li style=\"font-weight: 400;\" aria-level=\"1\"><span style=\"font-weight: 400;\">Ein Keramiktisch ist schlie\u00dflich auch hygienisch im Gebrauch. Dies liegt nicht nur daran, dass der Tisch einfach zu reinigen ist, sondern das Material ist auch frei von Ger\u00fcchen und Geschm\u00e4ckern. <\/span><\/li>\n<\/ul>\n<p> <\/p>\n<h2 class=\"wp-block-heading\">Entdecken Sie die Kollektion bei Pine Design<\/h2>\n<p><\/p>\n<p><span style=\"font-weight: 400;\">Bei Pine Design verf\u00fcgen wir \u00fcber eine breite M\u00f6belkollektion, verteilt auf 2.000 m\u00b2. In dieser Kollektion haben wir auch Tische und andere Accessoires aus Keramik. Kommen Sie gem\u00fctlich in unserem Showroom vorbei, um diese M\u00f6bel aus der N\u00e4he zu betrachten. Haben Sie Fragen zu Keramik und ob ein Keramiktisch f\u00fcr Ihr Interieur geeignet ist? Dann helfen wir Ihnen gerne weiter. Jeden Tag stehen wir bereit, um Sie mit pers\u00f6nlichen Ratschl\u00e4gen zu versorgen, sodass Sie mit einem guten Gef\u00fchl die T\u00fcr wieder verlassen!     <\/span><\/p>\n<p><\/p>\t\t\t\t\t\t\t\t<\/div>\n\t\t\t\t<\/div>\n\t\t\t\t\t<\/div>\n\t\t<\/div>\n\t\t\t\t\t<\/div>\n\t\t<\/section>\n\t\t\t\t<section class=\"elementor-section elementor-top-section elementor-element elementor-element-71aa087 elementor-section-boxed elementor-section-height-default elementor-section-height-default\" data-id=\"71aa087\" data-element_type=\"section\" data-settings=\"{&quot;jet_parallax_layout_list&quot;:[{&quot;jet_parallax_layout_image&quot;:{&quot;url&quot;:&quot;&quot;,&quot;id&quot;:&quot;&quot;,&quot;size&quot;:&quot;&quot;},&quot;_id&quot;:&quot;7f07809&quot;,&quot;jet_parallax_layout_image_tablet&quot;:{&quot;url&quot;:&quot;&quot;,&quot;id&quot;:&quot;&quot;,&quot;size&quot;:&quot;&quot;},&quot;jet_parallax_layout_image_mobile&quot;:{&quot;url&quot;:&quot;&quot;,&quot;id&quot;:&quot;&quot;,&quot;size&quot;:&quot;&quot;},&quot;jet_parallax_layout_speed&quot;:{&quot;unit&quot;:&quot;%&quot;,&quot;size&quot;:50,&quot;sizes&quot;:[]},&quot;jet_parallax_layout_type&quot;:&quot;scroll&quot;,&quot;jet_parallax_layout_direction&quot;:&quot;1&quot;,&quot;jet_parallax_layout_fx_direction&quot;:null,&quot;jet_parallax_layout_z_index&quot;:&quot;&quot;,&quot;jet_parallax_layout_bg_x&quot;:50,&quot;jet_parallax_layout_bg_x_tablet&quot;:&quot;&quot;,&quot;jet_parallax_layout_bg_x_mobile&quot;:&quot;&quot;,&quot;jet_parallax_layout_bg_y&quot;:50,&quot;jet_parallax_layout_bg_y_tablet&quot;:&quot;&quot;,&quot;jet_parallax_layout_bg_y_mobile&quot;:&quot;&quot;,&quot;jet_parallax_layout_bg_size&quot;:&quot;auto&quot;,&quot;jet_parallax_layout_bg_size_tablet&quot;:&quot;&quot;,&quot;jet_parallax_layout_bg_size_mobile&quot;:&quot;&quot;,&quot;jet_parallax_layout_animation_prop&quot;:&quot;transform&quot;,&quot;jet_parallax_layout_on&quot;:[&quot;desktop&quot;,&quot;tablet&quot;]}]}\">\n\t\t\t\t\t\t<div class=\"elementor-container elementor-column-gap-default\">\n\t\t\t\t\t<div class=\"elementor-column elementor-col-100 elementor-top-column elementor-element elementor-element-36c86c7\" data-id=\"36c86c7\" data-element_type=\"column\">\n\t\t\t<div class=\"elementor-widget-wrap elementor-element-populated\">\n\t\t\t\t\t\t<div class=\"elementor-element elementor-element-8b54d70 elementor-widget elementor-widget-text-editor\" data-id=\"8b54d70\" data-element_type=\"widget\" data-widget_type=\"text-editor.default\">\n\t\t\t\t<div class=\"elementor-widget-container\">\n\t\t\t\t\t\t\t\t\t<h2 class=\"wp-block-heading\">Bis bald in Zuidlaren!<\/h2>\n<p>Sind Sie neugierig auf unser Angebot, unsere Beratung oder unsere Ma\u00dfanfertigungen geworden? St\u00f6bern Sie noch ein wenig auf unserer Website und besuchen Sie anschlie\u00dfend unseren Showroom, um das aktuelle Angebot zu betrachten und nat\u00fcrlich auf (Sitz-)Qualit\u00e4t zu testen. \u00dcber die <a href=\"https:\/\/www.google.com\/maps\/dir\/\/Pine+Design+Wonen,+Verlengde+Stationsweg+8-10,+9471+PL+Zuidlaren\/@53.088589,6.664688,13z\/data=!4m8!4m7!1m0!1m5!1m1!1s0x47c82931795570f1:0xd098f1208b221fa0!2m2!1d6.664688!2d53.088589?hl=nl-NL\" target=\"_blank\" rel=\"noopener\">Routenbeschreibung<\/a> fahren Sie flie\u00dfend bis zu unserer Haust\u00fcr.   Bis bald bei Pinedesign, dem Wohngesch\u00e4ft von Drenthe!<\/p>\t\t\t\t\t\t\t\t<\/div>\n\t\t\t\t<\/div>\n\t\t\t\t\t<\/div>\n\t\t<\/div>\n\t\t\t\t\t<\/div>\n\t\t<\/section>\n\t\t\t\t<section class=\"elementor-section elementor-top-section elementor-element elementor-element-1546dd1 elementor-section-boxed elementor-section-height-default elementor-section-height-default\" data-id=\"1546dd1\" data-element_type=\"section\" data-settings=\"{&quot;jet_parallax_layout_list&quot;:[{&quot;jet_parallax_layout_image&quot;:{&quot;url&quot;:&quot;&quot;,&quot;id&quot;:&quot;&quot;,&quot;size&quot;:&quot;&quot;},&quot;_id&quot;:&quot;91b4f3d&quot;,&quot;jet_parallax_layout_image_tablet&quot;:{&quot;url&quot;:&quot;&quot;,&quot;id&quot;:&quot;&quot;,&quot;size&quot;:&quot;&quot;},&quot;jet_parallax_layout_image_mobile&quot;:{&quot;url&quot;:&quot;&quot;,&quot;id&quot;:&quot;&quot;,&quot;size&quot;:&quot;&quot;},&quot;jet_parallax_layout_speed&quot;:{&quot;unit&quot;:&quot;%&quot;,&quot;size&quot;:50,&quot;sizes&quot;:[]},&quot;jet_parallax_layout_type&quot;:&quot;scroll&quot;,&quot;jet_parallax_layout_direction&quot;:&quot;1&quot;,&quot;jet_parallax_layout_fx_direction&quot;:null,&quot;jet_parallax_layout_z_index&quot;:&quot;&quot;,&quot;jet_parallax_layout_bg_x&quot;:50,&quot;jet_parallax_layout_bg_x_tablet&quot;:&quot;&quot;,&quot;jet_parallax_layout_bg_x_mobile&quot;:&quot;&quot;,&quot;jet_parallax_layout_bg_y&quot;:50,&quot;jet_parallax_layout_bg_y_tablet&quot;:&quot;&quot;,&quot;jet_parallax_layout_bg_y_mobile&quot;:&quot;&quot;,&quot;jet_parallax_layout_bg_size&quot;:&quot;auto&quot;,&quot;jet_parallax_layout_bg_size_tablet&quot;:&quot;&quot;,&quot;jet_parallax_layout_bg_size_mobile&quot;:&quot;&quot;,&quot;jet_parallax_layout_animation_prop&quot;:&quot;transform&quot;,&quot;jet_parallax_layout_on&quot;:[&quot;desktop&quot;,&quot;tablet&quot;]}]}\">\n\t\t\t\t\t\t<div class=\"elementor-container elementor-column-gap-default\">\n\t\t\t\t\t<div class=\"elementor-column elementor-col-100 elementor-top-column elementor-element elementor-element-ddda30b\" data-id=\"ddda30b\" data-element_type=\"column\">\n\t\t\t<div class=\"elementor-widget-wrap elementor-element-populated\">\n\t\t\t\t\t\t<div class=\"elementor-element elementor-element-85f62dc elementor-widget elementor-widget-image\" data-id=\"85f62dc\" data-element_type=\"widget\" data-widget_type=\"image.default\">\n\t\t\t\t<div class=\"elementor-widget-container\">\n\t\t\t\t\t\t\t\t\t\t\t\t\t\t\t<img decoding=\"async\" width=\"800\" height=\"543\" src=\"https:\/\/pinedesign.nl\/wp-content\/uploads\/2023\/02\/IMG_3179-2048x1390-1-1024x695.jpg\" class=\"attachment-large size-large wp-image-2751\" alt=\"\" srcset=\"https:\/\/pinedesign.nl\/wp-content\/uploads\/2023\/02\/IMG_3179-2048x1390-1-1024x695.jpg 1024w, https:\/\/pinedesign.nl\/wp-content\/uploads\/2023\/02\/IMG_3179-2048x1390-1-600x407.jpg 600w, https:\/\/pinedesign.nl\/wp-content\/uploads\/2023\/02\/IMG_3179-2048x1390-1-64x43.jpg 64w, https:\/\/pinedesign.nl\/wp-content\/uploads\/2023\/02\/IMG_3179-2048x1390-1-300x204.jpg 300w, https:\/\/pinedesign.nl\/wp-content\/uploads\/2023\/02\/IMG_3179-2048x1390-1-768x521.jpg 768w, https:\/\/pinedesign.nl\/wp-content\/uploads\/2023\/02\/IMG_3179-2048x1390-1-1536x1043.jpg 1536w, https:\/\/pinedesign.nl\/wp-content\/uploads\/2023\/02\/IMG_3179-2048x1390-1.jpg 2048w\" sizes=\"(max-width: 800px) 100vw, 800px\" \/>\t\t\t\t\t\t\t\t\t\t\t\t\t\t\t<\/div>\n\t\t\t\t<\/div>\n\t\t\t\t\t<\/div>\n\t\t<\/div>\n\t\t\t\t\t<\/div>\n\t\t<\/section>\n\t\t\t\t<\/div>\n\t\t","protected":false},"excerpt":{"rendered":"<p>Ein Keramiktisch ist eine echte Bereicherung f\u00fcr Ihr Interieur. Keramik hat ihren Ursprung in Griechenland. Hier wurden Becher, T\u00f6pfe und Kr\u00fcge mit Ton geformt. Um diese brauchbar zu machen, wurden sie anschlie\u00dfend bei hohen Temperaturen gebrannt. Dies geschieht auch heute noch. Um M\u00f6bel aus Keramik herzustellen, wird das Material zun\u00e4chst bei Raumtemperatur in Form gebracht&#8230;.<\/p>\n","protected":false},"author":3,"featured_media":0,"parent":0,"menu_order":0,"comment_status":"closed","ping_status":"closed","template":"","meta":{"_joinchat":[],"footnotes":""},"class_list":["post-7111","page","type-page","status-publish","hentry"],"_links":{"self":[{"href":"https:\/\/pinedesign.nl\/de\/wp-json\/wp\/v2\/pages\/7111","targetHints":{"allow":["GET"]}}],"collection":[{"href":"https:\/\/pinedesign.nl\/de\/wp-json\/wp\/v2\/pages"}],"about":[{"href":"https:\/\/pinedesign.nl\/de\/wp-json\/wp\/v2\/types\/page"}],"author":[{"embeddable":true,"href":"https:\/\/pinedesign.nl\/de\/wp-json\/wp\/v2\/users\/3"}],"replies":[{"embeddable":true,"href":"https:\/\/pinedesign.nl\/de\/wp-json\/wp\/v2\/comments?post=7111"}],"version-history":[{"count":7,"href":"https:\/\/pinedesign.nl\/de\/wp-json\/wp\/v2\/pages\/7111\/revisions"}],"predecessor-version":[{"id":7137,"href":"https:\/\/pinedesign.nl\/de\/wp-json\/wp\/v2\/pages\/7111\/revisions\/7137"}],"wp:attachment":[{"href":"https:\/\/pinedesign.nl\/de\/wp-json\/wp\/v2\/media?parent=7111"}],"curies":[{"name":"wp","href":"https:\/\/api.w.org\/{rel}","templated":true}]}}