{"id":7048,"date":"2023-09-11T14:44:35","date_gmt":"2023-09-11T14:44:35","guid":{"rendered":"https:\/\/pinedesign.nl\/mobitec\/"},"modified":"2026-01-22T14:25:34","modified_gmt":"2026-01-22T14:25:34","slug":"mobitec","status":"publish","type":"page","link":"https:\/\/pinedesign.nl\/de\/mobitec\/","title":{"rendered":"Mobitec"},"content":{"rendered":"\t\t<div data-elementor-type=\"wp-page\" data-elementor-id=\"7048\" class=\"elementor elementor-7048 elementor-4000\" data-elementor-post-type=\"page\">\n\t\t\t\t\t\t<section class=\"elementor-section elementor-top-section elementor-element elementor-element-200093d1 elementor-section-boxed elementor-section-height-default elementor-section-height-default\" data-id=\"200093d1\" data-element_type=\"section\" data-settings=\"{&quot;jet_parallax_layout_list&quot;:[{&quot;jet_parallax_layout_image&quot;:{&quot;url&quot;:&quot;&quot;,&quot;id&quot;:&quot;&quot;,&quot;size&quot;:&quot;&quot;},&quot;_id&quot;:&quot;4f41cdc&quot;,&quot;jet_parallax_layout_image_tablet&quot;:{&quot;url&quot;:&quot;&quot;,&quot;id&quot;:&quot;&quot;,&quot;size&quot;:&quot;&quot;},&quot;jet_parallax_layout_image_mobile&quot;:{&quot;url&quot;:&quot;&quot;,&quot;id&quot;:&quot;&quot;,&quot;size&quot;:&quot;&quot;},&quot;jet_parallax_layout_speed&quot;:{&quot;unit&quot;:&quot;%&quot;,&quot;size&quot;:50,&quot;sizes&quot;:[]},&quot;jet_parallax_layout_type&quot;:&quot;scroll&quot;,&quot;jet_parallax_layout_direction&quot;:&quot;1&quot;,&quot;jet_parallax_layout_fx_direction&quot;:null,&quot;jet_parallax_layout_z_index&quot;:&quot;&quot;,&quot;jet_parallax_layout_bg_x&quot;:50,&quot;jet_parallax_layout_bg_x_tablet&quot;:&quot;&quot;,&quot;jet_parallax_layout_bg_x_mobile&quot;:&quot;&quot;,&quot;jet_parallax_layout_bg_y&quot;:50,&quot;jet_parallax_layout_bg_y_tablet&quot;:&quot;&quot;,&quot;jet_parallax_layout_bg_y_mobile&quot;:&quot;&quot;,&quot;jet_parallax_layout_bg_size&quot;:&quot;auto&quot;,&quot;jet_parallax_layout_bg_size_tablet&quot;:&quot;&quot;,&quot;jet_parallax_layout_bg_size_mobile&quot;:&quot;&quot;,&quot;jet_parallax_layout_animation_prop&quot;:&quot;transform&quot;,&quot;jet_parallax_layout_on&quot;:[&quot;desktop&quot;,&quot;tablet&quot;]}]}\">\n\t\t\t\t\t\t<div class=\"elementor-container elementor-column-gap-default\">\n\t\t\t\t\t<div class=\"elementor-column elementor-col-100 elementor-top-column elementor-element elementor-element-4b57f93\" data-id=\"4b57f93\" data-element_type=\"column\">\n\t\t\t<div class=\"elementor-widget-wrap elementor-element-populated\">\n\t\t\t\t\t\t<div class=\"elementor-element elementor-element-2cb20f97 elementor-widget elementor-widget-text-editor\" data-id=\"2cb20f97\" data-element_type=\"widget\" data-widget_type=\"text-editor.default\">\n\t\t\t\t<div class=\"elementor-widget-container\">\n\t\t\t\t\t\t\t\t\t<p><\/p>\n<div class=\"wp-block-cover is-light\" style=\"min-height: 450px;\">\n<p><img fetchpriority=\"high\" decoding=\"async\" width=\"1536\" height=\"1022\" class=\"wp-block-cover__image-background wp-image-1876\" style=\"object-position: 0% 0%;\" src=\"https:\/\/pinedesign.nl\/wp-content\/uploads\/2022\/03\/pinedesign_3mei2021_039-1536x1022-1.jpeg\" alt=\"Einrichtungsgesch\u00e4ft Drenthe\" data-object-fit=\"cover\" data-object-position=\"0% 0%\" srcset=\"https:\/\/pinedesign.nl\/wp-content\/uploads\/2022\/03\/pinedesign_3mei2021_039-1536x1022-1.jpeg 1536w, https:\/\/pinedesign.nl\/wp-content\/uploads\/2022\/03\/pinedesign_3mei2021_039-1536x1022-1-600x399.jpeg 600w, https:\/\/pinedesign.nl\/wp-content\/uploads\/2022\/03\/pinedesign_3mei2021_039-1536x1022-1-64x43.jpeg 64w, https:\/\/pinedesign.nl\/wp-content\/uploads\/2022\/03\/pinedesign_3mei2021_039-1536x1022-1-300x200.jpeg 300w, https:\/\/pinedesign.nl\/wp-content\/uploads\/2022\/03\/pinedesign_3mei2021_039-1536x1022-1-1024x681.jpeg 1024w, https:\/\/pinedesign.nl\/wp-content\/uploads\/2022\/03\/pinedesign_3mei2021_039-1536x1022-1-768x511.jpeg 768w\" sizes=\"(max-width: 1536px) 100vw, 1536px\" \/><\/p>\n<div class=\"wp-block-cover__inner-container\">\n<p><\/p>\n<p class=\"has-text-align-center has-white-color has-text-color has-large-font-size\"> <\/p>\n<p><\/p>\n<\/div>\n<\/div>\n<p><\/p>\n<p><strong>Bei Mobitec hat man eine Leidenschaft: hochwertige M\u00f6bel herzustellen, mit Spezialisierung auf personalisierbare M\u00f6bel. Mobitec stammt urspr\u00fcnglich aus Belgien, aber in vielen niederl\u00e4ndischen Wohnzimmern sind diese Qualit\u00e4tsm\u00f6bel zu finden. Neugierig auf unser Sortiment? Bei Pine Design haben wir eine gro\u00dfe Auswahl an Mobitec-M\u00f6beln.    <\/strong><\/p>\n<p><strong> <\/strong><\/p>\n<p><\/p>\n<h2 class=\"wp-block-heading\">Die Kollektion<\/h2>\n<p><\/p>\n<p><span style=\"font-weight: 400;\">Die Designer von Mobitec entwerfen jedes Jahr neue Kollektionen, jede Kollektion ist personalisierbar. Mit einem dazugeh\u00f6rigen F\u00e4cher ist gut zu sehen, wie Sie das betreffende M\u00f6belst\u00fcck anpassen k\u00f6nnen. So k\u00f6nnen Sie selbst w\u00e4hlen, welche F\u00fc\u00dfe Sie m\u00f6chten, mit oder ohne Armlehnen, oder Verl\u00e4ngerungen an Tischen w\u00e4hlen. Dar\u00fcber hinaus k\u00f6nnen Sie auch verschiedene Stoffe w\u00e4hlen, darunter <\/span><a href=\"https:\/\/pinedesign.nl\/vivalife-stoffen-mobitec-duurzaam-slijtvast-en-kleurrijk\/\"><span style=\"font-weight: 400;\">Vivalife<\/span><\/a><span style=\"font-weight: 400;\">-Stoffe. Innerhalb unserer Kollektion von Mobitec haben wir:<\/span><\/p>\n<ul>\n<li style=\"font-weight: 400;\" aria-level=\"1\"><span style=\"font-weight: 400;\">St\u00fchle<\/span><\/li>\n<li style=\"font-weight: 400;\" aria-level=\"1\"><span style=\"font-weight: 400;\">Tische<\/span><\/li>\n<li style=\"font-weight: 400;\" aria-level=\"1\"><span style=\"font-weight: 400;\">Sessel<\/span><\/li>\n<li style=\"font-weight: 400;\" aria-level=\"1\"><span style=\"font-weight: 400;\">Barhocker<\/span><\/li>\n<li style=\"font-weight: 400;\" aria-level=\"1\"><span style=\"font-weight: 400;\">Esszimmerb\u00e4nke<\/span><\/li>\n<\/ul>\n<p> <\/p>\n<p><\/p>\n<h3><span style=\"font-weight: 400;\">Mobitec Esstische<\/span><\/h3>\n<p><span style=\"font-weight: 400;\">Heutzutage ist ein Esstisch nicht mehr nur ein M\u00f6belst\u00fcck. Oft ist er ein zentrales Element im Wohnraum. Mobitec hat die Tische so entworfen, dass sie f\u00fcr jeden angenehm zu benutzen sind. Auch k\u00f6nnen die Tische von Mobitec vollst\u00e4ndig personalisiert werden, so ist immer ein Tisch dabei, der zu Ihrem Interieur passt. W\u00e4hlen Sie den runden <a href=\"https:\/\/pinedesign.nl\/product\/mobitec-eclipse\/\">Esstisch Eclipse<\/a><\/span><span style=\"font-weight: 400;\"> mit schlanker Silhouette oder doch <a href=\"https:\/\/pinedesign.nl\/product\/mobitec-dolmen\/\">Esstisch Dolmen<\/a><\/span><span style=\"font-weight: 400;\"> oder <\/span><a href=\"https:\/\/pinedesign.nl\/product\/eettafel-blossom\/\"><span style=\"font-weight: 400;\">Blossom<\/span><\/a><span style=\"font-weight: 400;\"> f\u00fcr eine interessante Wendung?<\/span><\/p>\n<h3><span style=\"font-weight: 400;\">Mobitec Esszimmerst\u00fchle<\/span><\/h3>\n<p><span style=\"font-weight: 400;\">Komfort steht bei Mobitec hoch im Kurs, aber dar\u00fcber hinaus haben die Esszimmerst\u00fchle von Mobitec auch ein wundersch\u00f6nes Design. Schauen Sie sich nur die folgenden Serien an Esszimmerst\u00fchlen an: <\/span><a href=\"https:\/\/pinedesign.nl\/product\/eetkamerstoel-saga-c0110\/\"><span style=\"font-weight: 400;\">Saga<\/span><\/a><span style=\"font-weight: 400;\">, <\/span><a href=\"https:\/\/pinedesign.nl\/product\/eetkamerstoel-toro-met-arm\/\"><span style=\"font-weight: 400;\">Toro<\/span><\/a><span style=\"font-weight: 400;\"> und <\/span><a href=\"https:\/\/pinedesign.nl\/product\/eetkamerstoel-moods-95-m0112\/\"><span style=\"font-weight: 400;\">Moods<\/span><\/a><span style=\"font-weight: 400;\">. Alle sind in verschiedenen Ausf\u00fchrungen erh\u00e4ltlich, sodass Sie diese perfekt an Ihren pers\u00f6nlichen Geschmack anpassen k\u00f6nnen. Entscheiden Sie sich beispielsweise f\u00fcr Leder oder Stoff? W\u00e4hlen Sie statische F\u00fc\u00dfe oder Esszimmerst\u00fchle mit einem Drehmechanismus? In allen F\u00e4llen werden immer die st\u00e4rksten und haltbarsten Qualit\u00e4tsmaterialien gew\u00e4hlt.<\/span><\/p>\n<h3><span style=\"font-weight: 400;\">Mobitec Barhocker<\/span><\/h3>\n<p><span style=\"font-weight: 400;\">Heutzutage ist es fast nicht mehr wegzudenken: eine Kochinsel oder eine Bar in der K\u00fcche. Dazu geh\u00f6ren nat\u00fcrlich Barhocker. So k\u00f6nnen Sie beispielsweise den Barhocker <\/span><a href=\"https:\/\/pinedesign.nl\/product\/barkruk-pamp-hoog\/\"><span style=\"font-weight: 400;\">Pamp mit hoher R\u00fcckenlehne<\/span><\/a><span style=\"font-weight: 400;\"> oder <\/span><a href=\"https:\/\/pinedesign.nl\/product\/barkruk-pamp-laag\/\"><span style=\"font-weight: 400;\">das gleiche Modell, aber mit einer niedrigen R\u00fcckenlehne<\/span><\/a><span style=\"font-weight: 400;\"> w\u00e4hlen. Mobitec hat eine gro\u00dfe Auswahl an Barhockern in vielen verschiedenen Stilen und H\u00f6hen. Farbenfroh oder bescheiden, mit Metall- oder Holzf\u00fc\u00dfen, alles ist bei den Barhockern von Mobitec m\u00f6glich.<\/span><\/p>\n<p><\/p>\t\t\t\t\t\t\t\t<\/div>\n\t\t\t\t<\/div>\n\t\t\t\t\t<\/div>\n\t\t<\/div>\n\t\t\t\t\t<\/div>\n\t\t<\/section>\n\t\t\t\t<section class=\"elementor-section elementor-top-section elementor-element elementor-element-32e2be8 elementor-section-boxed elementor-section-height-default elementor-section-height-default\" data-id=\"32e2be8\" data-element_type=\"section\" data-settings=\"{&quot;jet_parallax_layout_list&quot;:[{&quot;jet_parallax_layout_image&quot;:{&quot;url&quot;:&quot;&quot;,&quot;id&quot;:&quot;&quot;,&quot;size&quot;:&quot;&quot;},&quot;_id&quot;:&quot;03cdee1&quot;,&quot;jet_parallax_layout_image_tablet&quot;:{&quot;url&quot;:&quot;&quot;,&quot;id&quot;:&quot;&quot;,&quot;size&quot;:&quot;&quot;},&quot;jet_parallax_layout_image_mobile&quot;:{&quot;url&quot;:&quot;&quot;,&quot;id&quot;:&quot;&quot;,&quot;size&quot;:&quot;&quot;},&quot;jet_parallax_layout_speed&quot;:{&quot;unit&quot;:&quot;%&quot;,&quot;size&quot;:50,&quot;sizes&quot;:[]},&quot;jet_parallax_layout_type&quot;:&quot;scroll&quot;,&quot;jet_parallax_layout_direction&quot;:&quot;1&quot;,&quot;jet_parallax_layout_fx_direction&quot;:null,&quot;jet_parallax_layout_z_index&quot;:&quot;&quot;,&quot;jet_parallax_layout_bg_x&quot;:50,&quot;jet_parallax_layout_bg_x_tablet&quot;:&quot;&quot;,&quot;jet_parallax_layout_bg_x_mobile&quot;:&quot;&quot;,&quot;jet_parallax_layout_bg_y&quot;:50,&quot;jet_parallax_layout_bg_y_tablet&quot;:&quot;&quot;,&quot;jet_parallax_layout_bg_y_mobile&quot;:&quot;&quot;,&quot;jet_parallax_layout_bg_size&quot;:&quot;auto&quot;,&quot;jet_parallax_layout_bg_size_tablet&quot;:&quot;&quot;,&quot;jet_parallax_layout_bg_size_mobile&quot;:&quot;&quot;,&quot;jet_parallax_layout_animation_prop&quot;:&quot;transform&quot;,&quot;jet_parallax_layout_on&quot;:[&quot;desktop&quot;,&quot;tablet&quot;]}]}\">\n\t\t\t\t\t\t\t<div class=\"elementor-background-overlay\"><\/div>\n\t\t\t\t\t\t\t<div class=\"elementor-container elementor-column-gap-default\">\n\t\t\t\t\t<div class=\"elementor-column elementor-col-100 elementor-top-column elementor-element elementor-element-e9ee6bb\" data-id=\"e9ee6bb\" data-element_type=\"column\">\n\t\t\t<div class=\"elementor-widget-wrap elementor-element-populated\">\n\t\t\t\t\t\t<div class=\"elementor-element elementor-element-ffdfea2 elementor-widget elementor-widget-text-editor\" data-id=\"ffdfea2\" data-element_type=\"widget\" data-widget_type=\"text-editor.default\">\n\t\t\t\t<div class=\"elementor-widget-container\">\n\t\t\t\t\t\t\t\t\t<h2 class=\"wp-block-heading\">Entdecken Sie unser aktuelles Angebot an Mobitec:<\/h2>\t\t\t\t\t\t\t\t<\/div>\n\t\t\t\t<\/div>\n\t\t\t\t\t<\/div>\n\t\t<\/div>\n\t\t\t\t\t<\/div>\n\t\t<\/section>\n\t\t\t\t<section class=\"elementor-section elementor-top-section elementor-element elementor-element-71aa087 elementor-section-boxed elementor-section-height-default elementor-section-height-default\" data-id=\"71aa087\" data-element_type=\"section\" data-settings=\"{&quot;jet_parallax_layout_list&quot;:[{&quot;jet_parallax_layout_image&quot;:{&quot;url&quot;:&quot;&quot;,&quot;id&quot;:&quot;&quot;,&quot;size&quot;:&quot;&quot;},&quot;_id&quot;:&quot;7f07809&quot;,&quot;jet_parallax_layout_image_tablet&quot;:{&quot;url&quot;:&quot;&quot;,&quot;id&quot;:&quot;&quot;,&quot;size&quot;:&quot;&quot;},&quot;jet_parallax_layout_image_mobile&quot;:{&quot;url&quot;:&quot;&quot;,&quot;id&quot;:&quot;&quot;,&quot;size&quot;:&quot;&quot;},&quot;jet_parallax_layout_speed&quot;:{&quot;unit&quot;:&quot;%&quot;,&quot;size&quot;:50,&quot;sizes&quot;:[]},&quot;jet_parallax_layout_type&quot;:&quot;scroll&quot;,&quot;jet_parallax_layout_direction&quot;:&quot;1&quot;,&quot;jet_parallax_layout_fx_direction&quot;:null,&quot;jet_parallax_layout_z_index&quot;:&quot;&quot;,&quot;jet_parallax_layout_bg_x&quot;:50,&quot;jet_parallax_layout_bg_x_tablet&quot;:&quot;&quot;,&quot;jet_parallax_layout_bg_x_mobile&quot;:&quot;&quot;,&quot;jet_parallax_layout_bg_y&quot;:50,&quot;jet_parallax_layout_bg_y_tablet&quot;:&quot;&quot;,&quot;jet_parallax_layout_bg_y_mobile&quot;:&quot;&quot;,&quot;jet_parallax_layout_bg_size&quot;:&quot;auto&quot;,&quot;jet_parallax_layout_bg_size_tablet&quot;:&quot;&quot;,&quot;jet_parallax_layout_bg_size_mobile&quot;:&quot;&quot;,&quot;jet_parallax_layout_animation_prop&quot;:&quot;transform&quot;,&quot;jet_parallax_layout_on&quot;:[&quot;desktop&quot;,&quot;tablet&quot;]}]}\">\n\t\t\t\t\t\t<div class=\"elementor-container elementor-column-gap-default\">\n\t\t\t\t\t<div class=\"elementor-column elementor-col-100 elementor-top-column elementor-element elementor-element-36c86c7\" data-id=\"36c86c7\" data-element_type=\"column\">\n\t\t\t<div class=\"elementor-widget-wrap elementor-element-populated\">\n\t\t\t\t\t\t<div class=\"elementor-element elementor-element-8b54d70 elementor-widget elementor-widget-text-editor\" data-id=\"8b54d70\" data-element_type=\"widget\" data-widget_type=\"text-editor.default\">\n\t\t\t\t<div class=\"elementor-widget-container\">\n\t\t\t\t\t\t\t\t\t<h2><span style=\"font-weight: 400;\">Mobitec bei Pine Design<\/span><\/h2>\n<p><span style=\"font-weight: 400;\">Bei Pine Design finden Sie \u00fcber 2.000 m\u00b2 Wohninspiration. Diese ist in verschiedene Wohnstile mit diversen Marken unterteilt, darunter Mobitec. In unserem Showroom k\u00f6nnen Sie verschiedene M\u00f6bel von Mobitec ansehen und testen. Sie k\u00f6nnen sich hier in aller Ruhe selbst umsehen oder mit Hilfe eines unserer Mitarbeiter nach dem perfekten M\u00f6belst\u00fcck suchen.   <\/span><\/p>\n<h2><span style=\"font-weight: 400;\">Bis bald in Zuidlaren!<\/span><\/h2>\n<p><span style=\"font-weight: 400;\">Neugierig auf unser Sortiment? Besuchen Sie unseren Showroom in Zuidlaren, wo wir bereit stehen, Ihnen weiterzuhelfen. \u00dcber die <\/span><a href=\"https:\/\/www.google.com\/maps\/dir\/\/Pine+Design+Wonen,+Verlengde+Stationsweg+8-10,+9471+PL+Zuidlaren\/@53.088589,6.664688,13z\/data=!4m8!4m7!1m0!1m5!1m1!1s0x47c82931795570f1:0xd098f1208b221fa0!2m2!1d6.664688!2d53.088589?hl=nl-NL\" target=\"_blank\" rel=\"noopener\"><span style=\"font-weight: 400;\">Routenbeschreibung<\/span><\/a><span style=\"font-weight: 400;\"> fahren Sie bequem zu unserem Showroom. Gerne bis bald bei Pine Design.<\/span><\/p>\t\t\t\t\t\t\t\t<\/div>\n\t\t\t\t<\/div>\n\t\t\t\t\t<\/div>\n\t\t<\/div>\n\t\t\t\t\t<\/div>\n\t\t<\/section>\n\t\t\t\t<section class=\"elementor-section elementor-top-section elementor-element elementor-element-1546dd1 elementor-section-boxed elementor-section-height-default elementor-section-height-default\" data-id=\"1546dd1\" data-element_type=\"section\" data-settings=\"{&quot;jet_parallax_layout_list&quot;:[{&quot;jet_parallax_layout_image&quot;:{&quot;url&quot;:&quot;&quot;,&quot;id&quot;:&quot;&quot;,&quot;size&quot;:&quot;&quot;},&quot;_id&quot;:&quot;91b4f3d&quot;,&quot;jet_parallax_layout_image_tablet&quot;:{&quot;url&quot;:&quot;&quot;,&quot;id&quot;:&quot;&quot;,&quot;size&quot;:&quot;&quot;},&quot;jet_parallax_layout_image_mobile&quot;:{&quot;url&quot;:&quot;&quot;,&quot;id&quot;:&quot;&quot;,&quot;size&quot;:&quot;&quot;},&quot;jet_parallax_layout_speed&quot;:{&quot;unit&quot;:&quot;%&quot;,&quot;size&quot;:50,&quot;sizes&quot;:[]},&quot;jet_parallax_layout_type&quot;:&quot;scroll&quot;,&quot;jet_parallax_layout_direction&quot;:&quot;1&quot;,&quot;jet_parallax_layout_fx_direction&quot;:null,&quot;jet_parallax_layout_z_index&quot;:&quot;&quot;,&quot;jet_parallax_layout_bg_x&quot;:50,&quot;jet_parallax_layout_bg_x_tablet&quot;:&quot;&quot;,&quot;jet_parallax_layout_bg_x_mobile&quot;:&quot;&quot;,&quot;jet_parallax_layout_bg_y&quot;:50,&quot;jet_parallax_layout_bg_y_tablet&quot;:&quot;&quot;,&quot;jet_parallax_layout_bg_y_mobile&quot;:&quot;&quot;,&quot;jet_parallax_layout_bg_size&quot;:&quot;auto&quot;,&quot;jet_parallax_layout_bg_size_tablet&quot;:&quot;&quot;,&quot;jet_parallax_layout_bg_size_mobile&quot;:&quot;&quot;,&quot;jet_parallax_layout_animation_prop&quot;:&quot;transform&quot;,&quot;jet_parallax_layout_on&quot;:[&quot;desktop&quot;,&quot;tablet&quot;]}]}\">\n\t\t\t\t\t\t<div class=\"elementor-container elementor-column-gap-default\">\n\t\t\t\t\t<div class=\"elementor-column elementor-col-100 elementor-top-column elementor-element elementor-element-ddda30b\" data-id=\"ddda30b\" data-element_type=\"column\">\n\t\t\t<div class=\"elementor-widget-wrap elementor-element-populated\">\n\t\t\t\t\t\t<div class=\"elementor-element elementor-element-85f62dc elementor-widget elementor-widget-image\" data-id=\"85f62dc\" data-element_type=\"widget\" data-widget_type=\"image.default\">\n\t\t\t\t<div class=\"elementor-widget-container\">\n\t\t\t\t\t\t\t\t\t\t\t\t\t\t\t<img decoding=\"async\" width=\"800\" height=\"543\" src=\"https:\/\/pinedesign.nl\/wp-content\/uploads\/2023\/02\/IMG_3179-2048x1390-1-1024x695.jpg\" class=\"attachment-large size-large wp-image-2751\" alt=\"\" srcset=\"https:\/\/pinedesign.nl\/wp-content\/uploads\/2023\/02\/IMG_3179-2048x1390-1-1024x695.jpg 1024w, https:\/\/pinedesign.nl\/wp-content\/uploads\/2023\/02\/IMG_3179-2048x1390-1-600x407.jpg 600w, https:\/\/pinedesign.nl\/wp-content\/uploads\/2023\/02\/IMG_3179-2048x1390-1-64x43.jpg 64w, https:\/\/pinedesign.nl\/wp-content\/uploads\/2023\/02\/IMG_3179-2048x1390-1-300x204.jpg 300w, https:\/\/pinedesign.nl\/wp-content\/uploads\/2023\/02\/IMG_3179-2048x1390-1-768x521.jpg 768w, https:\/\/pinedesign.nl\/wp-content\/uploads\/2023\/02\/IMG_3179-2048x1390-1-1536x1043.jpg 1536w, https:\/\/pinedesign.nl\/wp-content\/uploads\/2023\/02\/IMG_3179-2048x1390-1.jpg 2048w\" sizes=\"(max-width: 800px) 100vw, 800px\" \/>\t\t\t\t\t\t\t\t\t\t\t\t\t\t\t<\/div>\n\t\t\t\t<\/div>\n\t\t\t\t\t<\/div>\n\t\t<\/div>\n\t\t\t\t\t<\/div>\n\t\t<\/section>\n\t\t\t\t<\/div>\n\t\t","protected":false},"excerpt":{"rendered":"<p>Bei Mobitec hat man eine Leidenschaft: hochwertige M\u00f6bel herzustellen, mit Spezialisierung auf personalisierbare M\u00f6bel. Mobitec stammt urspr\u00fcnglich aus Belgien, aber in vielen niederl\u00e4ndischen Wohnzimmern sind diese Qualit\u00e4tsm\u00f6bel zu finden. Neugierig auf unser Sortiment? Bei Pine Design haben wir eine gro\u00dfe Auswahl an Mobitec-M\u00f6beln. Die Kollektion Die Designer von Mobitec entwerfen jedes Jahr neue Kollektionen, jede&#8230;<\/p>\n","protected":false},"author":3,"featured_media":0,"parent":0,"menu_order":0,"comment_status":"closed","ping_status":"closed","template":"","meta":{"_joinchat":[],"footnotes":""},"class_list":["post-7048","page","type-page","status-publish","hentry"],"_links":{"self":[{"href":"https:\/\/pinedesign.nl\/de\/wp-json\/wp\/v2\/pages\/7048","targetHints":{"allow":["GET"]}}],"collection":[{"href":"https:\/\/pinedesign.nl\/de\/wp-json\/wp\/v2\/pages"}],"about":[{"href":"https:\/\/pinedesign.nl\/de\/wp-json\/wp\/v2\/types\/page"}],"author":[{"embeddable":true,"href":"https:\/\/pinedesign.nl\/de\/wp-json\/wp\/v2\/users\/3"}],"replies":[{"embeddable":true,"href":"https:\/\/pinedesign.nl\/de\/wp-json\/wp\/v2\/comments?post=7048"}],"version-history":[{"count":3,"href":"https:\/\/pinedesign.nl\/de\/wp-json\/wp\/v2\/pages\/7048\/revisions"}],"predecessor-version":[{"id":7051,"href":"https:\/\/pinedesign.nl\/de\/wp-json\/wp\/v2\/pages\/7048\/revisions\/7051"}],"wp:attachment":[{"href":"https:\/\/pinedesign.nl\/de\/wp-json\/wp\/v2\/media?parent=7048"}],"curies":[{"name":"wp","href":"https:\/\/api.w.org\/{rel}","templated":true}]}}