{"id":7034,"date":"2025-02-19T12:37:35","date_gmt":"2025-02-19T12:37:35","guid":{"rendered":"https:\/\/pinedesign.nl\/showroom\/"},"modified":"2026-01-22T14:25:44","modified_gmt":"2026-01-22T14:25:44","slug":"showroom","status":"publish","type":"page","link":"https:\/\/pinedesign.nl\/de\/showroom\/","title":{"rendered":"Showroom"},"content":{"rendered":"\t\t<div data-elementor-type=\"wp-page\" data-elementor-id=\"7034\" class=\"elementor elementor-7034 elementor-5942\" data-elementor-post-type=\"page\">\n\t\t\t\t<div class=\"elementor-element elementor-element-be8f3dd e-flex e-con-boxed e-con e-parent\" data-id=\"be8f3dd\" data-element_type=\"container\" data-settings=\"{&quot;background_background&quot;:&quot;classic&quot;,&quot;jet_parallax_layout_list&quot;:[{&quot;jet_parallax_layout_image&quot;:{&quot;url&quot;:&quot;&quot;,&quot;id&quot;:&quot;&quot;,&quot;size&quot;:&quot;&quot;},&quot;_id&quot;:&quot;46e2cfc&quot;,&quot;jet_parallax_layout_image_tablet&quot;:{&quot;url&quot;:&quot;&quot;,&quot;id&quot;:&quot;&quot;,&quot;size&quot;:&quot;&quot;},&quot;jet_parallax_layout_image_mobile&quot;:{&quot;url&quot;:&quot;&quot;,&quot;id&quot;:&quot;&quot;,&quot;size&quot;:&quot;&quot;},&quot;jet_parallax_layout_speed&quot;:{&quot;unit&quot;:&quot;%&quot;,&quot;size&quot;:50,&quot;sizes&quot;:[]},&quot;jet_parallax_layout_type&quot;:&quot;scroll&quot;,&quot;jet_parallax_layout_direction&quot;:&quot;1&quot;,&quot;jet_parallax_layout_fx_direction&quot;:null,&quot;jet_parallax_layout_z_index&quot;:&quot;&quot;,&quot;jet_parallax_layout_bg_x&quot;:50,&quot;jet_parallax_layout_bg_x_tablet&quot;:&quot;&quot;,&quot;jet_parallax_layout_bg_x_mobile&quot;:&quot;&quot;,&quot;jet_parallax_layout_bg_y&quot;:50,&quot;jet_parallax_layout_bg_y_tablet&quot;:&quot;&quot;,&quot;jet_parallax_layout_bg_y_mobile&quot;:&quot;&quot;,&quot;jet_parallax_layout_bg_size&quot;:&quot;auto&quot;,&quot;jet_parallax_layout_bg_size_tablet&quot;:&quot;&quot;,&quot;jet_parallax_layout_bg_size_mobile&quot;:&quot;&quot;,&quot;jet_parallax_layout_animation_prop&quot;:&quot;transform&quot;,&quot;jet_parallax_layout_on&quot;:[&quot;desktop&quot;,&quot;tablet&quot;]}]}\">\n\t\t\t\t\t<div class=\"e-con-inner\">\n\t\t<div class=\"elementor-element elementor-element-1892d69 e-con-full e-flex e-con e-child\" data-id=\"1892d69\" data-element_type=\"container\" data-settings=\"{&quot;jet_parallax_layout_list&quot;:[]}\">\n\t\t\t\t<div class=\"elementor-element elementor-element-fcfba86 elementor-widget elementor-widget-heading\" data-id=\"fcfba86\" data-element_type=\"widget\" data-widget_type=\"heading.default\">\n\t\t\t\t<div class=\"elementor-widget-container\">\n\t\t\t\t\t<h1 class=\"elementor-heading-title elementor-size-default\">Besuchen Sie unseren Showroom<\/h1>\t\t\t\t<\/div>\n\t\t\t\t<\/div>\n\t\t\t\t<\/div>\n\t\t\t\t\t<\/div>\n\t\t\t\t<\/div>\n\t\t<div class=\"elementor-element elementor-element-c894783 e-flex e-con-boxed e-con e-parent\" data-id=\"c894783\" data-element_type=\"container\" data-settings=\"{&quot;jet_parallax_layout_list&quot;:[]}\">\n\t\t\t\t\t<div class=\"e-con-inner\">\n\t\t<div class=\"elementor-element elementor-element-27dcf1e e-con-full e-flex e-con e-child\" data-id=\"27dcf1e\" data-element_type=\"container\" data-settings=\"{&quot;jet_parallax_layout_list&quot;:[]}\">\n\t\t\t\t<div class=\"elementor-element elementor-element-7e37089 elementor-widget elementor-widget-heading\" data-id=\"7e37089\" data-element_type=\"widget\" data-widget_type=\"heading.default\">\n\t\t\t\t<div class=\"elementor-widget-container\">\n\t\t\t\t\t<h2 class=\"elementor-heading-title elementor-size-default\">F\u00fcr jeden ist etwas dabei!<\/h2>\t\t\t\t<\/div>\n\t\t\t\t<\/div>\n\t\t\t\t<div class=\"elementor-element elementor-element-576bd6f elementor-widget elementor-widget-text-editor\" data-id=\"576bd6f\" data-element_type=\"widget\" data-widget_type=\"text-editor.default\">\n\t\t\t\t<div class=\"elementor-widget-container\">\n\t\t\t\t\t\t\t\t\t<p data-start=\"0\" data-end=\"309\">Treten Sie ein in den Showroom von Pine Design Wonen und lassen Sie sich von einer einzigartigen Kollektion an M\u00f6beln und Wohnaccessoires inspirieren. Ob Sie nun auf der Suche nach einem zeitlosen Blickfang, einer funktionalen L\u00f6sung oder einem komplett neuen Interieur sind, in unserem Showroom finden Sie immer etwas, das zu Ihrem Stil und Ihren W\u00fcnschen passt. <\/p><p data-start=\"311\" data-end=\"545\">Von robusten Eichentischen bis hin zu eleganten Sesseln und stimmungsvoller Dekoration \u2013 unser Sortiment ist sorgf\u00e4ltig zusammengestellt, um jeden Wohnwunsch zu erf\u00fcllen. Wir stehen bereit, Sie zu beraten und Ihnen bei der richtigen Wahl zu helfen. <\/p><p data-start=\"547\" data-end=\"768\">Kommen Sie vorbei und erleben Sie die Qualit\u00e4t, die Handwerkskunst und die Atmosph\u00e4re von Pine Design Wonen. Lassen Sie sich inspirieren und entdecken Sie, wie wir Ihren Wohnraum in einen Ort verwandeln k\u00f6nnen, an dem Sie sich wirklich zu Hause f\u00fchlen. Wir helfen Ihnen gerne!  <\/p><p data-start=\"770\" data-end=\"914\" data-is-last-node=\"\" data-is-only-node=\"\"><strong data-start=\"770\" data-end=\"791\">Gut zu wissen:<\/strong> Sie k\u00f6nnen bei uns kostenlos parken und wir haben jeden Monat einen verkaufsoffenen Sonntag. Behalten Sie unsere Social-Media-Kan\u00e4le im Auge, um die genauen Daten zu erfahren! <\/p>\t\t\t\t\t\t\t\t<\/div>\n\t\t\t\t<\/div>\n\t\t<div class=\"elementor-element elementor-element-3e88a4d e-con-full e-flex e-con e-child\" data-id=\"3e88a4d\" data-element_type=\"container\" data-settings=\"{&quot;jet_parallax_layout_list&quot;:[]}\">\n\t\t\t\t<div class=\"elementor-element elementor-element-ca80c12 elementor-widget elementor-widget-menu-anchor\" data-id=\"ca80c12\" data-element_type=\"widget\" data-widget_type=\"menu-anchor.default\">\n\t\t\t\t<div class=\"elementor-widget-container\">\n\t\t\t\t\t\t\t<div class=\"elementor-menu-anchor\" id=\"ffnungszeiten\"><\/div>\n\t\t\t\t\t\t<\/div>\n\t\t\t\t<\/div>\n\t\t\t\t<div class=\"elementor-element elementor-element-a95ba92 elementor-widget elementor-widget-heading\" data-id=\"a95ba92\" data-element_type=\"widget\" data-widget_type=\"heading.default\">\n\t\t\t\t<div class=\"elementor-widget-container\">\n\t\t\t\t\t<h3 class=\"elementor-heading-title elementor-size-default\">\u00d6ffnungszeiten:<\/h3>\t\t\t\t<\/div>\n\t\t\t\t<\/div>\n\t\t\t\t<div class=\"elementor-element elementor-element-c6f2cc5 elementor-widget__width-initial elementor-widget elementor-widget-text-editor\" data-id=\"c6f2cc5\" data-element_type=\"widget\" data-widget_type=\"text-editor.default\">\n\t\t\t\t<div class=\"elementor-widget-container\">\n\t\t\t\t\t\t\t\t\t<table>\n<tr>\n<td>Montag<\/td>\n<td>13:00-18:00<\/td>\n<\/tr>\n<tr>\n<td>Dienstag<\/td>\n<td>10:00-18:00<\/td>\n<\/tr>\n<tr>\n<td>Mittwoch<\/td>\n<td>10:00-18:00<\/td>\n<\/tr>\n<tr>\n<td>Donnerstag<\/td>\n<td>10:00-18:00<\/td>\n<\/tr>\n<tr>\n<td>Freitag<\/td>\n<td>10:00-20:00<\/td>\n<\/tr>\n<tr>\n<td>Samstag<\/td>\n<td>10:00-17:00<\/td>\n<\/tr>\n<\/table>\t\t\t\t\t\t\t\t<\/div>\n\t\t\t\t<\/div>\n\t\t\t\t<\/div>\n\t\t\t\t<\/div>\n\t\t<div class=\"elementor-element elementor-element-428f9ac e-con-full e-flex e-con e-child\" data-id=\"428f9ac\" data-element_type=\"container\" data-settings=\"{&quot;jet_parallax_layout_list&quot;:[]}\">\n\t\t\t\t<div class=\"elementor-element elementor-element-070c43f elementor-widget elementor-widget-heading\" data-id=\"070c43f\" data-element_type=\"widget\" data-widget_type=\"heading.default\">\n\t\t\t\t<div class=\"elementor-widget-container\">\n\t\t\t\t\t<h2 class=\"elementor-heading-title elementor-size-default\">Leicht zu finden<\/h2>\t\t\t\t<\/div>\n\t\t\t\t<\/div>\n\t\t\t\t<div class=\"elementor-element elementor-element-962f1a0 elementor-widget elementor-widget-google_maps\" data-id=\"962f1a0\" data-element_type=\"widget\" data-widget_type=\"google_maps.default\">\n\t\t\t\t<div class=\"elementor-widget-container\">\n\t\t\t\t\t\t\t<div class=\"elementor-custom-embed\">\n\t\t\t<iframe loading=\"lazy\"\n\t\t\t\t\tsrc=\"https:\/\/maps.google.com\/maps?q=pine%20design%20zuidlaren&#038;t=m&#038;z=13&#038;output=embed&#038;iwloc=near\"\n\t\t\t\t\ttitle=\"pine design zuidlaren\"\n\t\t\t\t\taria-label=\"pine design zuidlaren\"\n\t\t\t><\/iframe>\n\t\t<\/div>\n\t\t\t\t\t\t<\/div>\n\t\t\t\t<\/div>\n\t\t\t\t<div class=\"elementor-element elementor-element-1f406b0 elementor-align-justify elementor-widget elementor-widget-button\" data-id=\"1f406b0\" data-element_type=\"widget\" data-widget_type=\"button.default\">\n\t\t\t\t<div class=\"elementor-widget-container\">\n\t\t\t\t\t\t\t\t\t<div class=\"elementor-button-wrapper\">\n\t\t\t\t\t<a class=\"elementor-button elementor-button-link elementor-size-sm\" href=\"https:\/\/maps.app.goo.gl\/uom37z12evtUd6dG7\" target=\"_blank\" rel=\"noopener\">\n\t\t\t\t\t\t<span class=\"elementor-button-content-wrapper\">\n\t\t\t\t\t\t\t\t\t<span class=\"elementor-button-text\">Routenbeschreibung in Google Maps starten<\/span>\n\t\t\t\t\t<\/span>\n\t\t\t\t\t<\/a>\n\t\t\t\t<\/div>\n\t\t\t\t\t\t\t\t<\/div>\n\t\t\t\t<\/div>\n\t\t\t\t<\/div>\n\t\t\t\t\t<\/div>\n\t\t\t\t<\/div>\n\t\t<div class=\"elementor-element elementor-element-980ce65 e-flex e-con-boxed e-con e-parent\" data-id=\"980ce65\" data-element_type=\"container\" data-settings=\"{&quot;jet_parallax_layout_list&quot;:[]}\">\n\t\t\t\t\t<div class=\"e-con-inner\">\n\t\t<div class=\"elementor-element elementor-element-1bb7f42 e-con-full e-flex e-con e-child\" data-id=\"1bb7f42\" data-element_type=\"container\" data-settings=\"{&quot;jet_parallax_layout_list&quot;:[]}\">\n\t\t<div class=\"elementor-element elementor-element-7ed824e e-con-full e-flex e-con e-child\" data-id=\"7ed824e\" data-element_type=\"container\" data-settings=\"{&quot;jet_parallax_layout_list&quot;:[]}\">\n\t\t\t\t<div class=\"elementor-element elementor-element-56c10f8 elementor-widget elementor-widget-heading\" data-id=\"56c10f8\" data-element_type=\"widget\" data-widget_type=\"heading.default\">\n\t\t\t\t<div class=\"elementor-widget-container\">\n\t\t\t\t\t<h2 class=\"elementor-heading-title elementor-size-default\">Ein kleiner Eindruck<\/h2>\t\t\t\t<\/div>\n\t\t\t\t<\/div>\n\t\t\t\t<div class=\"elementor-element elementor-element-42b435e elementor-widget elementor-widget-text-editor\" data-id=\"42b435e\" data-element_type=\"widget\" data-widget_type=\"text-editor.default\">\n\t\t\t\t<div class=\"elementor-widget-container\">\n\t\t\t\t\t\t\t\t\t<p>Hier finden Sie einen kleinen Eindruck von den Produkten, die Sie in unserem Showroom finden k\u00f6nnen. Kommen Sie einfach vorbei, um sich umzusehen! <\/p>\t\t\t\t\t\t\t\t<\/div>\n\t\t\t\t<\/div>\n\t\t\t\t<\/div>\n\t\t<div class=\"elementor-element elementor-element-a650be4 e-con-full elementor-hidden-mobile e-flex e-con e-child\" data-id=\"a650be4\" data-element_type=\"container\" data-settings=\"{&quot;jet_parallax_layout_list&quot;:[]}\">\n\t\t\t\t<\/div>\n\t\t\t\t<\/div>\n\t\t\t\t<div class=\"elementor-element elementor-element-2a92e71 elementor-widget elementor-widget-gallery\" data-id=\"2a92e71\" data-element_type=\"widget\" data-settings=\"{&quot;columns&quot;:3,&quot;columns_tablet&quot;:3,&quot;columns_mobile&quot;:2,&quot;gap&quot;:{&quot;unit&quot;:&quot;px&quot;,&quot;size&quot;:24,&quot;sizes&quot;:[]},&quot;gap_tablet&quot;:{&quot;unit&quot;:&quot;px&quot;,&quot;size&quot;:16,&quot;sizes&quot;:[]},&quot;gap_mobile&quot;:{&quot;unit&quot;:&quot;px&quot;,&quot;size&quot;:12,&quot;sizes&quot;:[]},&quot;aspect_ratio&quot;:&quot;1:1&quot;,&quot;lazyload&quot;:&quot;yes&quot;,&quot;gallery_layout&quot;:&quot;grid&quot;,&quot;link_to&quot;:&quot;file&quot;,&quot;content_hover_animation&quot;:&quot;fade-in&quot;}\" data-widget_type=\"gallery.default\">\n\t\t\t\t<div class=\"elementor-widget-container\">\n\t\t\t\t\t\t\t<div class=\"elementor-gallery__container\">\n\t\t\t\t\t\t\t<a class=\"e-gallery-item elementor-gallery-item elementor-animated-content\" href=\"https:\/\/pinedesign.nl\/wp-content\/uploads\/2024\/09\/Leefhoek_Victoria_Lund_1.jpg-scaled-1.jpg\" data-elementor-open-lightbox=\"yes\" data-elementor-lightbox-slideshow=\"2a92e71\" data-elementor-lightbox-title=\"Leefhoek_Victoria_Lund_1.jpg-scaled\" data-e-action-hash=\"#elementor-action%3Aaction%3Dlightbox%26settings%3DeyJpZCI6NTY2MSwidXJsIjoiaHR0cHM6XC9cL3BpbmVkZXNpZ24ubmxcL3dwLWNvbnRlbnRcL3VwbG9hZHNcLzIwMjRcLzA5XC9MZWVmaG9la19WaWN0b3JpYV9MdW5kXzEuanBnLXNjYWxlZC0xLmpwZyIsInNsaWRlc2hvdyI6IjJhOTJlNzEifQ%3D%3D\">\n\t\t\t\t\t<div class=\"e-gallery-image elementor-gallery-item__image\" data-thumbnail=\"https:\/\/pinedesign.nl\/wp-content\/uploads\/2024\/09\/Leefhoek_Victoria_Lund_1.jpg-scaled-1-1024x580.jpg\" data-width=\"800\" data-height=\"453\" aria-label=\"\" role=\"img\" ><\/div>\n\t\t\t\t\t\t\t\t\t\t\t\t\t\t<\/a>\n\t\t\t\t\t\t\t<a class=\"e-gallery-item elementor-gallery-item elementor-animated-content\" href=\"https:\/\/pinedesign.nl\/wp-content\/uploads\/2024\/09\/418.H003SA_tv-dressoir-Calgary_olijfgroen_sfeer_.jpg\" data-elementor-open-lightbox=\"yes\" data-elementor-lightbox-slideshow=\"2a92e71\" data-elementor-lightbox-title=\"418.H003SA_tv-dressoir-Calgary_olijfgroen_sfeer_\" data-e-action-hash=\"#elementor-action%3Aaction%3Dlightbox%26settings%3DeyJpZCI6NTY0NSwidXJsIjoiaHR0cHM6XC9cL3BpbmVkZXNpZ24ubmxcL3dwLWNvbnRlbnRcL3VwbG9hZHNcLzIwMjRcLzA5XC80MTguSDAwM1NBX3R2LWRyZXNzb2lyLUNhbGdhcnlfb2xpamZncm9lbl9zZmVlcl8uanBnIiwic2xpZGVzaG93IjoiMmE5MmU3MSJ9\">\n\t\t\t\t\t<div class=\"e-gallery-image elementor-gallery-item__image\" data-thumbnail=\"https:\/\/pinedesign.nl\/wp-content\/uploads\/2024\/09\/418.H003SA_tv-dressoir-Calgary_olijfgroen_sfeer_.jpg\" data-width=\"720\" data-height=\"720\" aria-label=\"\" role=\"img\" ><\/div>\n\t\t\t\t\t\t\t\t\t\t\t\t\t\t<\/a>\n\t\t\t\t\t\t\t<a class=\"e-gallery-item elementor-gallery-item elementor-animated-content\" href=\"https:\/\/pinedesign.nl\/wp-content\/uploads\/2024\/06\/MD_CARTEL_LOCATIESHOOT__170723_0279-e1718896576671.jpg\" data-elementor-open-lightbox=\"yes\" data-elementor-lightbox-slideshow=\"2a92e71\" data-elementor-lightbox-title=\"MD_CARTEL_LOCATIESHOOT__170723_0279\" data-e-action-hash=\"#elementor-action%3Aaction%3Dlightbox%26settings%3DeyJpZCI6NTUyOSwidXJsIjoiaHR0cHM6XC9cL3BpbmVkZXNpZ24ubmxcL3dwLWNvbnRlbnRcL3VwbG9hZHNcLzIwMjRcLzA2XC9NRF9DQVJURUxfTE9DQVRJRVNIT09UX18xNzA3MjNfMDI3OS1lMTcxODg5NjU3NjY3MS5qcGciLCJzbGlkZXNob3ciOiIyYTkyZTcxIn0%3D\">\n\t\t\t\t\t<div class=\"e-gallery-image elementor-gallery-item__image\" data-thumbnail=\"https:\/\/pinedesign.nl\/wp-content\/uploads\/2024\/06\/MD_CARTEL_LOCATIESHOOT__170723_0279-e1718896576671-1024x489.jpg\" data-width=\"800\" data-height=\"382\" aria-label=\"\" role=\"img\" ><\/div>\n\t\t\t\t\t\t\t\t\t\t\t\t\t\t<\/a>\n\t\t\t\t\t\t\t<a class=\"e-gallery-item elementor-gallery-item elementor-animated-content\" href=\"https:\/\/pinedesign.nl\/wp-content\/uploads\/2024\/06\/DOLMEN_60-scaled.jpg\" data-elementor-open-lightbox=\"yes\" data-elementor-lightbox-slideshow=\"2a92e71\" data-elementor-lightbox-title=\"DOLMEN_60\" data-e-action-hash=\"#elementor-action%3Aaction%3Dlightbox%26settings%3DeyJpZCI6NTUyMSwidXJsIjoiaHR0cHM6XC9cL3BpbmVkZXNpZ24ubmxcL3dwLWNvbnRlbnRcL3VwbG9hZHNcLzIwMjRcLzA2XC9ET0xNRU5fNjAtc2NhbGVkLmpwZyIsInNsaWRlc2hvdyI6IjJhOTJlNzEifQ%3D%3D\">\n\t\t\t\t\t<div class=\"e-gallery-image elementor-gallery-item__image\" data-thumbnail=\"https:\/\/pinedesign.nl\/wp-content\/uploads\/2024\/06\/DOLMEN_60-1024x683.jpg\" data-width=\"800\" data-height=\"534\" aria-label=\"\" role=\"img\" ><\/div>\n\t\t\t\t\t\t\t\t\t\t\t\t\t\t<\/a>\n\t\t\t\t\t\t\t<a class=\"e-gallery-item elementor-gallery-item elementor-animated-content\" href=\"https:\/\/pinedesign.nl\/wp-content\/uploads\/2024\/06\/Bank_2-nieuw-uitsnede-scaled.jpg.webp.webp\" data-elementor-open-lightbox=\"yes\" data-elementor-lightbox-slideshow=\"2a92e71\" data-elementor-lightbox-title=\"Bank_2-nieuw-uitsnede-scaled.jpg.webp\" data-e-action-hash=\"#elementor-action%3Aaction%3Dlightbox%26settings%3DeyJpZCI6NTUxOSwidXJsIjoiaHR0cHM6XC9cL3BpbmVkZXNpZ24ubmxcL3dwLWNvbnRlbnRcL3VwbG9hZHNcLzIwMjRcLzA2XC9CYW5rXzItbmlldXctdWl0c25lZGUtc2NhbGVkLmpwZy53ZWJwLndlYnAiLCJzbGlkZXNob3ciOiIyYTkyZTcxIn0%3D\">\n\t\t\t\t\t<div class=\"e-gallery-image elementor-gallery-item__image\" data-thumbnail=\"https:\/\/pinedesign.nl\/wp-content\/uploads\/2024\/06\/Bank_2-nieuw-uitsnede-scaled.jpg.webp-1024x575.webp\" data-width=\"800\" data-height=\"449\" aria-label=\"woonwinkel\" role=\"img\" ><\/div>\n\t\t\t\t\t\t\t\t\t\t\t\t\t\t<\/a>\n\t\t\t\t\t\t\t<a class=\"e-gallery-item elementor-gallery-item elementor-animated-content\" href=\"https:\/\/pinedesign.nl\/wp-content\/uploads\/2024\/06\/RZ8_8358-Ronald-Zijlstra-scaled.jpg\" data-elementor-open-lightbox=\"yes\" data-elementor-lightbox-slideshow=\"2a92e71\" data-elementor-lightbox-title=\"RZ8_8358- Ronald Zijlstra\" data-e-action-hash=\"#elementor-action%3Aaction%3Dlightbox%26settings%3DeyJpZCI6NTUyMywidXJsIjoiaHR0cHM6XC9cL3BpbmVkZXNpZ24ubmxcL3dwLWNvbnRlbnRcL3VwbG9hZHNcLzIwMjRcLzA2XC9SWjhfODM1OC1Sb25hbGQtWmlqbHN0cmEtc2NhbGVkLmpwZyIsInNsaWRlc2hvdyI6IjJhOTJlNzEifQ%3D%3D\">\n\t\t\t\t\t<div class=\"e-gallery-image elementor-gallery-item__image\" data-thumbnail=\"https:\/\/pinedesign.nl\/wp-content\/uploads\/2024\/06\/RZ8_8358-Ronald-Zijlstra-1024x683.jpg\" data-width=\"800\" data-height=\"534\" aria-label=\"woonwinkel, pine design wonen\" role=\"img\" ><\/div>\n\t\t\t\t\t\t\t\t\t\t\t\t\t\t<\/a>\n\t\t\t\t\t<\/div>\n\t\t\t\t\t<\/div>\n\t\t\t\t<\/div>\n\t\t\t\t\t<\/div>\n\t\t\t\t<\/div>\n\t\t\t\t<\/div>\n\t\t","protected":false},"excerpt":{"rendered":"<p>Besuchen Sie unseren Showroom F\u00fcr jeden ist etwas dabei! Treten Sie ein in den Showroom von Pine Design Wonen und lassen Sie sich von einer einzigartigen Kollektion an M\u00f6beln und Wohnaccessoires inspirieren. Ob Sie nun auf der Suche nach einem zeitlosen Blickfang, einer funktionalen L\u00f6sung oder einem komplett neuen Interieur sind, in unserem Showroom finden&#8230;<\/p>\n","protected":false},"author":4,"featured_media":0,"parent":0,"menu_order":0,"comment_status":"closed","ping_status":"closed","template":"","meta":{"_joinchat":[],"footnotes":""},"class_list":["post-7034","page","type-page","status-publish","hentry"],"_links":{"self":[{"href":"https:\/\/pinedesign.nl\/de\/wp-json\/wp\/v2\/pages\/7034","targetHints":{"allow":["GET"]}}],"collection":[{"href":"https:\/\/pinedesign.nl\/de\/wp-json\/wp\/v2\/pages"}],"about":[{"href":"https:\/\/pinedesign.nl\/de\/wp-json\/wp\/v2\/types\/page"}],"author":[{"embeddable":true,"href":"https:\/\/pinedesign.nl\/de\/wp-json\/wp\/v2\/users\/4"}],"replies":[{"embeddable":true,"href":"https:\/\/pinedesign.nl\/de\/wp-json\/wp\/v2\/comments?post=7034"}],"version-history":[{"count":3,"href":"https:\/\/pinedesign.nl\/de\/wp-json\/wp\/v2\/pages\/7034\/revisions"}],"predecessor-version":[{"id":7055,"href":"https:\/\/pinedesign.nl\/de\/wp-json\/wp\/v2\/pages\/7034\/revisions\/7055"}],"wp:attachment":[{"href":"https:\/\/pinedesign.nl\/de\/wp-json\/wp\/v2\/media?parent=7034"}],"curies":[{"name":"wp","href":"https:\/\/api.w.org\/{rel}","templated":true}]}}