{"id":7023,"date":"2023-09-11T11:47:18","date_gmt":"2023-09-11T11:47:18","guid":{"rendered":"https:\/\/pinedesign.nl\/einrichtungsgeschaeft-region-assen\/"},"modified":"2026-01-22T14:25:10","modified_gmt":"2026-01-22T14:25:10","slug":"einrichtungsgeschaeft-region-assen","status":"publish","type":"page","link":"https:\/\/pinedesign.nl\/de\/einrichtungsgeschaeft-region-assen\/","title":{"rendered":"Einrichtungsgesch\u00e4ft Region Assen"},"content":{"rendered":"\t\t<div data-elementor-type=\"wp-page\" data-elementor-id=\"7023\" class=\"elementor elementor-7023 elementor-3910\" data-elementor-post-type=\"page\">\n\t\t\t\t\t\t<section class=\"elementor-section elementor-top-section elementor-element elementor-element-200093d1 elementor-section-boxed elementor-section-height-default elementor-section-height-default\" data-id=\"200093d1\" data-element_type=\"section\" data-settings=\"{&quot;jet_parallax_layout_list&quot;:[{&quot;jet_parallax_layout_image&quot;:{&quot;url&quot;:&quot;&quot;,&quot;id&quot;:&quot;&quot;,&quot;size&quot;:&quot;&quot;},&quot;_id&quot;:&quot;4f41cdc&quot;,&quot;jet_parallax_layout_image_tablet&quot;:{&quot;url&quot;:&quot;&quot;,&quot;id&quot;:&quot;&quot;,&quot;size&quot;:&quot;&quot;},&quot;jet_parallax_layout_image_mobile&quot;:{&quot;url&quot;:&quot;&quot;,&quot;id&quot;:&quot;&quot;,&quot;size&quot;:&quot;&quot;},&quot;jet_parallax_layout_speed&quot;:{&quot;unit&quot;:&quot;%&quot;,&quot;size&quot;:50,&quot;sizes&quot;:[]},&quot;jet_parallax_layout_type&quot;:&quot;scroll&quot;,&quot;jet_parallax_layout_direction&quot;:&quot;1&quot;,&quot;jet_parallax_layout_fx_direction&quot;:null,&quot;jet_parallax_layout_z_index&quot;:&quot;&quot;,&quot;jet_parallax_layout_bg_x&quot;:50,&quot;jet_parallax_layout_bg_x_tablet&quot;:&quot;&quot;,&quot;jet_parallax_layout_bg_x_mobile&quot;:&quot;&quot;,&quot;jet_parallax_layout_bg_y&quot;:50,&quot;jet_parallax_layout_bg_y_tablet&quot;:&quot;&quot;,&quot;jet_parallax_layout_bg_y_mobile&quot;:&quot;&quot;,&quot;jet_parallax_layout_bg_size&quot;:&quot;auto&quot;,&quot;jet_parallax_layout_bg_size_tablet&quot;:&quot;&quot;,&quot;jet_parallax_layout_bg_size_mobile&quot;:&quot;&quot;,&quot;jet_parallax_layout_animation_prop&quot;:&quot;transform&quot;,&quot;jet_parallax_layout_on&quot;:[&quot;desktop&quot;,&quot;tablet&quot;]}]}\">\n\t\t\t\t\t\t<div class=\"elementor-container elementor-column-gap-default\">\n\t\t\t\t\t<div class=\"elementor-column elementor-col-100 elementor-top-column elementor-element elementor-element-4b57f93\" data-id=\"4b57f93\" data-element_type=\"column\">\n\t\t\t<div class=\"elementor-widget-wrap elementor-element-populated\">\n\t\t\t\t\t\t<div class=\"elementor-element elementor-element-2cb20f97 elementor-widget elementor-widget-text-editor\" data-id=\"2cb20f97\" data-element_type=\"widget\" data-widget_type=\"text-editor.default\">\n\t\t\t\t<div class=\"elementor-widget-container\">\n\t\t\t\t\t\t\t\t\t<p><\/p>\n<div class=\"wp-block-cover is-light\" style=\"min-height: 450px;\">\n<p><img fetchpriority=\"high\" decoding=\"async\" width=\"1536\" height=\"1022\" class=\"wp-block-cover__image-background wp-image-1876\" style=\"object-position: 0% 0%;\" src=\"https:\/\/pinedesign.nl\/wp-content\/uploads\/2022\/03\/pinedesign_3mei2021_039-1536x1022-1.jpeg\" alt=\"Einrichtungsgesch\u00e4ft Drenthe\" data-object-fit=\"cover\" data-object-position=\"0% 0%\" srcset=\"https:\/\/pinedesign.nl\/wp-content\/uploads\/2022\/03\/pinedesign_3mei2021_039-1536x1022-1.jpeg 1536w, https:\/\/pinedesign.nl\/wp-content\/uploads\/2022\/03\/pinedesign_3mei2021_039-1536x1022-1-600x399.jpeg 600w, https:\/\/pinedesign.nl\/wp-content\/uploads\/2022\/03\/pinedesign_3mei2021_039-1536x1022-1-64x43.jpeg 64w, https:\/\/pinedesign.nl\/wp-content\/uploads\/2022\/03\/pinedesign_3mei2021_039-1536x1022-1-300x200.jpeg 300w, https:\/\/pinedesign.nl\/wp-content\/uploads\/2022\/03\/pinedesign_3mei2021_039-1536x1022-1-1024x681.jpeg 1024w, https:\/\/pinedesign.nl\/wp-content\/uploads\/2022\/03\/pinedesign_3mei2021_039-1536x1022-1-768x511.jpeg 768w\" sizes=\"(max-width: 1536px) 100vw, 1536px\" \/><\/p>\n<div class=\"wp-block-cover__inner-container\">\n<p><\/p>\n<p class=\"has-text-align-center has-white-color has-text-color has-large-font-size\"> <\/p>\n<p><\/p>\n<\/div>\n<\/div>\n<p><\/p>\n<p><strong>Pine Design bietet \u00fcber 2000 m\u00b2 Wohninspiration, bestehend aus wundersch\u00f6nen Accessoires und den sch\u00f6nsten M\u00f6beln nach Ma\u00df. Wir stehen bereit, um gemeinsam mit Ihnen Ihr Haus in ein Traumhaus zu verwandeln. Lassen Sie sich von unserem breiten Sortiment mit den verschiedenen Wohnstilen in DEM Einrichtungsgesch\u00e4ft f\u00fcr Assen und Umgebung inspirieren. Bei uns finden Sie eine gro\u00dfe Anzahl bekannter Marken, aber auch viele einzigartige, kleinere Marken. Pine Design ist ein echtes Familienunternehmen seit 1984 und hat sich zum f\u00fchrenden M\u00f6belhaus in der Region Assen entwickelt.    <\/strong><\/p>\n<p><strong> <\/strong><\/p>\n<p><\/p>\n<h2 class=\"wp-block-heading\">Im Brinkdorp Zuidlaren<\/h2>\n<p><\/p>\n<p><span style=\"font-weight: 400;\">Unser Showroom befindet sich am Rande des Zentrums von Zuidlaren, etwas n\u00f6rdlich von Assen. Mit dem Auto ist der Showroom also auch leicht von der A28 und N386 zu erreichen. Hinter unserem Geb\u00e4ude haben wir unsere eigenen (kostenlosen) Parkpl\u00e4tze, aber auch die Bushaltestelle \u201aTenielsweg\u2018 ist nur einen Steinwurf entfernt. So genie\u00dfen Sie innerhalb von 20 Minuten eine leckere Tasse Kaffee, bevor Sie die verschiedenen Wohnstile erkunden.   <\/span><\/p>\n<p><\/p>\n<h2 class=\"wp-block-heading\">W\u00e4hlen Sie Ihren Stil<\/h2>\n<p><\/p>\n<p><span style=\"font-weight: 400;\">Unser breites Sortiment besteht aus verschiedenen Topmarken und ist nach <a href=\"\/woonstijl\/\">Wohnstil<\/a> unterteilt. Dies sorgt daf\u00fcr, dass unser Showroom effizient und \u00fcbersichtlich eingerichtet ist und Sie genau das finden, was zu Ihrem Stil passt. Sehen Sie sich in aller Ruhe selbst um oder suchen Sie gemeinsam mit uns nach der sch\u00f6nsten Zusammenstellung f\u00fcr Ihr Haus. Kombinieren Sie<\/span><span style=\"font-weight: 400;\"> verschiedene Stile f\u00fcr eine einzigartige, eigene Note. Entdecken Sie alle unsere Stile hier unten.<\/span><\/p>\n<p><\/p>\n<p>W\u00e4hlen Sie unter anderem:<\/p>\n<p> <\/p>\n<ul>\n<li><a href=\"https:\/\/pinedesign.nl\/woonstijl\/comfortabel-stoer\/\">Komfortabel und robust<\/a><\/li>\n \n<li><a href=\"https:\/\/pinedesign.nl\/woonstijl\/zacht-speels\/\">Weich &amp; verspielt<\/a><\/li>\n \n<li><a href=\"https:\/\/pinedesign.nl\/woonstijl\/urban-legend\/\">Urban Legend<\/a><\/li>\n \n<li><a href=\"https:\/\/pinedesign.nl\/woonstijl\/chill-en-relaxt\/\">Entspannt, ruhig &amp; Retro<\/a><\/li>\n \n<li><a href=\"https:\/\/pinedesign.nl\/woonstijl\/glamour-met-karakter\/\">Glamour mit Charakter<\/a><\/li>\n \n<li><a href=\"https:\/\/pinedesign.nl\/woonstijl\/speels-en-functioneel\/\">Verspielt &amp; funktionell<\/a><\/li>\n \n<li><a href=\"https:\/\/pinedesign.nl\/woonstijl\/classic-modern\/\">Klassisch modern<\/a><\/li>\n \n<li><a href=\"https:\/\/pinedesign.nl\/woonstijl\/basic-chique\/\">Basic schick<\/a><\/li>\n \n<li><a href=\"https:\/\/pinedesign.nl\/woonstijl\/stoer-en-warm\/\">Robust &amp; warm<\/a><\/li>\n \n<li><a href=\"https:\/\/pinedesign.nl\/woonstijl\/modern-mix\/\">Modern Mix<\/a><\/li>\n<\/ul>\n<p><\/p>\n<p> <\/p>\n<h2 class=\"wp-block-heading\">Das Einrichtungsgesch\u00e4ft f\u00fcr Ma\u00dfanfertigungen bei Assen<\/h2>\n<p><span style=\"font-weight: 400;\">Neben unserem Angebot an festen Marken liefern wir auch Ma\u00dfanfertigungen. Wir m\u00f6chten nichts lieber, als dass Sie die richtige Wahl treffen. Neben einer pers\u00f6nlichen Beratung bieten wir auch Ma\u00dfanfertigungen f\u00fcr unsere M\u00f6bel und Accessoires an. So k\u00f6nnen Sie sicher sein, dass Sie eine Wahl treffen, die zu Ihnen passt\u2026 und zu Ihrem Haus!   <\/span><\/p>\n<p><\/p>\t\t\t\t\t\t\t\t<\/div>\n\t\t\t\t<\/div>\n\t\t\t\t\t<\/div>\n\t\t<\/div>\n\t\t\t\t\t<\/div>\n\t\t<\/section>\n\t\t\t\t<section class=\"elementor-section elementor-top-section elementor-element elementor-element-71aa087 elementor-section-boxed elementor-section-height-default elementor-section-height-default\" data-id=\"71aa087\" data-element_type=\"section\" data-settings=\"{&quot;jet_parallax_layout_list&quot;:[{&quot;jet_parallax_layout_image&quot;:{&quot;url&quot;:&quot;&quot;,&quot;id&quot;:&quot;&quot;,&quot;size&quot;:&quot;&quot;},&quot;_id&quot;:&quot;7f07809&quot;,&quot;jet_parallax_layout_image_tablet&quot;:{&quot;url&quot;:&quot;&quot;,&quot;id&quot;:&quot;&quot;,&quot;size&quot;:&quot;&quot;},&quot;jet_parallax_layout_image_mobile&quot;:{&quot;url&quot;:&quot;&quot;,&quot;id&quot;:&quot;&quot;,&quot;size&quot;:&quot;&quot;},&quot;jet_parallax_layout_speed&quot;:{&quot;unit&quot;:&quot;%&quot;,&quot;size&quot;:50,&quot;sizes&quot;:[]},&quot;jet_parallax_layout_type&quot;:&quot;scroll&quot;,&quot;jet_parallax_layout_direction&quot;:&quot;1&quot;,&quot;jet_parallax_layout_fx_direction&quot;:null,&quot;jet_parallax_layout_z_index&quot;:&quot;&quot;,&quot;jet_parallax_layout_bg_x&quot;:50,&quot;jet_parallax_layout_bg_x_tablet&quot;:&quot;&quot;,&quot;jet_parallax_layout_bg_x_mobile&quot;:&quot;&quot;,&quot;jet_parallax_layout_bg_y&quot;:50,&quot;jet_parallax_layout_bg_y_tablet&quot;:&quot;&quot;,&quot;jet_parallax_layout_bg_y_mobile&quot;:&quot;&quot;,&quot;jet_parallax_layout_bg_size&quot;:&quot;auto&quot;,&quot;jet_parallax_layout_bg_size_tablet&quot;:&quot;&quot;,&quot;jet_parallax_layout_bg_size_mobile&quot;:&quot;&quot;,&quot;jet_parallax_layout_animation_prop&quot;:&quot;transform&quot;,&quot;jet_parallax_layout_on&quot;:[&quot;desktop&quot;,&quot;tablet&quot;]}]}\">\n\t\t\t\t\t\t<div class=\"elementor-container elementor-column-gap-default\">\n\t\t\t\t\t<div class=\"elementor-column elementor-col-100 elementor-top-column elementor-element elementor-element-36c86c7\" data-id=\"36c86c7\" data-element_type=\"column\">\n\t\t\t<div class=\"elementor-widget-wrap elementor-element-populated\">\n\t\t\t\t\t\t<div class=\"elementor-element elementor-element-8b54d70 elementor-widget elementor-widget-text-editor\" data-id=\"8b54d70\" data-element_type=\"widget\" data-widget_type=\"text-editor.default\">\n\t\t\t\t<div class=\"elementor-widget-container\">\n\t\t\t\t\t\t\t\t\t<h2 class=\"wp-block-heading\">Bis bald in Zuidlaren!<\/h2>\n<p>Sind Sie neugierig auf unser Angebot, unsere Beratung oder unsere Ma\u00dfanfertigungen geworden? St\u00f6bern Sie noch etwas auf unserer Website und besuchen Sie anschlie\u00dfend unseren Showroom, um das aktuelle Angebot zu besichtigen und nat\u00fcrlich auf (Sitz-)Qualit\u00e4t zu testen. \u00dcber die <a href=\"https:\/\/www.google.com\/maps\/dir\/\/Pine+Design+Wonen,+Verlengde+Stationsweg+8-10,+9471+PL+Zuidlaren\/@53.088589,6.664688,13z\/data=!4m8!4m7!1m0!1m5!1m1!1s0x47c82931795570f1:0xd098f1208b221fa0!2m2!1d6.664688!2d53.088589?hl=nl-NL\" target=\"_blank\" rel=\"noopener\">Routenbeschreibung<\/a> fahren Sie flie\u00dfend bis vor unsere Haust\u00fcr. Bis bald bei Pinedesign, dem Einrichtungsgesch\u00e4ft von Drenthe!   <\/p>\t\t\t\t\t\t\t\t<\/div>\n\t\t\t\t<\/div>\n\t\t\t\t\t<\/div>\n\t\t<\/div>\n\t\t\t\t\t<\/div>\n\t\t<\/section>\n\t\t\t\t<section class=\"elementor-section elementor-top-section elementor-element elementor-element-1546dd1 elementor-section-boxed elementor-section-height-default elementor-section-height-default\" data-id=\"1546dd1\" data-element_type=\"section\" data-settings=\"{&quot;jet_parallax_layout_list&quot;:[{&quot;jet_parallax_layout_image&quot;:{&quot;url&quot;:&quot;&quot;,&quot;id&quot;:&quot;&quot;,&quot;size&quot;:&quot;&quot;},&quot;_id&quot;:&quot;91b4f3d&quot;,&quot;jet_parallax_layout_image_tablet&quot;:{&quot;url&quot;:&quot;&quot;,&quot;id&quot;:&quot;&quot;,&quot;size&quot;:&quot;&quot;},&quot;jet_parallax_layout_image_mobile&quot;:{&quot;url&quot;:&quot;&quot;,&quot;id&quot;:&quot;&quot;,&quot;size&quot;:&quot;&quot;},&quot;jet_parallax_layout_speed&quot;:{&quot;unit&quot;:&quot;%&quot;,&quot;size&quot;:50,&quot;sizes&quot;:[]},&quot;jet_parallax_layout_type&quot;:&quot;scroll&quot;,&quot;jet_parallax_layout_direction&quot;:&quot;1&quot;,&quot;jet_parallax_layout_fx_direction&quot;:null,&quot;jet_parallax_layout_z_index&quot;:&quot;&quot;,&quot;jet_parallax_layout_bg_x&quot;:50,&quot;jet_parallax_layout_bg_x_tablet&quot;:&quot;&quot;,&quot;jet_parallax_layout_bg_x_mobile&quot;:&quot;&quot;,&quot;jet_parallax_layout_bg_y&quot;:50,&quot;jet_parallax_layout_bg_y_tablet&quot;:&quot;&quot;,&quot;jet_parallax_layout_bg_y_mobile&quot;:&quot;&quot;,&quot;jet_parallax_layout_bg_size&quot;:&quot;auto&quot;,&quot;jet_parallax_layout_bg_size_tablet&quot;:&quot;&quot;,&quot;jet_parallax_layout_bg_size_mobile&quot;:&quot;&quot;,&quot;jet_parallax_layout_animation_prop&quot;:&quot;transform&quot;,&quot;jet_parallax_layout_on&quot;:[&quot;desktop&quot;,&quot;tablet&quot;]}]}\">\n\t\t\t\t\t\t<div class=\"elementor-container elementor-column-gap-default\">\n\t\t\t\t\t<div class=\"elementor-column elementor-col-100 elementor-top-column elementor-element elementor-element-ddda30b\" data-id=\"ddda30b\" data-element_type=\"column\">\n\t\t\t<div class=\"elementor-widget-wrap elementor-element-populated\">\n\t\t\t\t\t\t<div class=\"elementor-element elementor-element-85f62dc elementor-widget elementor-widget-image\" data-id=\"85f62dc\" data-element_type=\"widget\" data-widget_type=\"image.default\">\n\t\t\t\t<div class=\"elementor-widget-container\">\n\t\t\t\t\t\t\t\t\t\t\t\t\t\t\t<img decoding=\"async\" width=\"800\" height=\"543\" src=\"https:\/\/pinedesign.nl\/wp-content\/uploads\/2023\/02\/IMG_3179-2048x1390-1-1024x695.jpg\" class=\"attachment-large size-large wp-image-2751\" alt=\"\" srcset=\"https:\/\/pinedesign.nl\/wp-content\/uploads\/2023\/02\/IMG_3179-2048x1390-1-1024x695.jpg 1024w, https:\/\/pinedesign.nl\/wp-content\/uploads\/2023\/02\/IMG_3179-2048x1390-1-600x407.jpg 600w, https:\/\/pinedesign.nl\/wp-content\/uploads\/2023\/02\/IMG_3179-2048x1390-1-64x43.jpg 64w, https:\/\/pinedesign.nl\/wp-content\/uploads\/2023\/02\/IMG_3179-2048x1390-1-300x204.jpg 300w, https:\/\/pinedesign.nl\/wp-content\/uploads\/2023\/02\/IMG_3179-2048x1390-1-768x521.jpg 768w, https:\/\/pinedesign.nl\/wp-content\/uploads\/2023\/02\/IMG_3179-2048x1390-1-1536x1043.jpg 1536w, https:\/\/pinedesign.nl\/wp-content\/uploads\/2023\/02\/IMG_3179-2048x1390-1.jpg 2048w\" sizes=\"(max-width: 800px) 100vw, 800px\" \/>\t\t\t\t\t\t\t\t\t\t\t\t\t\t\t<\/div>\n\t\t\t\t<\/div>\n\t\t\t\t\t<\/div>\n\t\t<\/div>\n\t\t\t\t\t<\/div>\n\t\t<\/section>\n\t\t\t\t<\/div>\n\t\t","protected":false},"excerpt":{"rendered":"<p>Pine Design bietet \u00fcber 2000 m\u00b2 Wohninspiration, bestehend aus wundersch\u00f6nen Accessoires und den sch\u00f6nsten M\u00f6beln nach Ma\u00df. Wir stehen bereit, um gemeinsam mit Ihnen Ihr Haus in ein Traumhaus zu verwandeln. Lassen Sie sich von unserem breiten Sortiment mit den verschiedenen Wohnstilen in DEM Einrichtungsgesch\u00e4ft f\u00fcr Assen und Umgebung inspirieren. Bei uns finden Sie eine&#8230;<\/p>\n","protected":false},"author":3,"featured_media":0,"parent":0,"menu_order":0,"comment_status":"closed","ping_status":"closed","template":"","meta":{"_joinchat":[],"footnotes":""},"class_list":["post-7023","page","type-page","status-publish","hentry"],"_links":{"self":[{"href":"https:\/\/pinedesign.nl\/de\/wp-json\/wp\/v2\/pages\/7023","targetHints":{"allow":["GET"]}}],"collection":[{"href":"https:\/\/pinedesign.nl\/de\/wp-json\/wp\/v2\/pages"}],"about":[{"href":"https:\/\/pinedesign.nl\/de\/wp-json\/wp\/v2\/types\/page"}],"author":[{"embeddable":true,"href":"https:\/\/pinedesign.nl\/de\/wp-json\/wp\/v2\/users\/3"}],"replies":[{"embeddable":true,"href":"https:\/\/pinedesign.nl\/de\/wp-json\/wp\/v2\/comments?post=7023"}],"version-history":[{"count":3,"href":"https:\/\/pinedesign.nl\/de\/wp-json\/wp\/v2\/pages\/7023\/revisions"}],"predecessor-version":[{"id":7026,"href":"https:\/\/pinedesign.nl\/de\/wp-json\/wp\/v2\/pages\/7023\/revisions\/7026"}],"wp:attachment":[{"href":"https:\/\/pinedesign.nl\/de\/wp-json\/wp\/v2\/media?parent=7023"}],"curies":[{"name":"wp","href":"https:\/\/api.w.org\/{rel}","templated":true}]}}